{"id":2292,"date":"2016-05-30T13:09:09","date_gmt":"2016-05-30T11:09:09","guid":{"rendered":"http:\/\/iluteeninduskool.ee\/fi\/?page_id=2292"},"modified":"2018-01-05T16:47:55","modified_gmt":"2018-01-05T14:47:55","slug":"pedikyyri","status":"publish","type":"page","link":"https:\/\/iluteeninduskool.ee\/fi\/pedikyyri\/","title":{"rendered":"Pedikyyri"},"content":{"rendered":"<p>&nbsp;<\/p>\n<p><a href=\"http:\/\/iluteeninduskool.ee\/wp-content\/uploads\/2016\/05\/Beautuy-1.jpg\"><img fetchpriority=\"high\" decoding=\"async\" class=\"alignleft size-medium wp-image-2301\" src=\"http:\/\/iluteeninduskool.ee\/wp-content\/uploads\/2016\/05\/Beautuy-1-206x300.jpg\" alt=\"Beautuy\" width=\"206\" height=\"300\" srcset=\"https:\/\/iluteeninduskool.ee\/wp-content\/uploads\/2016\/05\/Beautuy-1-206x300.jpg 206w, https:\/\/iluteeninduskool.ee\/wp-content\/uploads\/2016\/05\/Beautuy-1-185x270.jpg 185w, https:\/\/iluteeninduskool.ee\/wp-content\/uploads\/2016\/05\/Beautuy-1.jpg 309w\" sizes=\"(max-width: 206px) 100vw, 206px\" \/><\/a><\/p>\n<p>&nbsp;<\/p>\n<p>&nbsp;<\/p>\n<p>&nbsp;<\/p>\n<p>&nbsp;<\/p>\n<p>&nbsp;<\/p>\n<p>&nbsp;<\/p>\n<p>&nbsp;<\/p>\n<p>&nbsp;<\/p>\n<p><strong>Laajuus:\u00a0<\/strong>40 tuntia<\/p>\n<p><strong>Kesto:\u00a0<\/strong>6 koulutusp\u00e4iv\u00e4\u00e4<\/p>\n<p><strong>Kurssin hinta:<\/strong><\/p>\n<p>aloitussetin kanssa (j\u00e4\u00e4v\u00e4t oppilaalle) \u00a0750 euroa<\/p>\n<p><strong>Kurssin alku:<\/strong>\u00a027.01.2018 viroksi tai suomen kieli<\/p>\n<p><strong>Tapahtumapaikka:<\/strong>\u00a0Lootsi-katu 10, Tallinna ( KOCHi AIT , 100-m , D-terminalista).<\/p>\n<p><strong>Kurssin ohjelma:<\/strong><\/p>\n<p>Teoria 10 tuntia:<\/p>\n<p>Johdanto opintoihin, alaraajan luut ja nivelet, verisuonet, valtimot, jalan rakennemuutokset, jalkojen iho, ihon muutokset ja sairaudet, kynsien rakenne, kynsisairaudet, kynsien muutokset, diabeetikon jalka, pedikyyriss\u00e4 k\u00e4ytett\u00e4v\u00e4t hoitotuotteet, skalpellin k\u00e4ytt\u00f6, jalkahieronnan teoria ja k\u00e4yt\u00e4nn\u00f6n menetelm\u00e4t.<\/p>\n<p>K\u00e4yt\u00e4nn\u00f6n ty\u00f6t 30 tuntia:<\/p>\n<ul>\n<li>perinteinen pedikyyri,<\/li>\n<li>SPA-pedikyyri,<\/li>\n<li>ranskalainen pedikyyri.<\/li>\n<\/ul>\n<p>&nbsp;<\/p>\n<p><strong>Oppimistavoitteet:\u00a0<\/strong>oppilas saa kurssin aikana pedikyyrialan perustiedot.<\/p>\n<p><strong>Ty\u00f6v\u00e4lineet:<\/strong><\/p>\n<p>Aloitussetiss\u00e4 on pedikyyrin kynsileikkuri, kynsinauhapihdit, metalliraspi, raspin p\u00e4\u00e4t, skalpelli, skalpellin ter\u00e4t, spatula, metalliviila, kulmaviila.<\/p>\n<p><strong>L\u00e4p\u00e4isyvaatimukset<\/strong><br \/>\nopinto-ohjelman suoritus kokonaisuudessaan<br \/>\nteoriatentin suoritus hyv\u00e4ksytyll\u00e4 arvosanalla<br \/>\nk\u00e4yt\u00e4nn\u00f6n tentin suoritus hyv\u00e4ksytyll\u00e4 arvosanalla<\/p>\n<p><strong>My\u00f6nnett\u00e4v\u00e4t asiakirjat<\/strong><\/p>\n<p>koulun p\u00e4\u00e4tt\u00f6todistus<\/p>\n","protected":false},"excerpt":{"rendered":"<p>&nbsp; &nbsp; &nbsp; &nbsp; &nbsp; &nbsp; &nbsp; &nbsp; &nbsp; Laajuus:\u00a040 tuntia Kesto:\u00a06 koulutusp\u00e4iv\u00e4\u00e4 Kurssin hinta: aloitussetin kanssa (j\u00e4\u00e4v\u00e4t oppilaalle) \u00a0750 euroa Kurssin alku:\u00a027.01.2018 viroksi tai suomen kieli Tapahtumapaikka:\u00a0Lootsi-katu 10, Tallinna ( KOCHi AIT , 100-m , D-terminalista). Kurssin ohjelma: Teoria 10 tuntia: Johdanto opintoihin, alaraajan luut ja nivelet, verisuonet, valtimot, jalan rakennemuutokset, jalkojen iho, ihon [&hellip;]<\/p>\n","protected":false},"author":4,"featured_media":0,"parent":0,"menu_order":0,"comment_status":"closed","ping_status":"closed","template":"","meta":{"ocean_post_layout":"","ocean_both_sidebars_style":"","ocean_both_sidebars_content_width":0,"ocean_both_sidebars_sidebars_width":0,"ocean_sidebar":"0","ocean_second_sidebar":"0","ocean_disable_margins":"enable","ocean_add_body_class":"","ocean_shortcode_before_top_bar":"","ocean_shortcode_after_top_bar":"","ocean_shortcode_before_header":"","ocean_shortcode_after_header":"","ocean_has_shortcode":"","ocean_shortcode_after_title":"","ocean_shortcode_before_footer_widgets":"","ocean_shortcode_after_footer_widgets":"","ocean_shortcode_before_footer_bottom":"","ocean_shortcode_after_footer_bottom":"","ocean_display_top_bar":"default","ocean_display_header":"default","ocean_header_style":"","ocean_center_header_left_menu":"0","ocean_custom_header_template":"0","ocean_custom_logo":0,"ocean_custom_retina_logo":0,"ocean_custom_logo_max_width":0,"ocean_custom_logo_tablet_max_width":0,"ocean_custom_logo_mobile_max_width":0,"ocean_custom_logo_max_height":0,"ocean_custom_logo_tablet_max_height":0,"ocean_custom_logo_mobile_max_height":0,"ocean_header_custom_menu":"0","ocean_menu_typo_font_family":"","ocean_menu_typo_font_subset":"","ocean_menu_typo_font_size":0,"ocean_menu_typo_font_size_tablet":0,"ocean_menu_typo_font_size_mobile":0,"ocean_menu_typo_font_size_unit":"px","ocean_menu_typo_font_weight":"","ocean_menu_typo_font_weight_tablet":"","ocean_menu_typo_font_weight_mobile":"","ocean_menu_typo_transform":"","ocean_menu_typo_transform_tablet":"","ocean_menu_typo_transform_mobile":"","ocean_menu_typo_line_height":0,"ocean_menu_typo_line_height_tablet":0,"ocean_menu_typo_line_height_mobile":0,"ocean_menu_typo_line_height_unit":"","ocean_menu_typo_spacing":0,"ocean_menu_typo_spacing_tablet":0,"ocean_menu_typo_spacing_mobile":0,"ocean_menu_typo_spacing_unit":"","ocean_menu_link_color":"","ocean_menu_link_color_hover":"","ocean_menu_link_color_active":"","ocean_menu_link_background":"","ocean_menu_link_hover_background":"","ocean_menu_link_active_background":"","ocean_menu_social_links_bg":"","ocean_menu_social_hover_links_bg":"","ocean_menu_social_links_color":"","ocean_menu_social_hover_links_color":"","ocean_disable_title":"default","ocean_disable_heading":"default","ocean_post_title":"","ocean_post_subheading":"","ocean_post_title_style":"","ocean_post_title_background_color":"","ocean_post_title_background":0,"ocean_post_title_bg_image_position":"","ocean_post_title_bg_image_attachment":"","ocean_post_title_bg_image_repeat":"","ocean_post_title_bg_image_size":"","ocean_post_title_height":0,"ocean_post_title_bg_overlay":0.5,"ocean_post_title_bg_overlay_color":"","ocean_disable_breadcrumbs":"default","ocean_breadcrumbs_color":"","ocean_breadcrumbs_separator_color":"","ocean_breadcrumbs_links_color":"","ocean_breadcrumbs_links_hover_color":"","ocean_display_footer_widgets":"default","ocean_display_footer_bottom":"default","ocean_custom_footer_template":"","osh_disable_topbar_sticky":"default","osh_disable_header_sticky":"default","osh_sticky_header_style":"default","osh_sticky_header_effect":"","osh_custom_sticky_logo":0,"osh_custom_retina_sticky_logo":0,"osh_custom_sticky_logo_height":0,"osh_background_color":"","osh_links_color":"","osh_links_hover_color":"","osh_links_active_color":"","osh_links_bg_color":"","osh_links_hover_bg_color":"","osh_links_active_bg_color":"","osh_menu_social_links_color":"","osh_menu_social_hover_links_color":"","footnotes":""},"class_list":["post-2292","page","type-page","status-publish","hentry","entry","owp-thumbs-layout-horizontal","owp-btn-normal","owp-tabs-layout-horizontal","has-no-thumbnails","circle-sale"],"yoast_head":"<!-- This site is optimized with the Yoast SEO plugin v27.2 - https:\/\/yoast.com\/product\/yoast-seo-wordpress\/ -->\n<title>Pedikyyri - Iluteeninduskoolide kursused<\/title>\n<meta name=\"robots\" content=\"index, follow, max-snippet:-1, max-image-preview:large, max-video-preview:-1\" \/>\n<link rel=\"canonical\" href=\"https:\/\/iluteeninduskool.ee\/fi\/pedikyyri\/\" \/>\n<meta property=\"og:locale\" content=\"fi_FI\" \/>\n<meta property=\"og:type\" content=\"article\" \/>\n<meta property=\"og:title\" content=\"Pedikyyri - Iluteeninduskoolide kursused\" \/>\n<meta property=\"og:description\" content=\"&nbsp; &nbsp; &nbsp; &nbsp; &nbsp; &nbsp; &nbsp; &nbsp; &nbsp; Laajuus:\u00a040 tuntia Kesto:\u00a06 koulutusp\u00e4iv\u00e4\u00e4 Kurssin hinta: aloitussetin kanssa (j\u00e4\u00e4v\u00e4t oppilaalle) \u00a0750 euroa Kurssin alku:\u00a027.01.2018 viroksi tai suomen kieli Tapahtumapaikka:\u00a0Lootsi-katu 10, Tallinna ( KOCHi AIT , 100-m , D-terminalista). Kurssin ohjelma: Teoria 10 tuntia: Johdanto opintoihin, alaraajan luut ja nivelet, verisuonet, valtimot, jalan rakennemuutokset, jalkojen iho, ihon [&hellip;]\" \/>\n<meta property=\"og:url\" content=\"https:\/\/iluteeninduskool.ee\/fi\/pedikyyri\/\" \/>\n<meta property=\"og:site_name\" content=\"Iluteeninduskoolide kursused\" \/>\n<meta property=\"article:modified_time\" content=\"2018-01-05T14:47:55+00:00\" \/>\n<meta property=\"og:image\" content=\"http:\/\/iluteeninduskool.ee\/wp-content\/uploads\/2016\/05\/Beautuy-1-206x300.jpg\" \/>\n<meta name=\"twitter:label1\" content=\"Arvioitu lukuaika\" \/>\n\t<meta name=\"twitter:data1\" content=\"1 minuutti\" \/>\n<script type=\"application\/ld+json\" class=\"yoast-schema-graph\">{\"@context\":\"https:\/\/schema.org\",\"@graph\":[{\"@type\":\"WebPage\",\"@id\":\"https:\/\/iluteeninduskool.ee\/fi\/pedikyyri\/\",\"url\":\"https:\/\/iluteeninduskool.ee\/fi\/pedikyyri\/\",\"name\":\"Pedikyyri - Iluteeninduskoolide kursused\",\"isPartOf\":{\"@id\":\"https:\/\/iluteeninduskool.ee\/#website\"},\"primaryImageOfPage\":{\"@id\":\"https:\/\/iluteeninduskool.ee\/fi\/pedikyyri\/#primaryimage\"},\"image\":{\"@id\":\"https:\/\/iluteeninduskool.ee\/fi\/pedikyyri\/#primaryimage\"},\"thumbnailUrl\":\"http:\/\/iluteeninduskool.ee\/wp-content\/uploads\/2016\/05\/Beautuy-1-206x300.jpg\",\"datePublished\":\"2016-05-30T11:09:09+00:00\",\"dateModified\":\"2018-01-05T14:47:55+00:00\",\"inLanguage\":\"fi\",\"potentialAction\":[{\"@type\":\"ReadAction\",\"target\":[\"https:\/\/iluteeninduskool.ee\/fi\/pedikyyri\/\"]}]},{\"@type\":\"ImageObject\",\"inLanguage\":\"fi\",\"@id\":\"https:\/\/iluteeninduskool.ee\/fi\/pedikyyri\/#primaryimage\",\"url\":\"http:\/\/iluteeninduskool.ee\/wp-content\/uploads\/2016\/05\/Beautuy-1-206x300.jpg\",\"contentUrl\":\"http:\/\/iluteeninduskool.ee\/wp-content\/uploads\/2016\/05\/Beautuy-1-206x300.jpg\"},{\"@type\":\"WebSite\",\"@id\":\"https:\/\/iluteeninduskool.ee\/#website\",\"url\":\"https:\/\/iluteeninduskool.ee\/\",\"name\":\"Iluteeninduskoolide kursused\",\"description\":\"K\u00f5ik iluteenustega seotud kursused \u00fchest kohast\",\"publisher\":{\"@id\":\"https:\/\/iluteeninduskool.ee\/#organization\"},\"potentialAction\":[{\"@type\":\"SearchAction\",\"target\":{\"@type\":\"EntryPoint\",\"urlTemplate\":\"https:\/\/iluteeninduskool.ee\/?s={search_term_string}\"},\"query-input\":{\"@type\":\"PropertyValueSpecification\",\"valueRequired\":true,\"valueName\":\"search_term_string\"}}],\"inLanguage\":\"fi\"},{\"@type\":\"Organization\",\"@id\":\"https:\/\/iluteeninduskool.ee\/#organization\",\"name\":\"Iluteeninduskoolide kursused\",\"url\":\"https:\/\/iluteeninduskool.ee\/\",\"logo\":{\"@type\":\"ImageObject\",\"inLanguage\":\"fi\",\"@id\":\"https:\/\/iluteeninduskool.ee\/#\/schema\/logo\/image\/\",\"url\":\"https:\/\/iluteeninduskool.ee\/wp-content\/uploads\/2013\/03\/logo11.png\",\"contentUrl\":\"https:\/\/iluteeninduskool.ee\/wp-content\/uploads\/2013\/03\/logo11.png\",\"width\":225,\"height\":110,\"caption\":\"Iluteeninduskoolide kursused\"},\"image\":{\"@id\":\"https:\/\/iluteeninduskool.ee\/#\/schema\/logo\/image\/\"}}]}<\/script>\n<!-- \/ Yoast SEO plugin. -->","yoast_head_json":{"title":"Pedikyyri - Iluteeninduskoolide kursused","robots":{"index":"index","follow":"follow","max-snippet":"max-snippet:-1","max-image-preview":"max-image-preview:large","max-video-preview":"max-video-preview:-1"},"canonical":"https:\/\/iluteeninduskool.ee\/fi\/pedikyyri\/","og_locale":"fi_FI","og_type":"article","og_title":"Pedikyyri - Iluteeninduskoolide kursused","og_description":"&nbsp; &nbsp; &nbsp; &nbsp; &nbsp; &nbsp; &nbsp; &nbsp; &nbsp; Laajuus:\u00a040 tuntia Kesto:\u00a06 koulutusp\u00e4iv\u00e4\u00e4 Kurssin hinta: aloitussetin kanssa (j\u00e4\u00e4v\u00e4t oppilaalle) \u00a0750 euroa Kurssin alku:\u00a027.01.2018 viroksi tai suomen kieli Tapahtumapaikka:\u00a0Lootsi-katu 10, Tallinna ( KOCHi AIT , 100-m , D-terminalista). Kurssin ohjelma: Teoria 10 tuntia: Johdanto opintoihin, alaraajan luut ja nivelet, verisuonet, valtimot, jalan rakennemuutokset, jalkojen iho, ihon [&hellip;]","og_url":"https:\/\/iluteeninduskool.ee\/fi\/pedikyyri\/","og_site_name":"Iluteeninduskoolide kursused","article_modified_time":"2018-01-05T14:47:55+00:00","og_image":[{"url":"http:\/\/iluteeninduskool.ee\/wp-content\/uploads\/2016\/05\/Beautuy-1-206x300.jpg","type":"","width":"","height":""}],"twitter_misc":{"Arvioitu lukuaika":"1 minuutti"},"schema":{"@context":"https:\/\/schema.org","@graph":[{"@type":"WebPage","@id":"https:\/\/iluteeninduskool.ee\/fi\/pedikyyri\/","url":"https:\/\/iluteeninduskool.ee\/fi\/pedikyyri\/","name":"Pedikyyri - Iluteeninduskoolide kursused","isPartOf":{"@id":"https:\/\/iluteeninduskool.ee\/#website"},"primaryImageOfPage":{"@id":"https:\/\/iluteeninduskool.ee\/fi\/pedikyyri\/#primaryimage"},"image":{"@id":"https:\/\/iluteeninduskool.ee\/fi\/pedikyyri\/#primaryimage"},"thumbnailUrl":"http:\/\/iluteeninduskool.ee\/wp-content\/uploads\/2016\/05\/Beautuy-1-206x300.jpg","datePublished":"2016-05-30T11:09:09+00:00","dateModified":"2018-01-05T14:47:55+00:00","inLanguage":"fi","potentialAction":[{"@type":"ReadAction","target":["https:\/\/iluteeninduskool.ee\/fi\/pedikyyri\/"]}]},{"@type":"ImageObject","inLanguage":"fi","@id":"https:\/\/iluteeninduskool.ee\/fi\/pedikyyri\/#primaryimage","url":"http:\/\/iluteeninduskool.ee\/wp-content\/uploads\/2016\/05\/Beautuy-1-206x300.jpg","contentUrl":"http:\/\/iluteeninduskool.ee\/wp-content\/uploads\/2016\/05\/Beautuy-1-206x300.jpg"},{"@type":"WebSite","@id":"https:\/\/iluteeninduskool.ee\/#website","url":"https:\/\/iluteeninduskool.ee\/","name":"Iluteeninduskoolide kursused","description":"K\u00f5ik iluteenustega seotud kursused \u00fchest kohast","publisher":{"@id":"https:\/\/iluteeninduskool.ee\/#organization"},"potentialAction":[{"@type":"SearchAction","target":{"@type":"EntryPoint","urlTemplate":"https:\/\/iluteeninduskool.ee\/?s={search_term_string}"},"query-input":{"@type":"PropertyValueSpecification","valueRequired":true,"valueName":"search_term_string"}}],"inLanguage":"fi"},{"@type":"Organization","@id":"https:\/\/iluteeninduskool.ee\/#organization","name":"Iluteeninduskoolide kursused","url":"https:\/\/iluteeninduskool.ee\/","logo":{"@type":"ImageObject","inLanguage":"fi","@id":"https:\/\/iluteeninduskool.ee\/#\/schema\/logo\/image\/","url":"https:\/\/iluteeninduskool.ee\/wp-content\/uploads\/2013\/03\/logo11.png","contentUrl":"https:\/\/iluteeninduskool.ee\/wp-content\/uploads\/2013\/03\/logo11.png","width":225,"height":110,"caption":"Iluteeninduskoolide kursused"},"image":{"@id":"https:\/\/iluteeninduskool.ee\/#\/schema\/logo\/image\/"}}]}},"_links":{"self":[{"href":"https:\/\/iluteeninduskool.ee\/fi\/wp-json\/wp\/v2\/pages\/2292","targetHints":{"allow":["GET"]}}],"collection":[{"href":"https:\/\/iluteeninduskool.ee\/fi\/wp-json\/wp\/v2\/pages"}],"about":[{"href":"https:\/\/iluteeninduskool.ee\/fi\/wp-json\/wp\/v2\/types\/page"}],"author":[{"embeddable":true,"href":"https:\/\/iluteeninduskool.ee\/fi\/wp-json\/wp\/v2\/users\/4"}],"replies":[{"embeddable":true,"href":"https:\/\/iluteeninduskool.ee\/fi\/wp-json\/wp\/v2\/comments?post=2292"}],"version-history":[{"count":4,"href":"https:\/\/iluteeninduskool.ee\/fi\/wp-json\/wp\/v2\/pages\/2292\/revisions"}],"predecessor-version":[{"id":4730,"href":"https:\/\/iluteeninduskool.ee\/fi\/wp-json\/wp\/v2\/pages\/2292\/revisions\/4730"}],"wp:attachment":[{"href":"https:\/\/iluteeninduskool.ee\/fi\/wp-json\/wp\/v2\/media?parent=2292"}],"curies":[{"name":"wp","href":"https:\/\/api.w.org\/{rel}","templated":true}]}}