{"id":2305,"date":"2016-05-30T13:28:14","date_gmt":"2016-05-30T11:28:14","guid":{"rendered":"http:\/\/iluteeninduskool.ee\/fi\/?page_id=2305"},"modified":"2018-01-05T16:46:01","modified_gmt":"2018-01-05T14:46:01","slug":"2305-2","status":"publish","type":"page","link":"https:\/\/iluteeninduskool.ee\/fi\/2305-2\/","title":{"rendered":"Kampaaja"},"content":{"rendered":"<p>&nbsp;<\/p>\n<p><a href=\"http:\/\/iluteeninduskool.ee\/wp-content\/uploads\/2015\/04\/2757.jpg\"><img fetchpriority=\"high\" decoding=\"async\" class=\"alignleft size-medium wp-image-1612\" src=\"http:\/\/iluteeninduskool.ee\/wp-content\/uploads\/2015\/04\/2757-200x300.jpg\" alt=\"2757\" width=\"200\" height=\"300\" srcset=\"https:\/\/iluteeninduskool.ee\/wp-content\/uploads\/2015\/04\/2757-200x300.jpg 200w, https:\/\/iluteeninduskool.ee\/wp-content\/uploads\/2015\/04\/2757-683x1024.jpg 683w, https:\/\/iluteeninduskool.ee\/wp-content\/uploads\/2015\/04\/2757-768x1152.jpg 768w, https:\/\/iluteeninduskool.ee\/wp-content\/uploads\/2015\/04\/2757-180x270.jpg 180w, https:\/\/iluteeninduskool.ee\/wp-content\/uploads\/2015\/04\/2757-scaled.jpg 1707w\" sizes=\"(max-width: 200px) 100vw, 200px\" \/><\/a><\/p>\n<p>&nbsp;<\/p>\n<p>&nbsp;<\/p>\n<p>&nbsp;<\/p>\n<p>&nbsp;<\/p>\n<p>&nbsp;<\/p>\n<p>&nbsp;<\/p>\n<p>&nbsp;<\/p>\n<p>&nbsp;<\/p>\n<p><strong>Laajuus:\u00a0<\/strong>\u00a01600 \u00a0tuntia\u00a0<strong>( viikoloppun kurssi)<\/strong><\/p>\n<p>Et\u00e4opiskelu ja opiskelu ilta-aikaan 600 paikalla tapahtuvaa tuntia (itsen\u00e4inen ty\u00f6 1000 tuntia)<\/p>\n<p>12 kuukautta kest\u00e4v\u00e4n kurssin hinta: 2500 \u20ac ( 105\u20ac kuu)<\/p>\n<p>17 kuukautta kest\u00e4v\u00e4n kurssin hinta: 2500\u20ac ( 147 eur kuu)<\/p>\n<p><strong>Kurssin alku 27.01.2018 ( viikoloppun kurssi)<\/strong><\/p>\n<p><strong>\u00a0Tapahtumapaikka:<\/strong>\u00a0 Lootsi-katu 10 II kerros, Sadama-katu 6 Tallinna\u00a0<strong>Viro \u00a0( Kochi Aidad, D-terminali l\u00e4hella).<\/strong><\/p>\n<p>Et\u00e4opintojen alku 27.01.2018<\/p>\n<h3><\/h3>\n<h3>\u00a0Kurssin sis\u00e4lt\u00f6:<\/h3>\n<p>Johdanto opintoihin, talousoppi, ty\u00f6lains\u00e4\u00e4d\u00e4nn\u00f6n perusteet, ty\u00f6ymp\u00e4rist\u00f6turvallisuuden perusteet, asiakaspalvelu, tietokoneen k\u00e4yt\u00f6n ja asiainhoidon perusteet, ihosairaudet, kampaajan erikoisalan englannin kieli, kaupaustaito ja muotoilu, hiustenhoito, rakenteen muotoilu, v\u00e4rj\u00e4\u00e4minen, hiusten leikkaaminen, parran ja viiksien muotoilu, kaupausten mallinnus. Halukkaat voivat lis\u00e4ksi oppia perusohjelman ulkopuolella ripsien ja kulmien v\u00e4rj\u00e4yst\u00e4 sek\u00e4 kulmien mallinnusta, tuote-esittelyt-koulutukset. Teoreettisia tietoja ja k\u00e4ynt\u00e4nn\u00f6n taitoja vahvistava k\u00e4ynt\u00e4nn\u00f6n harjoittelu tapahtuu koulun nykyaikasessa koulutussalongissa.<\/p>\n<p>&nbsp;<\/p>\n<p><strong>Oppimistavoitteet:<\/strong><strong>\u00a0<\/strong>kurssin j\u00e4lkeen oppilas osaa ja tuntee kampaajan ty\u00f6ss\u00e4 tarvittavat teoreettiset tiedot ja k\u00e4yt\u00e4nn\u00f6n tiedot hiusten leikkaamisesta, kampaustaidosta, hiustenhoidosta, rakenteen muotoilusta ja v\u00e4rj\u00e4\u00e4misest\u00e4.<\/p>\n<p>&nbsp;<\/p>\n<h3><\/h3>\n<p><strong>HUOM! Kaikki ne, jotka solmivat aikav\u00e4lill\u00e4 \u00a001.06.2016- 08.10.2016 kosmetologin tai kampaajan kurssin opintosopimuksen, saavat ensimm\u00e4iset ty\u00f6v\u00e4lineet ilmaiseksi (mahdollinen arvo jopa 460 eur).<\/strong><\/p>\n<p>&nbsp;<\/p>\n<p><strong>L\u00e4p\u00e4isyvaatimukset<\/strong><br \/>\nopinto-ohjelman suoritus kokonaisuudessaan<br \/>\nteoriatentin suoritus hyvksytyll\u00e4 arvosanalla<br \/>\nk\u00e4nt\u00e4nn\u00f6n tentin suoritus hyv\u00e4ksytyll\u00e4 arvosanalla<\/p>\n<p><strong>My\u00f6nnett\u00e4v\u00e4t asiakirjat<\/strong><\/p>\n<p>koulun p\u00e4\u00e4tt\u00f6todistus<\/p>\n","protected":false},"excerpt":{"rendered":"<p>&nbsp; &nbsp; &nbsp; &nbsp; &nbsp; &nbsp; &nbsp; &nbsp; &nbsp; Laajuus:\u00a0\u00a01600 \u00a0tuntia\u00a0( viikoloppun kurssi) Et\u00e4opiskelu ja opiskelu ilta-aikaan 600 paikalla tapahtuvaa tuntia (itsen\u00e4inen ty\u00f6 1000 tuntia) 12 kuukautta kest\u00e4v\u00e4n kurssin hinta: 2500 \u20ac ( 105\u20ac kuu) 17 kuukautta kest\u00e4v\u00e4n kurssin hinta: 2500\u20ac ( 147 eur kuu) Kurssin alku 27.01.2018 ( viikoloppun kurssi) \u00a0Tapahtumapaikka:\u00a0 Lootsi-katu 10 II [&hellip;]<\/p>\n","protected":false},"author":4,"featured_media":0,"parent":0,"menu_order":0,"comment_status":"closed","ping_status":"closed","template":"","meta":{"ocean_post_layout":"","ocean_both_sidebars_style":"","ocean_both_sidebars_content_width":0,"ocean_both_sidebars_sidebars_width":0,"ocean_sidebar":"0","ocean_second_sidebar":"0","ocean_disable_margins":"enable","ocean_add_body_class":"","ocean_shortcode_before_top_bar":"","ocean_shortcode_after_top_bar":"","ocean_shortcode_before_header":"","ocean_shortcode_after_header":"","ocean_has_shortcode":"","ocean_shortcode_after_title":"","ocean_shortcode_before_footer_widgets":"","ocean_shortcode_after_footer_widgets":"","ocean_shortcode_before_footer_bottom":"","ocean_shortcode_after_footer_bottom":"","ocean_display_top_bar":"default","ocean_display_header":"default","ocean_header_style":"","ocean_center_header_left_menu":"0","ocean_custom_header_template":"0","ocean_custom_logo":0,"ocean_custom_retina_logo":0,"ocean_custom_logo_max_width":0,"ocean_custom_logo_tablet_max_width":0,"ocean_custom_logo_mobile_max_width":0,"ocean_custom_logo_max_height":0,"ocean_custom_logo_tablet_max_height":0,"ocean_custom_logo_mobile_max_height":0,"ocean_header_custom_menu":"0","ocean_menu_typo_font_family":"","ocean_menu_typo_font_subset":"","ocean_menu_typo_font_size":0,"ocean_menu_typo_font_size_tablet":0,"ocean_menu_typo_font_size_mobile":0,"ocean_menu_typo_font_size_unit":"px","ocean_menu_typo_font_weight":"","ocean_menu_typo_font_weight_tablet":"","ocean_menu_typo_font_weight_mobile":"","ocean_menu_typo_transform":"","ocean_menu_typo_transform_tablet":"","ocean_menu_typo_transform_mobile":"","ocean_menu_typo_line_height":0,"ocean_menu_typo_line_height_tablet":0,"ocean_menu_typo_line_height_mobile":0,"ocean_menu_typo_line_height_unit":"","ocean_menu_typo_spacing":0,"ocean_menu_typo_spacing_tablet":0,"ocean_menu_typo_spacing_mobile":0,"ocean_menu_typo_spacing_unit":"","ocean_menu_link_color":"","ocean_menu_link_color_hover":"","ocean_menu_link_color_active":"","ocean_menu_link_background":"","ocean_menu_link_hover_background":"","ocean_menu_link_active_background":"","ocean_menu_social_links_bg":"","ocean_menu_social_hover_links_bg":"","ocean_menu_social_links_color":"","ocean_menu_social_hover_links_color":"","ocean_disable_title":"default","ocean_disable_heading":"default","ocean_post_title":"","ocean_post_subheading":"","ocean_post_title_style":"","ocean_post_title_background_color":"","ocean_post_title_background":0,"ocean_post_title_bg_image_position":"","ocean_post_title_bg_image_attachment":"","ocean_post_title_bg_image_repeat":"","ocean_post_title_bg_image_size":"","ocean_post_title_height":0,"ocean_post_title_bg_overlay":0.5,"ocean_post_title_bg_overlay_color":"","ocean_disable_breadcrumbs":"default","ocean_breadcrumbs_color":"","ocean_breadcrumbs_separator_color":"","ocean_breadcrumbs_links_color":"","ocean_breadcrumbs_links_hover_color":"","ocean_display_footer_widgets":"default","ocean_display_footer_bottom":"default","ocean_custom_footer_template":"","osh_disable_topbar_sticky":"default","osh_disable_header_sticky":"default","osh_sticky_header_style":"default","osh_sticky_header_effect":"","osh_custom_sticky_logo":0,"osh_custom_retina_sticky_logo":0,"osh_custom_sticky_logo_height":0,"osh_background_color":"","osh_links_color":"","osh_links_hover_color":"","osh_links_active_color":"","osh_links_bg_color":"","osh_links_hover_bg_color":"","osh_links_active_bg_color":"","osh_menu_social_links_color":"","osh_menu_social_hover_links_color":"","footnotes":""},"class_list":["post-2305","page","type-page","status-publish","hentry","entry","owp-thumbs-layout-horizontal","owp-btn-normal","owp-tabs-layout-horizontal","has-no-thumbnails","circle-sale"],"yoast_head":"<!-- This site is optimized with the Yoast SEO plugin v27.2 - https:\/\/yoast.com\/product\/yoast-seo-wordpress\/ -->\n<title>Kampaaja - Iluteeninduskoolide kursused<\/title>\n<meta name=\"robots\" content=\"index, follow, max-snippet:-1, max-image-preview:large, max-video-preview:-1\" \/>\n<link rel=\"canonical\" href=\"https:\/\/iluteeninduskool.ee\/fi\/2305-2\/\" \/>\n<meta property=\"og:locale\" content=\"fi_FI\" \/>\n<meta property=\"og:type\" content=\"article\" \/>\n<meta property=\"og:title\" content=\"Kampaaja - Iluteeninduskoolide kursused\" \/>\n<meta property=\"og:description\" content=\"&nbsp; &nbsp; &nbsp; &nbsp; &nbsp; &nbsp; &nbsp; &nbsp; &nbsp; Laajuus:\u00a0\u00a01600 \u00a0tuntia\u00a0( viikoloppun kurssi) Et\u00e4opiskelu ja opiskelu ilta-aikaan 600 paikalla tapahtuvaa tuntia (itsen\u00e4inen ty\u00f6 1000 tuntia) 12 kuukautta kest\u00e4v\u00e4n kurssin hinta: 2500 \u20ac ( 105\u20ac kuu) 17 kuukautta kest\u00e4v\u00e4n kurssin hinta: 2500\u20ac ( 147 eur kuu) Kurssin alku 27.01.2018 ( viikoloppun kurssi) \u00a0Tapahtumapaikka:\u00a0 Lootsi-katu 10 II [&hellip;]\" \/>\n<meta property=\"og:url\" content=\"https:\/\/iluteeninduskool.ee\/fi\/2305-2\/\" \/>\n<meta property=\"og:site_name\" content=\"Iluteeninduskoolide kursused\" \/>\n<meta property=\"article:modified_time\" content=\"2018-01-05T14:46:01+00:00\" \/>\n<meta property=\"og:image\" content=\"http:\/\/iluteeninduskool.ee\/wp-content\/uploads\/2015\/04\/2757-200x300.jpg\" \/>\n<meta name=\"twitter:label1\" content=\"Arvioitu lukuaika\" \/>\n\t<meta name=\"twitter:data1\" content=\"1 minuutti\" \/>\n<script type=\"application\/ld+json\" class=\"yoast-schema-graph\">{\"@context\":\"https:\/\/schema.org\",\"@graph\":[{\"@type\":\"WebPage\",\"@id\":\"https:\/\/iluteeninduskool.ee\/fi\/2305-2\/\",\"url\":\"https:\/\/iluteeninduskool.ee\/fi\/2305-2\/\",\"name\":\"Kampaaja - Iluteeninduskoolide kursused\",\"isPartOf\":{\"@id\":\"https:\/\/iluteeninduskool.ee\/#website\"},\"primaryImageOfPage\":{\"@id\":\"https:\/\/iluteeninduskool.ee\/fi\/2305-2\/#primaryimage\"},\"image\":{\"@id\":\"https:\/\/iluteeninduskool.ee\/fi\/2305-2\/#primaryimage\"},\"thumbnailUrl\":\"http:\/\/iluteeninduskool.ee\/wp-content\/uploads\/2015\/04\/2757-200x300.jpg\",\"datePublished\":\"2016-05-30T11:28:14+00:00\",\"dateModified\":\"2018-01-05T14:46:01+00:00\",\"inLanguage\":\"fi\",\"potentialAction\":[{\"@type\":\"ReadAction\",\"target\":[\"https:\/\/iluteeninduskool.ee\/fi\/2305-2\/\"]}]},{\"@type\":\"ImageObject\",\"inLanguage\":\"fi\",\"@id\":\"https:\/\/iluteeninduskool.ee\/fi\/2305-2\/#primaryimage\",\"url\":\"http:\/\/iluteeninduskool.ee\/wp-content\/uploads\/2015\/04\/2757-200x300.jpg\",\"contentUrl\":\"http:\/\/iluteeninduskool.ee\/wp-content\/uploads\/2015\/04\/2757-200x300.jpg\"},{\"@type\":\"WebSite\",\"@id\":\"https:\/\/iluteeninduskool.ee\/#website\",\"url\":\"https:\/\/iluteeninduskool.ee\/\",\"name\":\"Iluteeninduskoolide kursused\",\"description\":\"K\u00f5ik iluteenustega seotud kursused \u00fchest kohast\",\"publisher\":{\"@id\":\"https:\/\/iluteeninduskool.ee\/#organization\"},\"potentialAction\":[{\"@type\":\"SearchAction\",\"target\":{\"@type\":\"EntryPoint\",\"urlTemplate\":\"https:\/\/iluteeninduskool.ee\/?s={search_term_string}\"},\"query-input\":{\"@type\":\"PropertyValueSpecification\",\"valueRequired\":true,\"valueName\":\"search_term_string\"}}],\"inLanguage\":\"fi\"},{\"@type\":\"Organization\",\"@id\":\"https:\/\/iluteeninduskool.ee\/#organization\",\"name\":\"Iluteeninduskoolide kursused\",\"url\":\"https:\/\/iluteeninduskool.ee\/\",\"logo\":{\"@type\":\"ImageObject\",\"inLanguage\":\"fi\",\"@id\":\"https:\/\/iluteeninduskool.ee\/#\/schema\/logo\/image\/\",\"url\":\"https:\/\/iluteeninduskool.ee\/wp-content\/uploads\/2013\/03\/logo11.png\",\"contentUrl\":\"https:\/\/iluteeninduskool.ee\/wp-content\/uploads\/2013\/03\/logo11.png\",\"width\":225,\"height\":110,\"caption\":\"Iluteeninduskoolide kursused\"},\"image\":{\"@id\":\"https:\/\/iluteeninduskool.ee\/#\/schema\/logo\/image\/\"}}]}<\/script>\n<!-- \/ Yoast SEO plugin. -->","yoast_head_json":{"title":"Kampaaja - Iluteeninduskoolide kursused","robots":{"index":"index","follow":"follow","max-snippet":"max-snippet:-1","max-image-preview":"max-image-preview:large","max-video-preview":"max-video-preview:-1"},"canonical":"https:\/\/iluteeninduskool.ee\/fi\/2305-2\/","og_locale":"fi_FI","og_type":"article","og_title":"Kampaaja - Iluteeninduskoolide kursused","og_description":"&nbsp; &nbsp; &nbsp; &nbsp; &nbsp; &nbsp; &nbsp; &nbsp; &nbsp; Laajuus:\u00a0\u00a01600 \u00a0tuntia\u00a0( viikoloppun kurssi) Et\u00e4opiskelu ja opiskelu ilta-aikaan 600 paikalla tapahtuvaa tuntia (itsen\u00e4inen ty\u00f6 1000 tuntia) 12 kuukautta kest\u00e4v\u00e4n kurssin hinta: 2500 \u20ac ( 105\u20ac kuu) 17 kuukautta kest\u00e4v\u00e4n kurssin hinta: 2500\u20ac ( 147 eur kuu) Kurssin alku 27.01.2018 ( viikoloppun kurssi) \u00a0Tapahtumapaikka:\u00a0 Lootsi-katu 10 II [&hellip;]","og_url":"https:\/\/iluteeninduskool.ee\/fi\/2305-2\/","og_site_name":"Iluteeninduskoolide kursused","article_modified_time":"2018-01-05T14:46:01+00:00","og_image":[{"url":"http:\/\/iluteeninduskool.ee\/wp-content\/uploads\/2015\/04\/2757-200x300.jpg","type":"","width":"","height":""}],"twitter_misc":{"Arvioitu lukuaika":"1 minuutti"},"schema":{"@context":"https:\/\/schema.org","@graph":[{"@type":"WebPage","@id":"https:\/\/iluteeninduskool.ee\/fi\/2305-2\/","url":"https:\/\/iluteeninduskool.ee\/fi\/2305-2\/","name":"Kampaaja - Iluteeninduskoolide kursused","isPartOf":{"@id":"https:\/\/iluteeninduskool.ee\/#website"},"primaryImageOfPage":{"@id":"https:\/\/iluteeninduskool.ee\/fi\/2305-2\/#primaryimage"},"image":{"@id":"https:\/\/iluteeninduskool.ee\/fi\/2305-2\/#primaryimage"},"thumbnailUrl":"http:\/\/iluteeninduskool.ee\/wp-content\/uploads\/2015\/04\/2757-200x300.jpg","datePublished":"2016-05-30T11:28:14+00:00","dateModified":"2018-01-05T14:46:01+00:00","inLanguage":"fi","potentialAction":[{"@type":"ReadAction","target":["https:\/\/iluteeninduskool.ee\/fi\/2305-2\/"]}]},{"@type":"ImageObject","inLanguage":"fi","@id":"https:\/\/iluteeninduskool.ee\/fi\/2305-2\/#primaryimage","url":"http:\/\/iluteeninduskool.ee\/wp-content\/uploads\/2015\/04\/2757-200x300.jpg","contentUrl":"http:\/\/iluteeninduskool.ee\/wp-content\/uploads\/2015\/04\/2757-200x300.jpg"},{"@type":"WebSite","@id":"https:\/\/iluteeninduskool.ee\/#website","url":"https:\/\/iluteeninduskool.ee\/","name":"Iluteeninduskoolide kursused","description":"K\u00f5ik iluteenustega seotud kursused \u00fchest kohast","publisher":{"@id":"https:\/\/iluteeninduskool.ee\/#organization"},"potentialAction":[{"@type":"SearchAction","target":{"@type":"EntryPoint","urlTemplate":"https:\/\/iluteeninduskool.ee\/?s={search_term_string}"},"query-input":{"@type":"PropertyValueSpecification","valueRequired":true,"valueName":"search_term_string"}}],"inLanguage":"fi"},{"@type":"Organization","@id":"https:\/\/iluteeninduskool.ee\/#organization","name":"Iluteeninduskoolide kursused","url":"https:\/\/iluteeninduskool.ee\/","logo":{"@type":"ImageObject","inLanguage":"fi","@id":"https:\/\/iluteeninduskool.ee\/#\/schema\/logo\/image\/","url":"https:\/\/iluteeninduskool.ee\/wp-content\/uploads\/2013\/03\/logo11.png","contentUrl":"https:\/\/iluteeninduskool.ee\/wp-content\/uploads\/2013\/03\/logo11.png","width":225,"height":110,"caption":"Iluteeninduskoolide kursused"},"image":{"@id":"https:\/\/iluteeninduskool.ee\/#\/schema\/logo\/image\/"}}]}},"_links":{"self":[{"href":"https:\/\/iluteeninduskool.ee\/fi\/wp-json\/wp\/v2\/pages\/2305","targetHints":{"allow":["GET"]}}],"collection":[{"href":"https:\/\/iluteeninduskool.ee\/fi\/wp-json\/wp\/v2\/pages"}],"about":[{"href":"https:\/\/iluteeninduskool.ee\/fi\/wp-json\/wp\/v2\/types\/page"}],"author":[{"embeddable":true,"href":"https:\/\/iluteeninduskool.ee\/fi\/wp-json\/wp\/v2\/users\/4"}],"replies":[{"embeddable":true,"href":"https:\/\/iluteeninduskool.ee\/fi\/wp-json\/wp\/v2\/comments?post=2305"}],"version-history":[{"count":3,"href":"https:\/\/iluteeninduskool.ee\/fi\/wp-json\/wp\/v2\/pages\/2305\/revisions"}],"predecessor-version":[{"id":4727,"href":"https:\/\/iluteeninduskool.ee\/fi\/wp-json\/wp\/v2\/pages\/2305\/revisions\/4727"}],"wp:attachment":[{"href":"https:\/\/iluteeninduskool.ee\/fi\/wp-json\/wp\/v2\/media?parent=2305"}],"curies":[{"name":"wp","href":"https:\/\/api.w.org\/{rel}","templated":true}]}}