{"id":2308,"date":"2016-05-30T13:31:12","date_gmt":"2016-05-30T11:31:12","guid":{"rendered":"http:\/\/iluteeninduskool.ee\/fi\/?page_id=2308"},"modified":"2018-01-05T16:45:07","modified_gmt":"2018-01-05T14:45:07","slug":"kosmetologi","status":"publish","type":"page","link":"https:\/\/iluteeninduskool.ee\/fi\/kosmetologi\/","title":{"rendered":"Kosmetologi"},"content":{"rendered":"<p><a href=\"http:\/\/iluteeninduskool.ee\/wp-content\/uploads\/2013\/03\/IMG_0203-2.jpg\"><img fetchpriority=\"high\" decoding=\"async\" class=\"alignleft size-medium wp-image-2096\" src=\"http:\/\/iluteeninduskool.ee\/wp-content\/uploads\/2013\/03\/IMG_0203-2-225x300.jpg\" alt=\"IMG_0203 (2)\" width=\"225\" height=\"300\" srcset=\"https:\/\/iluteeninduskool.ee\/wp-content\/uploads\/2013\/03\/IMG_0203-2-225x300.jpg 225w, https:\/\/iluteeninduskool.ee\/wp-content\/uploads\/2013\/03\/IMG_0203-2-768x1024.jpg 768w, https:\/\/iluteeninduskool.ee\/wp-content\/uploads\/2013\/03\/IMG_0203-2-203x270.jpg 203w, https:\/\/iluteeninduskool.ee\/wp-content\/uploads\/2013\/03\/IMG_0203-2-scaled.jpg 1920w\" sizes=\"(max-width: 225px) 100vw, 225px\" \/><\/a><\/p>\n<p>&nbsp;<\/p>\n<p>&nbsp;<\/p>\n<p>&nbsp;<\/p>\n<p>&nbsp;<\/p>\n<p>&nbsp;<\/p>\n<p>&nbsp;<\/p>\n<p>&nbsp;<\/p>\n<p>&nbsp;<\/p>\n<p><strong>Laajuus:\u00a0<\/strong>\u00a01600 \u00a0tuntia\u00a0<strong>( viikoloppun kurssi)<\/strong><\/p>\n<p>Et\u00e4opiskelu ja opiskelu ilta-aikaan 600 paikalla tapahtuvaa tuntia (itsen\u00e4inen ty\u00f6 1000 tuntia)<\/p>\n<p>12 kuukautta kest\u00e4v\u00e4n kurssin hinta: 2500 \u20ac ( 105\u20ac kuu)<\/p>\n<p>17 kuukautta kest\u00e4v\u00e4n kurssin hinta: 2500\u20ac ( 147 eur kuu)<\/p>\n<p><strong>Kurssin alku 27.01.2018 ( viikoloppun kurssi)<\/strong><\/p>\n<p><strong>\u00a0Tapahtumapaikka:<\/strong>\u00a0 Lootsi-katu 10 II kerros, Sadama-katu 6 Tallinna\u00a0<strong>Viro \u00a0( Kochi Aidad, D-terminali l\u00e4hella).<\/strong><\/p>\n<p>Et\u00e4opintojen alku 27.01.2018<\/p>\n<h3>Kurssin sis\u00e4lt\u00f6<\/h3>\n<p>Johdanto erikoisalaan, talouden ja yritystoiminnan perusteet, ty\u00f6lains\u00e4\u00e4d\u00e4nn\u00f6n perusteet, ty\u00f6ymp\u00e4rist\u00f6turvallisuuden perusteet, tietokoneen k\u00e4yt\u00f6n ja asiainhoidon perusteet,\u00a0asiakaspalvelun perusteet, anatomia ja fysiologia, mikrobiologia, ihosairaudet, kosmeettinen kemia, erikoisalan englannin kieli, kasvohoito, k\u00e4sien hoito, jalkahoito, vartalonhoito, meikkaus. Valinnaisten aineiden valikoimassa on tuote-esittelyit\u00e4 ja -koulutuksia.<\/p>\n<p><strong>Oppimistavoitteet:<\/strong><strong>\u00a0<\/strong>oppilas oppii kurssin aikana seuraavat taidot:<\/p>\n<p>ty\u00f6paikan valmistelut:<br \/>\n1) ty\u00f6paikan valmistetu ja kunnossapito;<br \/>\n2) ty\u00f6ss\u00e4 tarvittavien tuotteiden ja v\u00e4lineiden tilaaminen, vastaanotto ja tarkastus;<br \/>\n3) siivoaminen ja puhdistus.<\/p>\n<p>kasvohoito; ripsien, kulmien v\u00e4rj\u00e4\u00e4minen ja kulmien muotoilu ja korjaaminen:<br \/>\n1) kasvojen ihon analysointi ja alkupuhdistus;<br \/>\n2) kasvojen ihon esipuhdistus;<br \/>\n3) mekaaninen puhdistus;<br \/>\n4) laitehoito;<br \/>\n5) hieronnan suoritus;<br \/>\n6) naamion ja\/tai voiteen k\u00e4ytt\u00f6;<br \/>\n7) ripsien ja kulmien v\u00e4rj\u00e4\u00e4minen ja kulmien muotoilu ja korjaaminen;<br \/>\n8) erikoishoidot.<\/p>\n<p>k\u00e4sien hoito:<br \/>\n1) k\u00e4sien ihon ja sormenkynsien analyysi ja hoitaminen;<br \/>\n2) k\u00e4sien hieronta;<br \/>\n3) k\u00e4sien erikoishoito;<br \/>\n4) kysien lakkaus.<\/p>\n<p>jalkahoito:<br \/>\n1) jalkojen ihon ja varpaankynsien analyysi ja hoitaminen;<br \/>\n2) jalkojen hieronta;<br \/>\n3) jalkojen erikoishoito;<br \/>\n4) kynsien lakkaus.<\/p>\n<p>vartalonhoito:<br \/>\n1) vartalon analyysi ja esihoito;<br \/>\n2) vartalonhoito;<br \/>\n3) vartalon hieronta.<\/p>\n<p>kasvojen ja vartaloalueen karvojen poistaminen:<br \/>\n1) ihon valmistelu;<br \/>\n2) karvojen poisto;<br \/>\n3) ihon j\u00e4lkihoito.<\/p>\n<p>meikkaus:<br \/>\n1) ihon esihoito;<br \/>\n2) meikkaus.<\/p>\n<p>asiakaspalvelu:<br \/>\n1) kontaktin luominen asiakkaaseen;<br \/>\n2) vuorovaikutus asiakkaaseen hoidon aikana;<br \/>\n3) asiakkaan neuvonta ja palvelutilanteen p\u00e4\u00e4tt\u00e4minen.<\/p>\n<p><strong>HUOM! Kaikki ne, jotka solmivat aikav\u00e4lill\u00e4 01.06.2016-08.10.2016 kosmetologin tai kampaajan kurssin opintosopimuksen, saavat ensimm\u00e4iset ty\u00f6v\u00e4lineet ilmaiseksi (mahdollinen arvo jopa 460 eur).<\/strong><\/p>\n<p>&nbsp;<\/p>\n<p><strong>L\u00e4p\u00e4isyvaatimukset<\/strong><br \/>\nopinto-ohjelman suoritus kokonaisuudessaan<br \/>\nteoriatentin suoritus hyvksytyll\u00e4 arvosanalla<br \/>\nk\u00e4nt\u00e4nn\u00f6n tentin suoritus hyv\u00e4ksytyll\u00e4 arvosanalla<\/p>\n<p><strong>My\u00f6nnett\u00e4v\u00e4t asiakirjat<\/strong><\/p>\n<p>koulun p\u00e4\u00e4tt\u00f6todistus<\/p>\n<h3><\/h3>\n","protected":false},"excerpt":{"rendered":"<p>&nbsp; &nbsp; &nbsp; &nbsp; &nbsp; &nbsp; &nbsp; &nbsp; Laajuus:\u00a0\u00a01600 \u00a0tuntia\u00a0( viikoloppun kurssi) Et\u00e4opiskelu ja opiskelu ilta-aikaan 600 paikalla tapahtuvaa tuntia (itsen\u00e4inen ty\u00f6 1000 tuntia) 12 kuukautta kest\u00e4v\u00e4n kurssin hinta: 2500 \u20ac ( 105\u20ac kuu) 17 kuukautta kest\u00e4v\u00e4n kurssin hinta: 2500\u20ac ( 147 eur kuu) Kurssin alku 27.01.2018 ( viikoloppun kurssi) \u00a0Tapahtumapaikka:\u00a0 Lootsi-katu 10 II kerros, [&hellip;]<\/p>\n","protected":false},"author":4,"featured_media":0,"parent":0,"menu_order":0,"comment_status":"closed","ping_status":"closed","template":"","meta":{"ocean_post_layout":"","ocean_both_sidebars_style":"","ocean_both_sidebars_content_width":0,"ocean_both_sidebars_sidebars_width":0,"ocean_sidebar":"0","ocean_second_sidebar":"0","ocean_disable_margins":"enable","ocean_add_body_class":"","ocean_shortcode_before_top_bar":"","ocean_shortcode_after_top_bar":"","ocean_shortcode_before_header":"","ocean_shortcode_after_header":"","ocean_has_shortcode":"","ocean_shortcode_after_title":"","ocean_shortcode_before_footer_widgets":"","ocean_shortcode_after_footer_widgets":"","ocean_shortcode_before_footer_bottom":"","ocean_shortcode_after_footer_bottom":"","ocean_display_top_bar":"default","ocean_display_header":"default","ocean_header_style":"","ocean_center_header_left_menu":"0","ocean_custom_header_template":"0","ocean_custom_logo":0,"ocean_custom_retina_logo":0,"ocean_custom_logo_max_width":0,"ocean_custom_logo_tablet_max_width":0,"ocean_custom_logo_mobile_max_width":0,"ocean_custom_logo_max_height":0,"ocean_custom_logo_tablet_max_height":0,"ocean_custom_logo_mobile_max_height":0,"ocean_header_custom_menu":"0","ocean_menu_typo_font_family":"","ocean_menu_typo_font_subset":"","ocean_menu_typo_font_size":0,"ocean_menu_typo_font_size_tablet":0,"ocean_menu_typo_font_size_mobile":0,"ocean_menu_typo_font_size_unit":"px","ocean_menu_typo_font_weight":"","ocean_menu_typo_font_weight_tablet":"","ocean_menu_typo_font_weight_mobile":"","ocean_menu_typo_transform":"","ocean_menu_typo_transform_tablet":"","ocean_menu_typo_transform_mobile":"","ocean_menu_typo_line_height":0,"ocean_menu_typo_line_height_tablet":0,"ocean_menu_typo_line_height_mobile":0,"ocean_menu_typo_line_height_unit":"","ocean_menu_typo_spacing":0,"ocean_menu_typo_spacing_tablet":0,"ocean_menu_typo_spacing_mobile":0,"ocean_menu_typo_spacing_unit":"","ocean_menu_link_color":"","ocean_menu_link_color_hover":"","ocean_menu_link_color_active":"","ocean_menu_link_background":"","ocean_menu_link_hover_background":"","ocean_menu_link_active_background":"","ocean_menu_social_links_bg":"","ocean_menu_social_hover_links_bg":"","ocean_menu_social_links_color":"","ocean_menu_social_hover_links_color":"","ocean_disable_title":"default","ocean_disable_heading":"default","ocean_post_title":"","ocean_post_subheading":"","ocean_post_title_style":"","ocean_post_title_background_color":"","ocean_post_title_background":0,"ocean_post_title_bg_image_position":"","ocean_post_title_bg_image_attachment":"","ocean_post_title_bg_image_repeat":"","ocean_post_title_bg_image_size":"","ocean_post_title_height":0,"ocean_post_title_bg_overlay":0.5,"ocean_post_title_bg_overlay_color":"","ocean_disable_breadcrumbs":"default","ocean_breadcrumbs_color":"","ocean_breadcrumbs_separator_color":"","ocean_breadcrumbs_links_color":"","ocean_breadcrumbs_links_hover_color":"","ocean_display_footer_widgets":"default","ocean_display_footer_bottom":"default","ocean_custom_footer_template":"","osh_disable_topbar_sticky":"default","osh_disable_header_sticky":"default","osh_sticky_header_style":"default","osh_sticky_header_effect":"","osh_custom_sticky_logo":0,"osh_custom_retina_sticky_logo":0,"osh_custom_sticky_logo_height":0,"osh_background_color":"","osh_links_color":"","osh_links_hover_color":"","osh_links_active_color":"","osh_links_bg_color":"","osh_links_hover_bg_color":"","osh_links_active_bg_color":"","osh_menu_social_links_color":"","osh_menu_social_hover_links_color":"","footnotes":""},"class_list":["post-2308","page","type-page","status-publish","hentry","entry","owp-thumbs-layout-horizontal","owp-btn-normal","owp-tabs-layout-horizontal","has-no-thumbnails","circle-sale"],"yoast_head":"<!-- This site is optimized with the Yoast SEO plugin v27.2 - https:\/\/yoast.com\/product\/yoast-seo-wordpress\/ -->\n<title>Kosmetologi - Iluteeninduskoolide kursused<\/title>\n<meta name=\"robots\" content=\"index, follow, max-snippet:-1, max-image-preview:large, max-video-preview:-1\" \/>\n<link rel=\"canonical\" href=\"https:\/\/iluteeninduskool.ee\/fi\/kosmetologi\/\" \/>\n<meta property=\"og:locale\" content=\"fi_FI\" \/>\n<meta property=\"og:type\" content=\"article\" \/>\n<meta property=\"og:title\" content=\"Kosmetologi - Iluteeninduskoolide kursused\" \/>\n<meta property=\"og:description\" content=\"&nbsp; &nbsp; &nbsp; &nbsp; &nbsp; &nbsp; &nbsp; &nbsp; Laajuus:\u00a0\u00a01600 \u00a0tuntia\u00a0( viikoloppun kurssi) Et\u00e4opiskelu ja opiskelu ilta-aikaan 600 paikalla tapahtuvaa tuntia (itsen\u00e4inen ty\u00f6 1000 tuntia) 12 kuukautta kest\u00e4v\u00e4n kurssin hinta: 2500 \u20ac ( 105\u20ac kuu) 17 kuukautta kest\u00e4v\u00e4n kurssin hinta: 2500\u20ac ( 147 eur kuu) Kurssin alku 27.01.2018 ( viikoloppun kurssi) \u00a0Tapahtumapaikka:\u00a0 Lootsi-katu 10 II kerros, [&hellip;]\" \/>\n<meta property=\"og:url\" content=\"https:\/\/iluteeninduskool.ee\/fi\/kosmetologi\/\" \/>\n<meta property=\"og:site_name\" content=\"Iluteeninduskoolide kursused\" \/>\n<meta property=\"article:modified_time\" content=\"2018-01-05T14:45:07+00:00\" \/>\n<meta property=\"og:image\" content=\"http:\/\/iluteeninduskool.ee\/wp-content\/uploads\/2013\/03\/IMG_0203-2-225x300.jpg\" \/>\n<meta name=\"twitter:label1\" content=\"Arvioitu lukuaika\" \/>\n\t<meta name=\"twitter:data1\" content=\"2 minuuttia\" \/>\n<script type=\"application\/ld+json\" class=\"yoast-schema-graph\">{\"@context\":\"https:\/\/schema.org\",\"@graph\":[{\"@type\":\"WebPage\",\"@id\":\"https:\/\/iluteeninduskool.ee\/fi\/kosmetologi\/\",\"url\":\"https:\/\/iluteeninduskool.ee\/fi\/kosmetologi\/\",\"name\":\"Kosmetologi - Iluteeninduskoolide kursused\",\"isPartOf\":{\"@id\":\"https:\/\/iluteeninduskool.ee\/#website\"},\"primaryImageOfPage\":{\"@id\":\"https:\/\/iluteeninduskool.ee\/fi\/kosmetologi\/#primaryimage\"},\"image\":{\"@id\":\"https:\/\/iluteeninduskool.ee\/fi\/kosmetologi\/#primaryimage\"},\"thumbnailUrl\":\"http:\/\/iluteeninduskool.ee\/wp-content\/uploads\/2013\/03\/IMG_0203-2-225x300.jpg\",\"datePublished\":\"2016-05-30T11:31:12+00:00\",\"dateModified\":\"2018-01-05T14:45:07+00:00\",\"inLanguage\":\"fi\",\"potentialAction\":[{\"@type\":\"ReadAction\",\"target\":[\"https:\/\/iluteeninduskool.ee\/fi\/kosmetologi\/\"]}]},{\"@type\":\"ImageObject\",\"inLanguage\":\"fi\",\"@id\":\"https:\/\/iluteeninduskool.ee\/fi\/kosmetologi\/#primaryimage\",\"url\":\"http:\/\/iluteeninduskool.ee\/wp-content\/uploads\/2013\/03\/IMG_0203-2-225x300.jpg\",\"contentUrl\":\"http:\/\/iluteeninduskool.ee\/wp-content\/uploads\/2013\/03\/IMG_0203-2-225x300.jpg\"},{\"@type\":\"WebSite\",\"@id\":\"https:\/\/iluteeninduskool.ee\/#website\",\"url\":\"https:\/\/iluteeninduskool.ee\/\",\"name\":\"Iluteeninduskoolide kursused\",\"description\":\"K\u00f5ik iluteenustega seotud kursused \u00fchest kohast\",\"publisher\":{\"@id\":\"https:\/\/iluteeninduskool.ee\/#organization\"},\"potentialAction\":[{\"@type\":\"SearchAction\",\"target\":{\"@type\":\"EntryPoint\",\"urlTemplate\":\"https:\/\/iluteeninduskool.ee\/?s={search_term_string}\"},\"query-input\":{\"@type\":\"PropertyValueSpecification\",\"valueRequired\":true,\"valueName\":\"search_term_string\"}}],\"inLanguage\":\"fi\"},{\"@type\":\"Organization\",\"@id\":\"https:\/\/iluteeninduskool.ee\/#organization\",\"name\":\"Iluteeninduskoolide kursused\",\"url\":\"https:\/\/iluteeninduskool.ee\/\",\"logo\":{\"@type\":\"ImageObject\",\"inLanguage\":\"fi\",\"@id\":\"https:\/\/iluteeninduskool.ee\/#\/schema\/logo\/image\/\",\"url\":\"https:\/\/iluteeninduskool.ee\/wp-content\/uploads\/2013\/03\/logo11.png\",\"contentUrl\":\"https:\/\/iluteeninduskool.ee\/wp-content\/uploads\/2013\/03\/logo11.png\",\"width\":225,\"height\":110,\"caption\":\"Iluteeninduskoolide kursused\"},\"image\":{\"@id\":\"https:\/\/iluteeninduskool.ee\/#\/schema\/logo\/image\/\"}}]}<\/script>\n<!-- \/ Yoast SEO plugin. -->","yoast_head_json":{"title":"Kosmetologi - Iluteeninduskoolide kursused","robots":{"index":"index","follow":"follow","max-snippet":"max-snippet:-1","max-image-preview":"max-image-preview:large","max-video-preview":"max-video-preview:-1"},"canonical":"https:\/\/iluteeninduskool.ee\/fi\/kosmetologi\/","og_locale":"fi_FI","og_type":"article","og_title":"Kosmetologi - Iluteeninduskoolide kursused","og_description":"&nbsp; &nbsp; &nbsp; &nbsp; &nbsp; &nbsp; &nbsp; &nbsp; Laajuus:\u00a0\u00a01600 \u00a0tuntia\u00a0( viikoloppun kurssi) Et\u00e4opiskelu ja opiskelu ilta-aikaan 600 paikalla tapahtuvaa tuntia (itsen\u00e4inen ty\u00f6 1000 tuntia) 12 kuukautta kest\u00e4v\u00e4n kurssin hinta: 2500 \u20ac ( 105\u20ac kuu) 17 kuukautta kest\u00e4v\u00e4n kurssin hinta: 2500\u20ac ( 147 eur kuu) Kurssin alku 27.01.2018 ( viikoloppun kurssi) \u00a0Tapahtumapaikka:\u00a0 Lootsi-katu 10 II kerros, [&hellip;]","og_url":"https:\/\/iluteeninduskool.ee\/fi\/kosmetologi\/","og_site_name":"Iluteeninduskoolide kursused","article_modified_time":"2018-01-05T14:45:07+00:00","og_image":[{"url":"http:\/\/iluteeninduskool.ee\/wp-content\/uploads\/2013\/03\/IMG_0203-2-225x300.jpg","type":"","width":"","height":""}],"twitter_misc":{"Arvioitu lukuaika":"2 minuuttia"},"schema":{"@context":"https:\/\/schema.org","@graph":[{"@type":"WebPage","@id":"https:\/\/iluteeninduskool.ee\/fi\/kosmetologi\/","url":"https:\/\/iluteeninduskool.ee\/fi\/kosmetologi\/","name":"Kosmetologi - Iluteeninduskoolide kursused","isPartOf":{"@id":"https:\/\/iluteeninduskool.ee\/#website"},"primaryImageOfPage":{"@id":"https:\/\/iluteeninduskool.ee\/fi\/kosmetologi\/#primaryimage"},"image":{"@id":"https:\/\/iluteeninduskool.ee\/fi\/kosmetologi\/#primaryimage"},"thumbnailUrl":"http:\/\/iluteeninduskool.ee\/wp-content\/uploads\/2013\/03\/IMG_0203-2-225x300.jpg","datePublished":"2016-05-30T11:31:12+00:00","dateModified":"2018-01-05T14:45:07+00:00","inLanguage":"fi","potentialAction":[{"@type":"ReadAction","target":["https:\/\/iluteeninduskool.ee\/fi\/kosmetologi\/"]}]},{"@type":"ImageObject","inLanguage":"fi","@id":"https:\/\/iluteeninduskool.ee\/fi\/kosmetologi\/#primaryimage","url":"http:\/\/iluteeninduskool.ee\/wp-content\/uploads\/2013\/03\/IMG_0203-2-225x300.jpg","contentUrl":"http:\/\/iluteeninduskool.ee\/wp-content\/uploads\/2013\/03\/IMG_0203-2-225x300.jpg"},{"@type":"WebSite","@id":"https:\/\/iluteeninduskool.ee\/#website","url":"https:\/\/iluteeninduskool.ee\/","name":"Iluteeninduskoolide kursused","description":"K\u00f5ik iluteenustega seotud kursused \u00fchest kohast","publisher":{"@id":"https:\/\/iluteeninduskool.ee\/#organization"},"potentialAction":[{"@type":"SearchAction","target":{"@type":"EntryPoint","urlTemplate":"https:\/\/iluteeninduskool.ee\/?s={search_term_string}"},"query-input":{"@type":"PropertyValueSpecification","valueRequired":true,"valueName":"search_term_string"}}],"inLanguage":"fi"},{"@type":"Organization","@id":"https:\/\/iluteeninduskool.ee\/#organization","name":"Iluteeninduskoolide kursused","url":"https:\/\/iluteeninduskool.ee\/","logo":{"@type":"ImageObject","inLanguage":"fi","@id":"https:\/\/iluteeninduskool.ee\/#\/schema\/logo\/image\/","url":"https:\/\/iluteeninduskool.ee\/wp-content\/uploads\/2013\/03\/logo11.png","contentUrl":"https:\/\/iluteeninduskool.ee\/wp-content\/uploads\/2013\/03\/logo11.png","width":225,"height":110,"caption":"Iluteeninduskoolide kursused"},"image":{"@id":"https:\/\/iluteeninduskool.ee\/#\/schema\/logo\/image\/"}}]}},"_links":{"self":[{"href":"https:\/\/iluteeninduskool.ee\/fi\/wp-json\/wp\/v2\/pages\/2308","targetHints":{"allow":["GET"]}}],"collection":[{"href":"https:\/\/iluteeninduskool.ee\/fi\/wp-json\/wp\/v2\/pages"}],"about":[{"href":"https:\/\/iluteeninduskool.ee\/fi\/wp-json\/wp\/v2\/types\/page"}],"author":[{"embeddable":true,"href":"https:\/\/iluteeninduskool.ee\/fi\/wp-json\/wp\/v2\/users\/4"}],"replies":[{"embeddable":true,"href":"https:\/\/iluteeninduskool.ee\/fi\/wp-json\/wp\/v2\/comments?post=2308"}],"version-history":[{"count":2,"href":"https:\/\/iluteeninduskool.ee\/fi\/wp-json\/wp\/v2\/pages\/2308\/revisions"}],"predecessor-version":[{"id":4726,"href":"https:\/\/iluteeninduskool.ee\/fi\/wp-json\/wp\/v2\/pages\/2308\/revisions\/4726"}],"wp:attachment":[{"href":"https:\/\/iluteeninduskool.ee\/fi\/wp-json\/wp\/v2\/media?parent=2308"}],"curies":[{"name":"wp","href":"https:\/\/api.w.org\/{rel}","templated":true}]}}