{"id":2962,"date":"2016-10-30T13:37:52","date_gmt":"2016-10-30T11:37:52","guid":{"rendered":"http:\/\/iluteeninduskool.ee\/fi\/?page_id=2962"},"modified":"2016-10-30T13:39:01","modified_gmt":"2016-10-30T11:39:01","slug":"2962-2","status":"publish","type":"page","link":"https:\/\/iluteeninduskool.ee\/fi\/2962-2\/","title":{"rendered":"PUHTISTUS"},"content":{"rendered":"<section class=\"site-section AKS-56559d9da1d14\">\n<div class=\"container AKC-56559d9da1d14\">\n<div class=\"row AKR-56559d9da1d14\">\n<div class=\"col-sm-12 AKP-56559d9da1d7e-1\">\n<div class=\"akp-inner\">\n<h2>PH-BALANCED AND SOAP FREE<\/h2>\n<\/div>\n<\/div>\n<\/div>\n<\/div>\n<\/section>\n<section class=\"site-section AKS-56559aa3aaa32\">\n<div class=\"container AKC-56559aa3aaa32\">\n<div class=\"row AKR-56559aa3aaa32\">\n<div class=\"col-sm-12 AKP-56559aa3aaaa2-1\">\n<div class=\"akp-inner\">\n<h2>Nannic Eye Make up Remover 100 ml<\/h2>\n<p>T\u00e4ysin luonnollinen silm\u00e4meikinpoistoaine. Nannic Eye Make Up Removeriss\u00e4 on kevyt \u00f6ljym\u00e4inen koostumus. P\u00e4\u00e4raaka-aineena on puhdas kookos\u00f6ljy. Eye Make up Remover\u00a0ei sis\u00e4ll\u00e4 hajusteita eik\u00e4 s\u00e4il\u00f6nt\u00e4aineita. Ei j\u00e4t\u00e4 silmiin &#8221;\u00f6ljyist\u00e4&#8221; kalvoa.\u00a0 Silm\u00e4nymp\u00e4rysiho j\u00e4\u00e4 puhdistuksen j\u00e4lkeen silkinpehme\u00e4ksi. Laita meikinpoistoainetta muutama pisara kuivaan pumpuliin ja poista silm\u00e4meikit.\u00a0Soveltuu herk\u00e4lle\u00a0iholle.<\/p>\n<\/div>\n<\/div>\n<\/div>\n<\/div>\n<\/section>\n<section class=\"site-section AKS-56559b0ba64eb\">\n<div class=\"container AKC-56559b0ba64eb\">\n<div class=\"row AKR-56559b0ba64eb\">\n<div class=\"col-sm-12 AKP-56559b0ba6567-1\">\n<div class=\"akp-inner\">\n<h2>Nannic Make Up Remover Gel 150 ml<\/h2>\n<p>Tehokas, mutta hell\u00e4varainen meikinpoistoaine kasvoille. \u00a0Tuote on koostumukseltaan geelim\u00e4inen \u00f6ljy. Vedell\u00e4 huuhdeltaessa\u00a0se muuttuu maitomaiseksi. Make Up Remover Gel ei j\u00e4t\u00e4 ihoa \u00f6ljyisen tuntuiseksi. Make Up Remover Gel\u00a0suojaa ihon hydrolipidikalvoa.\u00a0Se sis\u00e4lt\u00e4\u00e4 mm. Jojoba siemen\u00f6ljy\u00e4.\u00a0Hiero Make Up Remover Gel kuivalle iholle. Py\u00f6rittele iholla jolloin se muuttuu \u00f6ljym\u00e4iseksi. Huuhtele kasvot haalealla vedell\u00e4. Sopii kaikille ihotyypeille.<\/p>\n<\/div>\n<\/div>\n<\/div>\n<\/div>\n<\/section>\n<section class=\"site-section AKS-56559c6b721be\">\n<div class=\"container AKC-56559c6b721be\">\n<div class=\"row AKR-56559c6b721be\">\n<div class=\"col-sm-12 AKP-56559c6b7222c-1\">\n<div class=\"akp-inner\">\n<h2>Nannic Pure Active Cleansing 150 ml<\/h2>\n<p>Rauhoittava vaahtoava kasvojenpuhdistusaine kaikille ihotyypeille. Sokeripohjainen geeli puhdistaa ylim\u00e4\u00e4r\u00e4isen talin ja ep\u00e4puhtaudet kuivattamatta ihoa. Pure Active Cleansing sis\u00e4lt\u00e4\u00e4 Babassu \u00f6ljy\u00e4, jolla on korkea lauriinihappopitoisuus. Lauriinihapolla on antimikrobinen vaikutus.\u00a0Pure Active Cleansing vaahtoaa runsaasti. Ei \u00e4rsyt\u00e4 silmi\u00e4 ja sopii my\u00f6s herk\u00e4lle iholle. Ei sis\u00e4ll\u00e4 s\u00e4il\u00f6nt\u00e4aineita.<\/p>\n<\/div>\n<div class=\"akp-inner\">\n<h2>Nannic Pore Treat Lotion 250 ml<\/h2>\n<p>Puhdistaa,tasapainottaa ja lis\u00e4\u00e4 ihon kimmoisuutta.Pore Treat Lotion on hell\u00e4varainen kasvovesi, jossa yhten\u00e4 vaikuttavana aineena on B5-vitamiini. B5-vitamiini kosteuttaa ihoa tehokkaasti ja tekee ihosta pehme\u00e4n sek\u00e4 joustavan. Kosteuttavina ainesosina on Hamamelis- ja ruusunmarjauute. Pore Treat Lotion yll\u00e4pit\u00e4\u00e4 ihon kosteustasapainoa, puhdistaa ja supistaa ihohuokosia. Se auttaa pit\u00e4m\u00e4\u00e4n ihon raikkaana, v\u00e4hent\u00e4\u00e4 mustap\u00e4iden muodostumista, hoitaa aknea ja est\u00e4\u00e4 hyperpigmentaation muodostumista. K\u00e4yt\u00e4 aamuin ja illoin kasvopesun j\u00e4lkeen. Pore Treat Lotion on pakattu pumppupulloon.<\/p>\n<\/div>\n<\/div>\n<\/div>\n<\/div>\n<\/section>\n<section class=\"site-section AKS-56559bfa382f3\">\n<div class=\"container AKC-56559bfa382f3\">\n<div class=\"row AKR-56559bfa382f3\">\n<div class=\"col-sm-12 AKP-56559bfa3835f-1\">\n<div class=\"akp-inner\">\n<h2>Nannic Willow Bark Peeling Mask 150\u00a0ml<\/h2>\n<p>Mieto keratolyyttinen kuorinta kaikille ihotyypeille my\u00f6s herk\u00e4lle iholle. White Willow Bark Peeling Mask on voidemainen kuorinta-aine, joka ei sis\u00e4ll\u00e4 rakeita. Entsyymit irrottavat kuolleet ihosolut ihon pinnalta. Kuorinnan j\u00e4lkeen ihon v\u00e4ri kirkastuu v\u00e4litt\u00f6m\u00e4sti ja se tulee vastaanottavaisemmaksi hoitotuotteille. Kuorinta kannattaa tehd\u00e4 kerran viikossa s\u00e4\u00e4nn\u00f6llisen\u00e4 osana ihonhoitoa. White Willow Bark Peeling Maskissa on tulehduksia ehk\u00e4isev\u00e4 vaikutus. Se sis\u00e4lt\u00e4\u00e4 mm. hopeapaju-uutetta ja aloe veraa. White Willow Bark Peeling Mask soveltuu my\u00f6s akne- ja couperosa ihon hoitoon.\u00a0Levit\u00e4 puhtaalle kasvon- ja kaulan iholle ohuehko kerros kuorinta-ainetta ja anna vaikuttaa 10 minuuttia. Huuhtele pois.<\/p>\n<\/div>\n<\/div>\n<\/div>\n<\/div>\n<\/section>\n<section class=\"site-section AKS-562fa55570396\">\n<div class=\"container AKC-562fa55570396\"><\/div>\n<\/section>\n<section class=\"site-section AKS-57f20e2d8b2ba\">\n<div class=\"container AKC-57f20e2d8b2ba\">\n<div class=\"row AKR-57f20e2d8b2ba\">\n<div class=\"col-xs-12 col-sm-12 col-md-12 col-xl-12 AKP-57f20e2d8b2ba-1\">\n<div class=\"akp-inner\">\n<p><img decoding=\"async\" class=\"img-responsive align-left\" src=\"http:\/\/www.nannic.fi\/v3\/files\/4X8n9A4yzJ\/matkakoot.jpg\" alt=\"\" \/><\/p>\n<p>Nyt on saatavilla my\u00f6s k\u00e4tev\u00e4t 50 ml matkakoot kaikista puhdistuksista.<\/p>\n<\/div>\n<\/div>\n<\/div>\n<\/div>\n<\/section>\n","protected":false},"excerpt":{"rendered":"<p>PH-BALANCED AND SOAP FREE Nannic Eye Make up Remover 100 ml T\u00e4ysin luonnollinen silm\u00e4meikinpoistoaine. Nannic Eye Make Up Removeriss\u00e4 on kevyt \u00f6ljym\u00e4inen koostumus. P\u00e4\u00e4raaka-aineena on puhdas kookos\u00f6ljy. Eye Make up Remover\u00a0ei sis\u00e4ll\u00e4 hajusteita eik\u00e4 s\u00e4il\u00f6nt\u00e4aineita. Ei j\u00e4t\u00e4 silmiin &#8221;\u00f6ljyist\u00e4&#8221; kalvoa.\u00a0 Silm\u00e4nymp\u00e4rysiho j\u00e4\u00e4 puhdistuksen j\u00e4lkeen silkinpehme\u00e4ksi. Laita meikinpoistoainetta muutama pisara kuivaan pumpuliin ja poista silm\u00e4meikit.\u00a0Soveltuu herk\u00e4lle\u00a0iholle. [&hellip;]<\/p>\n","protected":false},"author":4,"featured_media":0,"parent":0,"menu_order":0,"comment_status":"closed","ping_status":"closed","template":"","meta":{"ocean_post_layout":"","ocean_both_sidebars_style":"","ocean_both_sidebars_content_width":0,"ocean_both_sidebars_sidebars_width":0,"ocean_sidebar":"","ocean_second_sidebar":"","ocean_disable_margins":"enable","ocean_add_body_class":"","ocean_shortcode_before_top_bar":"","ocean_shortcode_after_top_bar":"","ocean_shortcode_before_header":"","ocean_shortcode_after_header":"","ocean_has_shortcode":"","ocean_shortcode_after_title":"","ocean_shortcode_before_footer_widgets":"","ocean_shortcode_after_footer_widgets":"","ocean_shortcode_before_footer_bottom":"","ocean_shortcode_after_footer_bottom":"","ocean_display_top_bar":"default","ocean_display_header":"default","ocean_header_style":"","ocean_center_header_left_menu":"","ocean_custom_header_template":"","ocean_custom_logo":0,"ocean_custom_retina_logo":0,"ocean_custom_logo_max_width":0,"ocean_custom_logo_tablet_max_width":0,"ocean_custom_logo_mobile_max_width":0,"ocean_custom_logo_max_height":0,"ocean_custom_logo_tablet_max_height":0,"ocean_custom_logo_mobile_max_height":0,"ocean_header_custom_menu":"","ocean_menu_typo_font_family":"","ocean_menu_typo_font_subset":"","ocean_menu_typo_font_size":0,"ocean_menu_typo_font_size_tablet":0,"ocean_menu_typo_font_size_mobile":0,"ocean_menu_typo_font_size_unit":"px","ocean_menu_typo_font_weight":"","ocean_menu_typo_font_weight_tablet":"","ocean_menu_typo_font_weight_mobile":"","ocean_menu_typo_transform":"","ocean_menu_typo_transform_tablet":"","ocean_menu_typo_transform_mobile":"","ocean_menu_typo_line_height":0,"ocean_menu_typo_line_height_tablet":0,"ocean_menu_typo_line_height_mobile":0,"ocean_menu_typo_line_height_unit":"","ocean_menu_typo_spacing":0,"ocean_menu_typo_spacing_tablet":0,"ocean_menu_typo_spacing_mobile":0,"ocean_menu_typo_spacing_unit":"","ocean_menu_link_color":"","ocean_menu_link_color_hover":"","ocean_menu_link_color_active":"","ocean_menu_link_background":"","ocean_menu_link_hover_background":"","ocean_menu_link_active_background":"","ocean_menu_social_links_bg":"","ocean_menu_social_hover_links_bg":"","ocean_menu_social_links_color":"","ocean_menu_social_hover_links_color":"","ocean_disable_title":"default","ocean_disable_heading":"default","ocean_post_title":"","ocean_post_subheading":"","ocean_post_title_style":"","ocean_post_title_background_color":"","ocean_post_title_background":0,"ocean_post_title_bg_image_position":"","ocean_post_title_bg_image_attachment":"","ocean_post_title_bg_image_repeat":"","ocean_post_title_bg_image_size":"","ocean_post_title_height":0,"ocean_post_title_bg_overlay":0.5,"ocean_post_title_bg_overlay_color":"","ocean_disable_breadcrumbs":"default","ocean_breadcrumbs_color":"","ocean_breadcrumbs_separator_color":"","ocean_breadcrumbs_links_color":"","ocean_breadcrumbs_links_hover_color":"","ocean_display_footer_widgets":"default","ocean_display_footer_bottom":"default","ocean_custom_footer_template":"","osh_disable_topbar_sticky":"default","osh_disable_header_sticky":"default","osh_sticky_header_style":"default","osh_sticky_header_effect":"","osh_custom_sticky_logo":0,"osh_custom_retina_sticky_logo":0,"osh_custom_sticky_logo_height":0,"osh_background_color":"","osh_links_color":"","osh_links_hover_color":"","osh_links_active_color":"","osh_links_bg_color":"","osh_links_hover_bg_color":"","osh_links_active_bg_color":"","osh_menu_social_links_color":"","osh_menu_social_hover_links_color":"","footnotes":""},"class_list":["post-2962","page","type-page","status-publish","hentry","entry","owp-thumbs-layout-horizontal","owp-btn-normal","owp-tabs-layout-horizontal","has-no-thumbnails","circle-sale"],"yoast_head":"<!-- This site is optimized with the Yoast SEO plugin v27.4 - https:\/\/yoast.com\/product\/yoast-seo-wordpress\/ -->\n<title>PUHTISTUS - Iluteeninduskoolide kursused<\/title>\n<meta name=\"robots\" content=\"index, follow, max-snippet:-1, max-image-preview:large, max-video-preview:-1\" \/>\n<link rel=\"canonical\" href=\"https:\/\/iluteeninduskool.ee\/fi\/2962-2\/\" \/>\n<meta property=\"og:locale\" content=\"fi_FI\" \/>\n<meta property=\"og:type\" content=\"article\" \/>\n<meta property=\"og:title\" content=\"PUHTISTUS - Iluteeninduskoolide kursused\" \/>\n<meta property=\"og:description\" content=\"PH-BALANCED AND SOAP FREE Nannic Eye Make up Remover 100 ml T\u00e4ysin luonnollinen silm\u00e4meikinpoistoaine. Nannic Eye Make Up Removeriss\u00e4 on kevyt \u00f6ljym\u00e4inen koostumus. P\u00e4\u00e4raaka-aineena on puhdas kookos\u00f6ljy. Eye Make up Remover\u00a0ei sis\u00e4ll\u00e4 hajusteita eik\u00e4 s\u00e4il\u00f6nt\u00e4aineita. Ei j\u00e4t\u00e4 silmiin &#8221;\u00f6ljyist\u00e4&#8221; kalvoa.\u00a0 Silm\u00e4nymp\u00e4rysiho j\u00e4\u00e4 puhdistuksen j\u00e4lkeen silkinpehme\u00e4ksi. Laita meikinpoistoainetta muutama pisara kuivaan pumpuliin ja poista silm\u00e4meikit.\u00a0Soveltuu herk\u00e4lle\u00a0iholle. [&hellip;]\" \/>\n<meta property=\"og:url\" content=\"https:\/\/iluteeninduskool.ee\/fi\/2962-2\/\" \/>\n<meta property=\"og:site_name\" content=\"Iluteeninduskoolide kursused\" \/>\n<meta property=\"article:modified_time\" content=\"2016-10-30T11:39:01+00:00\" \/>\n<meta property=\"og:image\" content=\"http:\/\/www.nannic.fi\/v3\/files\/4X8n9A4yzJ\/matkakoot.jpg\" \/>\n<meta name=\"twitter:label1\" content=\"Arvioitu lukuaika\" \/>\n\t<meta name=\"twitter:data1\" content=\"2 minuuttia\" \/>\n<script type=\"application\/ld+json\" class=\"yoast-schema-graph\">{\"@context\":\"https:\\\/\\\/schema.org\",\"@graph\":[{\"@type\":\"WebPage\",\"@id\":\"https:\\\/\\\/iluteeninduskool.ee\\\/fi\\\/2962-2\\\/\",\"url\":\"https:\\\/\\\/iluteeninduskool.ee\\\/fi\\\/2962-2\\\/\",\"name\":\"PUHTISTUS - Iluteeninduskoolide kursused\",\"isPartOf\":{\"@id\":\"https:\\\/\\\/iluteeninduskool.ee\\\/#website\"},\"primaryImageOfPage\":{\"@id\":\"https:\\\/\\\/iluteeninduskool.ee\\\/fi\\\/2962-2\\\/#primaryimage\"},\"image\":{\"@id\":\"https:\\\/\\\/iluteeninduskool.ee\\\/fi\\\/2962-2\\\/#primaryimage\"},\"thumbnailUrl\":\"http:\\\/\\\/www.nannic.fi\\\/v3\\\/files\\\/4X8n9A4yzJ\\\/matkakoot.jpg\",\"datePublished\":\"2016-10-30T11:37:52+00:00\",\"dateModified\":\"2016-10-30T11:39:01+00:00\",\"inLanguage\":\"fi\",\"potentialAction\":[{\"@type\":\"ReadAction\",\"target\":[\"https:\\\/\\\/iluteeninduskool.ee\\\/fi\\\/2962-2\\\/\"]}]},{\"@type\":\"ImageObject\",\"inLanguage\":\"fi\",\"@id\":\"https:\\\/\\\/iluteeninduskool.ee\\\/fi\\\/2962-2\\\/#primaryimage\",\"url\":\"http:\\\/\\\/www.nannic.fi\\\/v3\\\/files\\\/4X8n9A4yzJ\\\/matkakoot.jpg\",\"contentUrl\":\"http:\\\/\\\/www.nannic.fi\\\/v3\\\/files\\\/4X8n9A4yzJ\\\/matkakoot.jpg\"},{\"@type\":\"WebSite\",\"@id\":\"https:\\\/\\\/iluteeninduskool.ee\\\/#website\",\"url\":\"https:\\\/\\\/iluteeninduskool.ee\\\/\",\"name\":\"Iluteeninduskoolide kursused\",\"description\":\"K\u00f5ik iluteenustega seotud kursused \u00fchest kohast\",\"publisher\":{\"@id\":\"https:\\\/\\\/iluteeninduskool.ee\\\/#organization\"},\"potentialAction\":[{\"@type\":\"SearchAction\",\"target\":{\"@type\":\"EntryPoint\",\"urlTemplate\":\"https:\\\/\\\/iluteeninduskool.ee\\\/?s={search_term_string}\"},\"query-input\":{\"@type\":\"PropertyValueSpecification\",\"valueRequired\":true,\"valueName\":\"search_term_string\"}}],\"inLanguage\":\"fi\"},{\"@type\":\"Organization\",\"@id\":\"https:\\\/\\\/iluteeninduskool.ee\\\/#organization\",\"name\":\"Iluteeninduskoolide kursused\",\"url\":\"https:\\\/\\\/iluteeninduskool.ee\\\/\",\"logo\":{\"@type\":\"ImageObject\",\"inLanguage\":\"fi\",\"@id\":\"https:\\\/\\\/iluteeninduskool.ee\\\/#\\\/schema\\\/logo\\\/image\\\/\",\"url\":\"https:\\\/\\\/iluteeninduskool.ee\\\/wp-content\\\/uploads\\\/2013\\\/03\\\/logo11.png\",\"contentUrl\":\"https:\\\/\\\/iluteeninduskool.ee\\\/wp-content\\\/uploads\\\/2013\\\/03\\\/logo11.png\",\"width\":225,\"height\":110,\"caption\":\"Iluteeninduskoolide kursused\"},\"image\":{\"@id\":\"https:\\\/\\\/iluteeninduskool.ee\\\/#\\\/schema\\\/logo\\\/image\\\/\"}}]}<\/script>\n<!-- \/ Yoast SEO plugin. -->","yoast_head_json":{"title":"PUHTISTUS - Iluteeninduskoolide kursused","robots":{"index":"index","follow":"follow","max-snippet":"max-snippet:-1","max-image-preview":"max-image-preview:large","max-video-preview":"max-video-preview:-1"},"canonical":"https:\/\/iluteeninduskool.ee\/fi\/2962-2\/","og_locale":"fi_FI","og_type":"article","og_title":"PUHTISTUS - Iluteeninduskoolide kursused","og_description":"PH-BALANCED AND SOAP FREE Nannic Eye Make up Remover 100 ml T\u00e4ysin luonnollinen silm\u00e4meikinpoistoaine. Nannic Eye Make Up Removeriss\u00e4 on kevyt \u00f6ljym\u00e4inen koostumus. P\u00e4\u00e4raaka-aineena on puhdas kookos\u00f6ljy. Eye Make up Remover\u00a0ei sis\u00e4ll\u00e4 hajusteita eik\u00e4 s\u00e4il\u00f6nt\u00e4aineita. Ei j\u00e4t\u00e4 silmiin &#8221;\u00f6ljyist\u00e4&#8221; kalvoa.\u00a0 Silm\u00e4nymp\u00e4rysiho j\u00e4\u00e4 puhdistuksen j\u00e4lkeen silkinpehme\u00e4ksi. Laita meikinpoistoainetta muutama pisara kuivaan pumpuliin ja poista silm\u00e4meikit.\u00a0Soveltuu herk\u00e4lle\u00a0iholle. [&hellip;]","og_url":"https:\/\/iluteeninduskool.ee\/fi\/2962-2\/","og_site_name":"Iluteeninduskoolide kursused","article_modified_time":"2016-10-30T11:39:01+00:00","og_image":[{"url":"http:\/\/www.nannic.fi\/v3\/files\/4X8n9A4yzJ\/matkakoot.jpg","type":"","width":"","height":""}],"twitter_misc":{"Arvioitu lukuaika":"2 minuuttia"},"schema":{"@context":"https:\/\/schema.org","@graph":[{"@type":"WebPage","@id":"https:\/\/iluteeninduskool.ee\/fi\/2962-2\/","url":"https:\/\/iluteeninduskool.ee\/fi\/2962-2\/","name":"PUHTISTUS - Iluteeninduskoolide kursused","isPartOf":{"@id":"https:\/\/iluteeninduskool.ee\/#website"},"primaryImageOfPage":{"@id":"https:\/\/iluteeninduskool.ee\/fi\/2962-2\/#primaryimage"},"image":{"@id":"https:\/\/iluteeninduskool.ee\/fi\/2962-2\/#primaryimage"},"thumbnailUrl":"http:\/\/www.nannic.fi\/v3\/files\/4X8n9A4yzJ\/matkakoot.jpg","datePublished":"2016-10-30T11:37:52+00:00","dateModified":"2016-10-30T11:39:01+00:00","inLanguage":"fi","potentialAction":[{"@type":"ReadAction","target":["https:\/\/iluteeninduskool.ee\/fi\/2962-2\/"]}]},{"@type":"ImageObject","inLanguage":"fi","@id":"https:\/\/iluteeninduskool.ee\/fi\/2962-2\/#primaryimage","url":"http:\/\/www.nannic.fi\/v3\/files\/4X8n9A4yzJ\/matkakoot.jpg","contentUrl":"http:\/\/www.nannic.fi\/v3\/files\/4X8n9A4yzJ\/matkakoot.jpg"},{"@type":"WebSite","@id":"https:\/\/iluteeninduskool.ee\/#website","url":"https:\/\/iluteeninduskool.ee\/","name":"Iluteeninduskoolide kursused","description":"K\u00f5ik iluteenustega seotud kursused \u00fchest kohast","publisher":{"@id":"https:\/\/iluteeninduskool.ee\/#organization"},"potentialAction":[{"@type":"SearchAction","target":{"@type":"EntryPoint","urlTemplate":"https:\/\/iluteeninduskool.ee\/?s={search_term_string}"},"query-input":{"@type":"PropertyValueSpecification","valueRequired":true,"valueName":"search_term_string"}}],"inLanguage":"fi"},{"@type":"Organization","@id":"https:\/\/iluteeninduskool.ee\/#organization","name":"Iluteeninduskoolide kursused","url":"https:\/\/iluteeninduskool.ee\/","logo":{"@type":"ImageObject","inLanguage":"fi","@id":"https:\/\/iluteeninduskool.ee\/#\/schema\/logo\/image\/","url":"https:\/\/iluteeninduskool.ee\/wp-content\/uploads\/2013\/03\/logo11.png","contentUrl":"https:\/\/iluteeninduskool.ee\/wp-content\/uploads\/2013\/03\/logo11.png","width":225,"height":110,"caption":"Iluteeninduskoolide kursused"},"image":{"@id":"https:\/\/iluteeninduskool.ee\/#\/schema\/logo\/image\/"}}]}},"_links":{"self":[{"href":"https:\/\/iluteeninduskool.ee\/fi\/wp-json\/wp\/v2\/pages\/2962","targetHints":{"allow":["GET"]}}],"collection":[{"href":"https:\/\/iluteeninduskool.ee\/fi\/wp-json\/wp\/v2\/pages"}],"about":[{"href":"https:\/\/iluteeninduskool.ee\/fi\/wp-json\/wp\/v2\/types\/page"}],"author":[{"embeddable":true,"href":"https:\/\/iluteeninduskool.ee\/fi\/wp-json\/wp\/v2\/users\/4"}],"replies":[{"embeddable":true,"href":"https:\/\/iluteeninduskool.ee\/fi\/wp-json\/wp\/v2\/comments?post=2962"}],"version-history":[{"count":2,"href":"https:\/\/iluteeninduskool.ee\/fi\/wp-json\/wp\/v2\/pages\/2962\/revisions"}],"predecessor-version":[{"id":2964,"href":"https:\/\/iluteeninduskool.ee\/fi\/wp-json\/wp\/v2\/pages\/2962\/revisions\/2964"}],"wp:attachment":[{"href":"https:\/\/iluteeninduskool.ee\/fi\/wp-json\/wp\/v2\/media?parent=2962"}],"curies":[{"name":"wp","href":"https:\/\/api.w.org\/{rel}","templated":true}]}}