{"id":2967,"date":"2016-10-30T13:42:35","date_gmt":"2016-10-30T11:42:35","guid":{"rendered":"http:\/\/iluteeninduskool.ee\/fi\/?page_id=2967"},"modified":"2016-10-30T13:42:35","modified_gmt":"2016-10-30T11:42:35","slug":"supersunic","status":"publish","type":"page","link":"https:\/\/iluteeninduskool.ee\/fi\/supersunic\/","title":{"rendered":"SUPERSUNIC"},"content":{"rendered":"<div class=\"layout-position-Kuvituskuva\" data-layout-place=\"Kuvituskuva\">\n<section class=\"site-section AKS-561e60f643964\">\n<div class=\"container AKC-561e60f643964\">\n<div class=\"row AKR-561e60f643964\">\n<div class=\"col-sm-12 AKP-561e60f6439b8-1\">\n<div class=\"akp-inner\">\n<p class=\"align-center\"><img fetchpriority=\"high\" decoding=\"async\" src=\"http:\/\/www.nannic.fi\/v3\/files\/w4p9oazWZh\/supersunic+uudet.jpg?1448482621\" alt=\"\" width=\"571\" height=\"291\" \/><\/p>\n<h2>SUPERSUNIC ITSERUSKETTAVAT KOTIHOITOTUOTTEET<\/h2>\n<\/div>\n<\/div>\n<\/div>\n<\/div>\n<\/section>\n<section class=\"site-section AKS-560d45d72369a\">\n<div class=\"container AKC-560d45d72369a\">\n<div class=\"row AKR-560d45d72369a\">\n<div class=\"col-xs-12 col-sm-12 col-md-12 col-lg-12 AKP-560d45d72362c-1\">\n<div class=\"akp-inner\">\n<h2>Nannic\u00a0Epibronze 250 ml<\/h2>\n<p>Asteittain itseruskettava kosteusvoideUUSI KOOSTUMUS.Nannic Epibronze on p\u00e4ivitt\u00e4iseen k\u00e4ytt\u00f6\u00f6n tarkoitettu itseruskettava kosteusvoide vartalolle ja kasvoille.\u00a0 Uusittu Epibronze antaa entist\u00e4 luonnollisemman rusketuksen s\u00e4vyn kaikille ihotyypeille. Se kosteuttaa tehokkaasti ja sis\u00e4lt\u00e4\u00e4 runsaasti antioksidantteja. Nannic Epibronze aktivoi ihon omia rusketustekij\u00f6it\u00e4. Nannic Epibronze soveltuu henkil\u00f6ille, jotka arastelevat itseruskettavien voiteiden k\u00e4ytt\u00f6\u00e4. Se ei j\u00e4t\u00e4 levitysj\u00e4lki\u00e4 vaan antaa kauniin p\u00e4ivetyksen. Nannic Epibronze imeytyy hyvin.<\/p>\n<\/div>\n<\/div>\n<\/div>\n<\/div>\n<\/section>\n<\/div>\n<div class=\"layout-position-Main\" data-layout-place=\"Main\">\n<section class=\"site-section AKS-561e510813c99\">\n<div class=\"container AKC-561e510813c99\"><\/div>\n<\/section>\n<section class=\"site-section AKS-565618d48856b\">\n<div class=\"container AKC-565618d48856b\">\n<div class=\"row AKR-565618d48856b\">\n<div class=\"col-sm-12 AKP-565618d4885e0-1\">\n<div class=\"akp-inner\">\n<h2>Supersunic Self Tan Spray 150 ml<\/h2>\n<p>Suihke tulee mikroskooppisen pienin\u00e4 pisaroina ja kuivuu l\u00e4hes v\u00e4litt\u00f6m\u00e4sti. Supersunic Self Tan ei sis\u00e4ll\u00e4 hajusteita eik\u00e4 v\u00e4riaineita, joten se sopii herk\u00e4llekin iholle. Vaikuttavina aineina toimii DHA ja erythrulose -sokerit. Kaksi tuntia tuotteen lis\u00e4yksest\u00e4 alkaa ihon muuttumaan. Ruskettuminen jatkuu 12 tunnin ajan. Rusketus kest\u00e4\u00e4 iholla noin seitsem\u00e4n p\u00e4iv\u00e4\u00e4. Muuttumattomana tulos s\u00e4ilyy n. 3-4 p\u00e4iv\u00e4\u00e4. Sen j\u00e4lkeen se vaalenee v\u00e4hitellen.\u00a0\u00a0Supersunic Sprayt\u00e4 voit k\u00e4ytt\u00e4\u00e4 my\u00f6s yl\u00f6salaisin. Suihkuta Supersunic Itseruskettavaa sprayt\u00e4 n. 30 cm et\u00e4isyydelt\u00e4. Tee kevyesti py\u00f6rivi\u00e4 liikkeit\u00e4 samalla kun suihkutat. Tuote kuivuu nopeasti ja voit pukeutua l\u00e4hes v\u00e4litt\u00f6m\u00e4sti. Supersunic Self Tan ei kuivata ihoa. Yksi suihkepullo riitt\u00e4\u00e4 n.3-5 kokovartalo suihkutukseen. Lopputuloksena kaunis ja luonnollinen rusketus. Pidenn\u00e4 rusketuksen kestoa k\u00e4ytt\u00e4m\u00e4ll\u00e4 Nannic Epibronze kosteusvoidetta.<\/p>\n<\/div>\n<\/div>\n<\/div>\n<\/div>\n<\/section>\n<section class=\"site-section AKS-56561a8d80593\">\n<div class=\"container AKC-56561a8d80593\">\n<div class=\"row AKR-56561a8d80593\">\n<div class=\"col-sm-12 AKP-56561a8d80611-1\">\n<div class=\"akp-inner\">\n<h2>Supersunic Self Tan Towel &#8211; 8 kpl itseruskettavia kosteuspyyhkeit\u00e4<\/h2>\n<p>Supersunic itseruskettavat pyyhkeet antavat iholle kauniin rusketuksen, joka kest\u00e4\u00e4 iholla 5-7 p\u00e4iv\u00e4\u00e4. Rusketus alkaa kehittym\u00e4\u00e4n iholla 2-12 tunnin aikana levityksest\u00e4. Supersunic pyyhkeet eiv\u00e4t sis\u00e4ll\u00e4 alkoholia tai parabeenej\u00e4. Niit\u00e4 voi k\u00e4ytt\u00e4\u00e4 my\u00f6s herk\u00e4lle iholle. Pyyhkeet sis\u00e4lt\u00e4v\u00e4t DHA ja Erythrulose sokeria.\u00a0Pyyhkeill\u00e4 saa helposti tasaisen rusketuksen &#8221;hankalille&#8221; ihoalueille kuten esim. pohkeiden takaosaan ja k\u00e4sivarsiin. Yksitt\u00e4ispakatut pyyhkeet on helppo ottaa matkalle mukaan. Tuote on siisti levitt\u00e4\u00e4. K\u00e4yt\u00f6n j\u00e4lkeen pese k\u00e4det huolellisesti tai k\u00e4yt\u00e4 hanskoja.<\/p>\n<\/div>\n<\/div>\n<\/div>\n<\/div>\n<\/section>\n<\/div>\n","protected":false},"excerpt":{"rendered":"<p>SUPERSUNIC ITSERUSKETTAVAT KOTIHOITOTUOTTEET Nannic\u00a0Epibronze 250 ml Asteittain itseruskettava kosteusvoideUUSI KOOSTUMUS.Nannic Epibronze on p\u00e4ivitt\u00e4iseen k\u00e4ytt\u00f6\u00f6n tarkoitettu itseruskettava kosteusvoide vartalolle ja kasvoille.\u00a0 Uusittu Epibronze antaa entist\u00e4 luonnollisemman rusketuksen s\u00e4vyn kaikille ihotyypeille. Se kosteuttaa tehokkaasti ja sis\u00e4lt\u00e4\u00e4 runsaasti antioksidantteja. Nannic Epibronze aktivoi ihon omia rusketustekij\u00f6it\u00e4. Nannic Epibronze soveltuu henkil\u00f6ille, jotka arastelevat itseruskettavien voiteiden k\u00e4ytt\u00f6\u00e4. Se ei j\u00e4t\u00e4 levitysj\u00e4lki\u00e4 [&hellip;]<\/p>\n","protected":false},"author":4,"featured_media":0,"parent":0,"menu_order":0,"comment_status":"closed","ping_status":"closed","template":"","meta":{"ocean_post_layout":"","ocean_both_sidebars_style":"","ocean_both_sidebars_content_width":0,"ocean_both_sidebars_sidebars_width":0,"ocean_sidebar":"","ocean_second_sidebar":"","ocean_disable_margins":"enable","ocean_add_body_class":"","ocean_shortcode_before_top_bar":"","ocean_shortcode_after_top_bar":"","ocean_shortcode_before_header":"","ocean_shortcode_after_header":"","ocean_has_shortcode":"","ocean_shortcode_after_title":"","ocean_shortcode_before_footer_widgets":"","ocean_shortcode_after_footer_widgets":"","ocean_shortcode_before_footer_bottom":"","ocean_shortcode_after_footer_bottom":"","ocean_display_top_bar":"default","ocean_display_header":"default","ocean_header_style":"","ocean_center_header_left_menu":"","ocean_custom_header_template":"","ocean_custom_logo":0,"ocean_custom_retina_logo":0,"ocean_custom_logo_max_width":0,"ocean_custom_logo_tablet_max_width":0,"ocean_custom_logo_mobile_max_width":0,"ocean_custom_logo_max_height":0,"ocean_custom_logo_tablet_max_height":0,"ocean_custom_logo_mobile_max_height":0,"ocean_header_custom_menu":"","ocean_menu_typo_font_family":"","ocean_menu_typo_font_subset":"","ocean_menu_typo_font_size":0,"ocean_menu_typo_font_size_tablet":0,"ocean_menu_typo_font_size_mobile":0,"ocean_menu_typo_font_size_unit":"px","ocean_menu_typo_font_weight":"","ocean_menu_typo_font_weight_tablet":"","ocean_menu_typo_font_weight_mobile":"","ocean_menu_typo_transform":"","ocean_menu_typo_transform_tablet":"","ocean_menu_typo_transform_mobile":"","ocean_menu_typo_line_height":0,"ocean_menu_typo_line_height_tablet":0,"ocean_menu_typo_line_height_mobile":0,"ocean_menu_typo_line_height_unit":"","ocean_menu_typo_spacing":0,"ocean_menu_typo_spacing_tablet":0,"ocean_menu_typo_spacing_mobile":0,"ocean_menu_typo_spacing_unit":"","ocean_menu_link_color":"","ocean_menu_link_color_hover":"","ocean_menu_link_color_active":"","ocean_menu_link_background":"","ocean_menu_link_hover_background":"","ocean_menu_link_active_background":"","ocean_menu_social_links_bg":"","ocean_menu_social_hover_links_bg":"","ocean_menu_social_links_color":"","ocean_menu_social_hover_links_color":"","ocean_disable_title":"default","ocean_disable_heading":"default","ocean_post_title":"","ocean_post_subheading":"","ocean_post_title_style":"","ocean_post_title_background_color":"","ocean_post_title_background":0,"ocean_post_title_bg_image_position":"","ocean_post_title_bg_image_attachment":"","ocean_post_title_bg_image_repeat":"","ocean_post_title_bg_image_size":"","ocean_post_title_height":0,"ocean_post_title_bg_overlay":0.5,"ocean_post_title_bg_overlay_color":"","ocean_disable_breadcrumbs":"default","ocean_breadcrumbs_color":"","ocean_breadcrumbs_separator_color":"","ocean_breadcrumbs_links_color":"","ocean_breadcrumbs_links_hover_color":"","ocean_display_footer_widgets":"default","ocean_display_footer_bottom":"default","ocean_custom_footer_template":"","osh_disable_topbar_sticky":"default","osh_disable_header_sticky":"default","osh_sticky_header_style":"default","osh_sticky_header_effect":"","osh_custom_sticky_logo":0,"osh_custom_retina_sticky_logo":0,"osh_custom_sticky_logo_height":0,"osh_background_color":"","osh_links_color":"","osh_links_hover_color":"","osh_links_active_color":"","osh_links_bg_color":"","osh_links_hover_bg_color":"","osh_links_active_bg_color":"","osh_menu_social_links_color":"","osh_menu_social_hover_links_color":"","footnotes":""},"class_list":["post-2967","page","type-page","status-publish","hentry","entry","owp-thumbs-layout-horizontal","owp-btn-normal","owp-tabs-layout-horizontal","has-no-thumbnails","circle-sale"],"yoast_head":"<!-- This site is optimized with the Yoast SEO plugin v27.5 - https:\/\/yoast.com\/product\/yoast-seo-wordpress\/ -->\n<title>SUPERSUNIC - Iluteeninduskoolide kursused<\/title>\n<meta name=\"robots\" content=\"index, follow, max-snippet:-1, max-image-preview:large, max-video-preview:-1\" \/>\n<link rel=\"canonical\" href=\"https:\/\/iluteeninduskool.ee\/fi\/supersunic\/\" \/>\n<meta property=\"og:locale\" content=\"fi_FI\" \/>\n<meta property=\"og:type\" content=\"article\" \/>\n<meta property=\"og:title\" content=\"SUPERSUNIC - Iluteeninduskoolide kursused\" \/>\n<meta property=\"og:description\" content=\"SUPERSUNIC ITSERUSKETTAVAT KOTIHOITOTUOTTEET Nannic\u00a0Epibronze 250 ml Asteittain itseruskettava kosteusvoideUUSI KOOSTUMUS.Nannic Epibronze on p\u00e4ivitt\u00e4iseen k\u00e4ytt\u00f6\u00f6n tarkoitettu itseruskettava kosteusvoide vartalolle ja kasvoille.\u00a0 Uusittu Epibronze antaa entist\u00e4 luonnollisemman rusketuksen s\u00e4vyn kaikille ihotyypeille. Se kosteuttaa tehokkaasti ja sis\u00e4lt\u00e4\u00e4 runsaasti antioksidantteja. Nannic Epibronze aktivoi ihon omia rusketustekij\u00f6it\u00e4. Nannic Epibronze soveltuu henkil\u00f6ille, jotka arastelevat itseruskettavien voiteiden k\u00e4ytt\u00f6\u00e4. Se ei j\u00e4t\u00e4 levitysj\u00e4lki\u00e4 [&hellip;]\" \/>\n<meta property=\"og:url\" content=\"https:\/\/iluteeninduskool.ee\/fi\/supersunic\/\" \/>\n<meta property=\"og:site_name\" content=\"Iluteeninduskoolide kursused\" \/>\n<meta property=\"og:image\" content=\"http:\/\/www.nannic.fi\/v3\/files\/w4p9oazWZh\/supersunic+uudet.jpg?1448482621\" \/>\n<meta name=\"twitter:label1\" content=\"Arvioitu lukuaika\" \/>\n\t<meta name=\"twitter:data1\" content=\"2 minuuttia\" \/>\n<script type=\"application\/ld+json\" class=\"yoast-schema-graph\">{\"@context\":\"https:\\\/\\\/schema.org\",\"@graph\":[{\"@type\":\"WebPage\",\"@id\":\"https:\\\/\\\/iluteeninduskool.ee\\\/fi\\\/supersunic\\\/\",\"url\":\"https:\\\/\\\/iluteeninduskool.ee\\\/fi\\\/supersunic\\\/\",\"name\":\"SUPERSUNIC - Iluteeninduskoolide kursused\",\"isPartOf\":{\"@id\":\"https:\\\/\\\/iluteeninduskool.ee\\\/#website\"},\"primaryImageOfPage\":{\"@id\":\"https:\\\/\\\/iluteeninduskool.ee\\\/fi\\\/supersunic\\\/#primaryimage\"},\"image\":{\"@id\":\"https:\\\/\\\/iluteeninduskool.ee\\\/fi\\\/supersunic\\\/#primaryimage\"},\"thumbnailUrl\":\"http:\\\/\\\/www.nannic.fi\\\/v3\\\/files\\\/w4p9oazWZh\\\/supersunic+uudet.jpg?1448482621\",\"datePublished\":\"2016-10-30T11:42:35+00:00\",\"inLanguage\":\"fi\",\"potentialAction\":[{\"@type\":\"ReadAction\",\"target\":[\"https:\\\/\\\/iluteeninduskool.ee\\\/fi\\\/supersunic\\\/\"]}]},{\"@type\":\"ImageObject\",\"inLanguage\":\"fi\",\"@id\":\"https:\\\/\\\/iluteeninduskool.ee\\\/fi\\\/supersunic\\\/#primaryimage\",\"url\":\"http:\\\/\\\/www.nannic.fi\\\/v3\\\/files\\\/w4p9oazWZh\\\/supersunic+uudet.jpg?1448482621\",\"contentUrl\":\"http:\\\/\\\/www.nannic.fi\\\/v3\\\/files\\\/w4p9oazWZh\\\/supersunic+uudet.jpg?1448482621\"},{\"@type\":\"WebSite\",\"@id\":\"https:\\\/\\\/iluteeninduskool.ee\\\/#website\",\"url\":\"https:\\\/\\\/iluteeninduskool.ee\\\/\",\"name\":\"Iluteeninduskoolide kursused\",\"description\":\"K\u00f5ik iluteenustega seotud kursused \u00fchest kohast\",\"publisher\":{\"@id\":\"https:\\\/\\\/iluteeninduskool.ee\\\/#organization\"},\"potentialAction\":[{\"@type\":\"SearchAction\",\"target\":{\"@type\":\"EntryPoint\",\"urlTemplate\":\"https:\\\/\\\/iluteeninduskool.ee\\\/?s={search_term_string}\"},\"query-input\":{\"@type\":\"PropertyValueSpecification\",\"valueRequired\":true,\"valueName\":\"search_term_string\"}}],\"inLanguage\":\"fi\"},{\"@type\":\"Organization\",\"@id\":\"https:\\\/\\\/iluteeninduskool.ee\\\/#organization\",\"name\":\"Iluteeninduskoolide kursused\",\"url\":\"https:\\\/\\\/iluteeninduskool.ee\\\/\",\"logo\":{\"@type\":\"ImageObject\",\"inLanguage\":\"fi\",\"@id\":\"https:\\\/\\\/iluteeninduskool.ee\\\/#\\\/schema\\\/logo\\\/image\\\/\",\"url\":\"https:\\\/\\\/iluteeninduskool.ee\\\/wp-content\\\/uploads\\\/2013\\\/03\\\/logo11.png\",\"contentUrl\":\"https:\\\/\\\/iluteeninduskool.ee\\\/wp-content\\\/uploads\\\/2013\\\/03\\\/logo11.png\",\"width\":225,\"height\":110,\"caption\":\"Iluteeninduskoolide kursused\"},\"image\":{\"@id\":\"https:\\\/\\\/iluteeninduskool.ee\\\/#\\\/schema\\\/logo\\\/image\\\/\"}}]}<\/script>\n<!-- \/ Yoast SEO plugin. -->","yoast_head_json":{"title":"SUPERSUNIC - Iluteeninduskoolide kursused","robots":{"index":"index","follow":"follow","max-snippet":"max-snippet:-1","max-image-preview":"max-image-preview:large","max-video-preview":"max-video-preview:-1"},"canonical":"https:\/\/iluteeninduskool.ee\/fi\/supersunic\/","og_locale":"fi_FI","og_type":"article","og_title":"SUPERSUNIC - Iluteeninduskoolide kursused","og_description":"SUPERSUNIC ITSERUSKETTAVAT KOTIHOITOTUOTTEET Nannic\u00a0Epibronze 250 ml Asteittain itseruskettava kosteusvoideUUSI KOOSTUMUS.Nannic Epibronze on p\u00e4ivitt\u00e4iseen k\u00e4ytt\u00f6\u00f6n tarkoitettu itseruskettava kosteusvoide vartalolle ja kasvoille.\u00a0 Uusittu Epibronze antaa entist\u00e4 luonnollisemman rusketuksen s\u00e4vyn kaikille ihotyypeille. Se kosteuttaa tehokkaasti ja sis\u00e4lt\u00e4\u00e4 runsaasti antioksidantteja. Nannic Epibronze aktivoi ihon omia rusketustekij\u00f6it\u00e4. Nannic Epibronze soveltuu henkil\u00f6ille, jotka arastelevat itseruskettavien voiteiden k\u00e4ytt\u00f6\u00e4. Se ei j\u00e4t\u00e4 levitysj\u00e4lki\u00e4 [&hellip;]","og_url":"https:\/\/iluteeninduskool.ee\/fi\/supersunic\/","og_site_name":"Iluteeninduskoolide kursused","og_image":[{"url":"http:\/\/www.nannic.fi\/v3\/files\/w4p9oazWZh\/supersunic+uudet.jpg?1448482621","type":"","width":"","height":""}],"twitter_misc":{"Arvioitu lukuaika":"2 minuuttia"},"schema":{"@context":"https:\/\/schema.org","@graph":[{"@type":"WebPage","@id":"https:\/\/iluteeninduskool.ee\/fi\/supersunic\/","url":"https:\/\/iluteeninduskool.ee\/fi\/supersunic\/","name":"SUPERSUNIC - Iluteeninduskoolide kursused","isPartOf":{"@id":"https:\/\/iluteeninduskool.ee\/#website"},"primaryImageOfPage":{"@id":"https:\/\/iluteeninduskool.ee\/fi\/supersunic\/#primaryimage"},"image":{"@id":"https:\/\/iluteeninduskool.ee\/fi\/supersunic\/#primaryimage"},"thumbnailUrl":"http:\/\/www.nannic.fi\/v3\/files\/w4p9oazWZh\/supersunic+uudet.jpg?1448482621","datePublished":"2016-10-30T11:42:35+00:00","inLanguage":"fi","potentialAction":[{"@type":"ReadAction","target":["https:\/\/iluteeninduskool.ee\/fi\/supersunic\/"]}]},{"@type":"ImageObject","inLanguage":"fi","@id":"https:\/\/iluteeninduskool.ee\/fi\/supersunic\/#primaryimage","url":"http:\/\/www.nannic.fi\/v3\/files\/w4p9oazWZh\/supersunic+uudet.jpg?1448482621","contentUrl":"http:\/\/www.nannic.fi\/v3\/files\/w4p9oazWZh\/supersunic+uudet.jpg?1448482621"},{"@type":"WebSite","@id":"https:\/\/iluteeninduskool.ee\/#website","url":"https:\/\/iluteeninduskool.ee\/","name":"Iluteeninduskoolide kursused","description":"K\u00f5ik iluteenustega seotud kursused \u00fchest kohast","publisher":{"@id":"https:\/\/iluteeninduskool.ee\/#organization"},"potentialAction":[{"@type":"SearchAction","target":{"@type":"EntryPoint","urlTemplate":"https:\/\/iluteeninduskool.ee\/?s={search_term_string}"},"query-input":{"@type":"PropertyValueSpecification","valueRequired":true,"valueName":"search_term_string"}}],"inLanguage":"fi"},{"@type":"Organization","@id":"https:\/\/iluteeninduskool.ee\/#organization","name":"Iluteeninduskoolide kursused","url":"https:\/\/iluteeninduskool.ee\/","logo":{"@type":"ImageObject","inLanguage":"fi","@id":"https:\/\/iluteeninduskool.ee\/#\/schema\/logo\/image\/","url":"https:\/\/iluteeninduskool.ee\/wp-content\/uploads\/2013\/03\/logo11.png","contentUrl":"https:\/\/iluteeninduskool.ee\/wp-content\/uploads\/2013\/03\/logo11.png","width":225,"height":110,"caption":"Iluteeninduskoolide kursused"},"image":{"@id":"https:\/\/iluteeninduskool.ee\/#\/schema\/logo\/image\/"}}]}},"_links":{"self":[{"href":"https:\/\/iluteeninduskool.ee\/fi\/wp-json\/wp\/v2\/pages\/2967","targetHints":{"allow":["GET"]}}],"collection":[{"href":"https:\/\/iluteeninduskool.ee\/fi\/wp-json\/wp\/v2\/pages"}],"about":[{"href":"https:\/\/iluteeninduskool.ee\/fi\/wp-json\/wp\/v2\/types\/page"}],"author":[{"embeddable":true,"href":"https:\/\/iluteeninduskool.ee\/fi\/wp-json\/wp\/v2\/users\/4"}],"replies":[{"embeddable":true,"href":"https:\/\/iluteeninduskool.ee\/fi\/wp-json\/wp\/v2\/comments?post=2967"}],"version-history":[{"count":1,"href":"https:\/\/iluteeninduskool.ee\/fi\/wp-json\/wp\/v2\/pages\/2967\/revisions"}],"predecessor-version":[{"id":2968,"href":"https:\/\/iluteeninduskool.ee\/fi\/wp-json\/wp\/v2\/pages\/2967\/revisions\/2968"}],"wp:attachment":[{"href":"https:\/\/iluteeninduskool.ee\/fi\/wp-json\/wp\/v2\/media?parent=2967"}],"curies":[{"name":"wp","href":"https:\/\/api.w.org\/{rel}","templated":true}]}}