{"id":2969,"date":"2016-10-30T13:44:32","date_gmt":"2016-10-30T11:44:32","guid":{"rendered":"http:\/\/iluteeninduskool.ee\/fi\/?page_id=2969"},"modified":"2016-10-30T13:44:32","modified_gmt":"2016-10-30T11:44:32","slug":"tehohoito","status":"publish","type":"page","link":"https:\/\/iluteeninduskool.ee\/fi\/tehohoito\/","title":{"rendered":"TEHOHOITO"},"content":{"rendered":"<div class=\"layout-position-Kuvituskuva\" data-layout-place=\"Kuvituskuva\">\n<section class=\"site-section AKS-560d45d72369a\">\n<div class=\"container AKC-560d45d72369a\">\n<div class=\"row AKR-560d45d72369a\">\n<div class=\"col-xs-12 col-sm-12 col-md-12 col-lg-12 AKP-560d45d72362c-1\">\n<div class=\"akp-inner\">\n<p class=\"align-center\"><img fetchpriority=\"high\" decoding=\"async\" src=\"http:\/\/www.nannic.fi\/v3\/files\/4151znp8fU\/Special+care.jpg?1448542644\" alt=\"\" width=\"555\" height=\"270\" \/><\/p>\n<p>&nbsp;<\/p>\n<\/div>\n<\/div>\n<\/div>\n<\/div>\n<\/section>\n<\/div>\n<div class=\"layout-position-Main\" data-layout-place=\"Main\">\n<section class=\"site-section AKS-565592be8b1c7\">\n<div class=\"container AKC-565592be8b1c7\"><\/div>\n<\/section>\n<section class=\"site-section AKS-56559584c0b30\">\n<div class=\"container AKC-56559584c0b30\">\n<div class=\"row AKR-56559584c0b30\">\n<div class=\"col-sm-12 AKP-56559584c0b9b-1\">\n<div class=\"akp-inner\">\n<h2>Nannic Epithelium+\u00a015 ml<\/h2>\n<p>Tehokuuri ihon mekaanisten k\u00e4sittelyjen j\u00e4lkihoitoon.<\/p>\n<p>Nannic Epithelium+ on kotihoitotuote Nannic Deep Skin hionta ja mikroneulaus hoidon j\u00e4lkeen. Epithelium+ sopii k\u00e4ytett\u00e4v\u00e4ksi my\u00f6s laserhoidon, kemiallisen kuorinnan sek\u00e4 karvanpoiston j\u00e4lkihoitona. Nannic\u00a0Epithelium+ tuotetta tulisi k\u00e4ytt\u00e4\u00e4\u00a010 p\u00e4iv\u00e4\u00e4 hoidon j\u00e4lkeen. Epithelium+ sis\u00e4lt\u00e4\u00e4 kupari 3 peptidej\u00e4, jotka aktivoivat ihon proteiinien synteesi\u00e4. Epithelium+ v\u00e4hent\u00e4\u00e4 arpikudosta, aktivoi kollageenin tuotantoa ja vahvistaa epidermist\u00e4. Tehokkaalla ihoa uudistavalla vaikutuksella hoidetaan mm. ihon keratoosi muutoksia, kuten ik\u00e4luomia ja aurinkovaurioita. Soveltuu k\u00e4ytett\u00e4v\u00e4ksi my\u00f6s pelkk\u00e4n\u00e4 kotihoitokuurina. Riittoisa tuote.<\/p>\n<\/div>\n<\/div>\n<\/div>\n<\/div>\n<\/section>\n<section class=\"site-section AKS-56559633118bf\">\n<div class=\"container AKC-56559633118bf\">\n<div class=\"row AKR-56559633118bf\">\n<div class=\"col-sm-12 AKP-565596331192c-1\">\n<div class=\"akp-inner\">\n<h2>Nannic UV-Shield 50 ml UUTTA AURINKOSUOJAUKSEEN<\/h2>\n<p>Nannic on vuosien ajan tietoisesti v\u00e4ltt\u00e4nyt lis\u00e4\u00e4m\u00e4st\u00e4 aurinkosuojaa hoitotuotteisiinsa. Nannicin UV-Shieldiss\u00e4 kemialliset UV-suoja-aineet ovat mikrokapseleiden sis\u00e4ll\u00e4. Nannic UV-Shieldi\u00e4 on helppoa suihkuttaa iholle n. 3h tunnin v\u00e4lein. Silloin se antaa 95% suojan UVA ja UVB s\u00e4teilt\u00e4. SPF 25.\u00a0UV-Shieldin voit suihkuttaa suoraan meikin p\u00e4\u00e4lle. Se ei tee ihosta tahmeaa ja on l\u00e4hes tuoksuton. Hoitavat ainesosat v\u00e4hent\u00e4v\u00e4t ihon DNA-vaurioita. Soveltuu herk\u00e4lle iholle.Helppo suihkuttaa iholle milloin tahansa.<\/p>\n<\/div>\n<\/div>\n<\/div>\n<\/div>\n<\/section>\n<section class=\"site-section AKS-565593ed965d2\">\n<div class=\"container AKC-565593ed965d2\">\n<div class=\"row AKR-565593ed965d2\">\n<div class=\"col-sm-12 AKP-565593ed96640-1\">\n<div class=\"akp-inner\">\n<h2>Nannic Barrier Cream 100 ml\u00a0AMMATTIKOKO<\/h2>\n<p>Viimeistele jokainen kasvohoito suojaavalla Nannic Barrier Creamill\u00e4.\u00a0Nannic Barrier Cream stimuloi solujen uusiutumista ja kollageenisynteesi\u00e4.\u00a0Se rauhoittaa ihoa ja est\u00e4\u00e4 arpien muodostumista. Barrier Cream v\u00e4hent\u00e4\u00e4 oksidatiivista stressi\u00e4 iho kudoksessa. Nannic Barrier Cream sis\u00e4lt\u00e4\u00e4 ihoa uudistavaa kupari tripeptidi\u00e4, bisabololia, jota saadaan kamomillasta sek\u00e4 hydrogenoitua kookos\u00f6ljy\u00e4. Tuote on pakattu ilmatiiviiseen pumppupulloon. Kotik\u00e4yt\u00f6ss\u00e4 Barrier Cream on hyv\u00e4 suojavoide ulkoiluun.<\/p>\n<\/div>\n<\/div>\n<\/div>\n<\/div>\n<\/section>\n<section class=\"site-section AKS-5655981a3e4a7\">\n<div class=\"container AKC-5655981a3e4a7\">\n<div class=\"row AKR-5655981a3e4a7\">\n<div class=\"col-sm-12 AKP-5655981a3e511-1\">\n<div class=\"akp-inner\">\n<h2>Nannic Miracle lips<\/h2>\n<p>Nannic Miracle Lips huulivoide suojaa huulia UVA ja UVB s\u00e4teit\u00e4 vastaan. Se on \u00e4\u00e4rimm\u00e4isen kosteuttava ja lis\u00e4ttty tripeptidi lis\u00e4\u00e4 hieman huulien volyymia ja tarkentaa huulten \u00e4\u00e4riviivoja. Nannic Miracle Lips lis\u00e4\u00e4 kollageenin tuotantoa ja huulten\u00a0Iho s\u00e4ilyy kimmoisana.\u00a0Lis\u00e4tyt antioksidantit suojaavat ihoa vanhenemiselta.\u00a0Nannic Miracle Lips tuotetta saa kolmena s\u00e4vyn\u00e4. V\u00e4rit\u00f6n huulivoide, l\u00e4mmin punainen ja kylm\u00e4 punainen. S\u00e4vylliset v\u00e4rit ovat kuultavia ja antavat huulille luonnollisen s\u00e4vyn.<\/p>\n<\/div>\n<\/div>\n<\/div>\n<\/div>\n<\/section>\n<\/div>\n","protected":false},"excerpt":{"rendered":"<p>&nbsp; Nannic Epithelium+\u00a015 ml Tehokuuri ihon mekaanisten k\u00e4sittelyjen j\u00e4lkihoitoon. Nannic Epithelium+ on kotihoitotuote Nannic Deep Skin hionta ja mikroneulaus hoidon j\u00e4lkeen. Epithelium+ sopii k\u00e4ytett\u00e4v\u00e4ksi my\u00f6s laserhoidon, kemiallisen kuorinnan sek\u00e4 karvanpoiston j\u00e4lkihoitona. Nannic\u00a0Epithelium+ tuotetta tulisi k\u00e4ytt\u00e4\u00e4\u00a010 p\u00e4iv\u00e4\u00e4 hoidon j\u00e4lkeen. Epithelium+ sis\u00e4lt\u00e4\u00e4 kupari 3 peptidej\u00e4, jotka aktivoivat ihon proteiinien synteesi\u00e4. Epithelium+ v\u00e4hent\u00e4\u00e4 arpikudosta, aktivoi kollageenin tuotantoa ja [&hellip;]<\/p>\n","protected":false},"author":4,"featured_media":0,"parent":0,"menu_order":0,"comment_status":"closed","ping_status":"closed","template":"","meta":{"ocean_post_layout":"","ocean_both_sidebars_style":"","ocean_both_sidebars_content_width":0,"ocean_both_sidebars_sidebars_width":0,"ocean_sidebar":"","ocean_second_sidebar":"","ocean_disable_margins":"enable","ocean_add_body_class":"","ocean_shortcode_before_top_bar":"","ocean_shortcode_after_top_bar":"","ocean_shortcode_before_header":"","ocean_shortcode_after_header":"","ocean_has_shortcode":"","ocean_shortcode_after_title":"","ocean_shortcode_before_footer_widgets":"","ocean_shortcode_after_footer_widgets":"","ocean_shortcode_before_footer_bottom":"","ocean_shortcode_after_footer_bottom":"","ocean_display_top_bar":"default","ocean_display_header":"default","ocean_header_style":"","ocean_center_header_left_menu":"","ocean_custom_header_template":"","ocean_custom_logo":0,"ocean_custom_retina_logo":0,"ocean_custom_logo_max_width":0,"ocean_custom_logo_tablet_max_width":0,"ocean_custom_logo_mobile_max_width":0,"ocean_custom_logo_max_height":0,"ocean_custom_logo_tablet_max_height":0,"ocean_custom_logo_mobile_max_height":0,"ocean_header_custom_menu":"","ocean_menu_typo_font_family":"","ocean_menu_typo_font_subset":"","ocean_menu_typo_font_size":0,"ocean_menu_typo_font_size_tablet":0,"ocean_menu_typo_font_size_mobile":0,"ocean_menu_typo_font_size_unit":"px","ocean_menu_typo_font_weight":"","ocean_menu_typo_font_weight_tablet":"","ocean_menu_typo_font_weight_mobile":"","ocean_menu_typo_transform":"","ocean_menu_typo_transform_tablet":"","ocean_menu_typo_transform_mobile":"","ocean_menu_typo_line_height":0,"ocean_menu_typo_line_height_tablet":0,"ocean_menu_typo_line_height_mobile":0,"ocean_menu_typo_line_height_unit":"","ocean_menu_typo_spacing":0,"ocean_menu_typo_spacing_tablet":0,"ocean_menu_typo_spacing_mobile":0,"ocean_menu_typo_spacing_unit":"","ocean_menu_link_color":"","ocean_menu_link_color_hover":"","ocean_menu_link_color_active":"","ocean_menu_link_background":"","ocean_menu_link_hover_background":"","ocean_menu_link_active_background":"","ocean_menu_social_links_bg":"","ocean_menu_social_hover_links_bg":"","ocean_menu_social_links_color":"","ocean_menu_social_hover_links_color":"","ocean_disable_title":"default","ocean_disable_heading":"default","ocean_post_title":"","ocean_post_subheading":"","ocean_post_title_style":"","ocean_post_title_background_color":"","ocean_post_title_background":0,"ocean_post_title_bg_image_position":"","ocean_post_title_bg_image_attachment":"","ocean_post_title_bg_image_repeat":"","ocean_post_title_bg_image_size":"","ocean_post_title_height":0,"ocean_post_title_bg_overlay":0.5,"ocean_post_title_bg_overlay_color":"","ocean_disable_breadcrumbs":"default","ocean_breadcrumbs_color":"","ocean_breadcrumbs_separator_color":"","ocean_breadcrumbs_links_color":"","ocean_breadcrumbs_links_hover_color":"","ocean_display_footer_widgets":"default","ocean_display_footer_bottom":"default","ocean_custom_footer_template":"","osh_disable_topbar_sticky":"default","osh_disable_header_sticky":"default","osh_sticky_header_style":"default","osh_sticky_header_effect":"","osh_custom_sticky_logo":0,"osh_custom_retina_sticky_logo":0,"osh_custom_sticky_logo_height":0,"osh_background_color":"","osh_links_color":"","osh_links_hover_color":"","osh_links_active_color":"","osh_links_bg_color":"","osh_links_hover_bg_color":"","osh_links_active_bg_color":"","osh_menu_social_links_color":"","osh_menu_social_hover_links_color":"","footnotes":""},"class_list":["post-2969","page","type-page","status-publish","hentry","entry","owp-thumbs-layout-horizontal","owp-btn-normal","owp-tabs-layout-horizontal","has-no-thumbnails","circle-sale"],"yoast_head":"<!-- This site is optimized with the Yoast SEO plugin v27.2 - https:\/\/yoast.com\/product\/yoast-seo-wordpress\/ -->\n<title>TEHOHOITO - Iluteeninduskoolide kursused<\/title>\n<meta name=\"robots\" content=\"index, follow, max-snippet:-1, max-image-preview:large, max-video-preview:-1\" \/>\n<link rel=\"canonical\" href=\"https:\/\/iluteeninduskool.ee\/fi\/tehohoito\/\" \/>\n<meta property=\"og:locale\" content=\"fi_FI\" \/>\n<meta property=\"og:type\" content=\"article\" \/>\n<meta property=\"og:title\" content=\"TEHOHOITO - Iluteeninduskoolide kursused\" \/>\n<meta property=\"og:description\" content=\"&nbsp; Nannic Epithelium+\u00a015 ml Tehokuuri ihon mekaanisten k\u00e4sittelyjen j\u00e4lkihoitoon. Nannic Epithelium+ on kotihoitotuote Nannic Deep Skin hionta ja mikroneulaus hoidon j\u00e4lkeen. Epithelium+ sopii k\u00e4ytett\u00e4v\u00e4ksi my\u00f6s laserhoidon, kemiallisen kuorinnan sek\u00e4 karvanpoiston j\u00e4lkihoitona. Nannic\u00a0Epithelium+ tuotetta tulisi k\u00e4ytt\u00e4\u00e4\u00a010 p\u00e4iv\u00e4\u00e4 hoidon j\u00e4lkeen. Epithelium+ sis\u00e4lt\u00e4\u00e4 kupari 3 peptidej\u00e4, jotka aktivoivat ihon proteiinien synteesi\u00e4. Epithelium+ v\u00e4hent\u00e4\u00e4 arpikudosta, aktivoi kollageenin tuotantoa ja [&hellip;]\" \/>\n<meta property=\"og:url\" content=\"https:\/\/iluteeninduskool.ee\/fi\/tehohoito\/\" \/>\n<meta property=\"og:site_name\" content=\"Iluteeninduskoolide kursused\" \/>\n<meta property=\"og:image\" content=\"http:\/\/www.nannic.fi\/v3\/files\/4151znp8fU\/Special+care.jpg?1448542644\" \/>\n<meta name=\"twitter:label1\" content=\"Arvioitu lukuaika\" \/>\n\t<meta name=\"twitter:data1\" content=\"2 minuuttia\" \/>\n<script type=\"application\/ld+json\" class=\"yoast-schema-graph\">{\"@context\":\"https:\/\/schema.org\",\"@graph\":[{\"@type\":\"WebPage\",\"@id\":\"https:\/\/iluteeninduskool.ee\/fi\/tehohoito\/\",\"url\":\"https:\/\/iluteeninduskool.ee\/fi\/tehohoito\/\",\"name\":\"TEHOHOITO - Iluteeninduskoolide kursused\",\"isPartOf\":{\"@id\":\"https:\/\/iluteeninduskool.ee\/#website\"},\"primaryImageOfPage\":{\"@id\":\"https:\/\/iluteeninduskool.ee\/fi\/tehohoito\/#primaryimage\"},\"image\":{\"@id\":\"https:\/\/iluteeninduskool.ee\/fi\/tehohoito\/#primaryimage\"},\"thumbnailUrl\":\"http:\/\/www.nannic.fi\/v3\/files\/4151znp8fU\/Special+care.jpg?1448542644\",\"datePublished\":\"2016-10-30T11:44:32+00:00\",\"inLanguage\":\"fi\",\"potentialAction\":[{\"@type\":\"ReadAction\",\"target\":[\"https:\/\/iluteeninduskool.ee\/fi\/tehohoito\/\"]}]},{\"@type\":\"ImageObject\",\"inLanguage\":\"fi\",\"@id\":\"https:\/\/iluteeninduskool.ee\/fi\/tehohoito\/#primaryimage\",\"url\":\"http:\/\/www.nannic.fi\/v3\/files\/4151znp8fU\/Special+care.jpg?1448542644\",\"contentUrl\":\"http:\/\/www.nannic.fi\/v3\/files\/4151znp8fU\/Special+care.jpg?1448542644\"},{\"@type\":\"WebSite\",\"@id\":\"https:\/\/iluteeninduskool.ee\/#website\",\"url\":\"https:\/\/iluteeninduskool.ee\/\",\"name\":\"Iluteeninduskoolide kursused\",\"description\":\"K\u00f5ik iluteenustega seotud kursused \u00fchest kohast\",\"publisher\":{\"@id\":\"https:\/\/iluteeninduskool.ee\/#organization\"},\"potentialAction\":[{\"@type\":\"SearchAction\",\"target\":{\"@type\":\"EntryPoint\",\"urlTemplate\":\"https:\/\/iluteeninduskool.ee\/?s={search_term_string}\"},\"query-input\":{\"@type\":\"PropertyValueSpecification\",\"valueRequired\":true,\"valueName\":\"search_term_string\"}}],\"inLanguage\":\"fi\"},{\"@type\":\"Organization\",\"@id\":\"https:\/\/iluteeninduskool.ee\/#organization\",\"name\":\"Iluteeninduskoolide kursused\",\"url\":\"https:\/\/iluteeninduskool.ee\/\",\"logo\":{\"@type\":\"ImageObject\",\"inLanguage\":\"fi\",\"@id\":\"https:\/\/iluteeninduskool.ee\/#\/schema\/logo\/image\/\",\"url\":\"https:\/\/iluteeninduskool.ee\/wp-content\/uploads\/2013\/03\/logo11.png\",\"contentUrl\":\"https:\/\/iluteeninduskool.ee\/wp-content\/uploads\/2013\/03\/logo11.png\",\"width\":225,\"height\":110,\"caption\":\"Iluteeninduskoolide kursused\"},\"image\":{\"@id\":\"https:\/\/iluteeninduskool.ee\/#\/schema\/logo\/image\/\"}}]}<\/script>\n<!-- \/ Yoast SEO plugin. -->","yoast_head_json":{"title":"TEHOHOITO - Iluteeninduskoolide kursused","robots":{"index":"index","follow":"follow","max-snippet":"max-snippet:-1","max-image-preview":"max-image-preview:large","max-video-preview":"max-video-preview:-1"},"canonical":"https:\/\/iluteeninduskool.ee\/fi\/tehohoito\/","og_locale":"fi_FI","og_type":"article","og_title":"TEHOHOITO - Iluteeninduskoolide kursused","og_description":"&nbsp; Nannic Epithelium+\u00a015 ml Tehokuuri ihon mekaanisten k\u00e4sittelyjen j\u00e4lkihoitoon. Nannic Epithelium+ on kotihoitotuote Nannic Deep Skin hionta ja mikroneulaus hoidon j\u00e4lkeen. Epithelium+ sopii k\u00e4ytett\u00e4v\u00e4ksi my\u00f6s laserhoidon, kemiallisen kuorinnan sek\u00e4 karvanpoiston j\u00e4lkihoitona. Nannic\u00a0Epithelium+ tuotetta tulisi k\u00e4ytt\u00e4\u00e4\u00a010 p\u00e4iv\u00e4\u00e4 hoidon j\u00e4lkeen. Epithelium+ sis\u00e4lt\u00e4\u00e4 kupari 3 peptidej\u00e4, jotka aktivoivat ihon proteiinien synteesi\u00e4. Epithelium+ v\u00e4hent\u00e4\u00e4 arpikudosta, aktivoi kollageenin tuotantoa ja [&hellip;]","og_url":"https:\/\/iluteeninduskool.ee\/fi\/tehohoito\/","og_site_name":"Iluteeninduskoolide kursused","og_image":[{"url":"http:\/\/www.nannic.fi\/v3\/files\/4151znp8fU\/Special+care.jpg?1448542644","type":"","width":"","height":""}],"twitter_misc":{"Arvioitu lukuaika":"2 minuuttia"},"schema":{"@context":"https:\/\/schema.org","@graph":[{"@type":"WebPage","@id":"https:\/\/iluteeninduskool.ee\/fi\/tehohoito\/","url":"https:\/\/iluteeninduskool.ee\/fi\/tehohoito\/","name":"TEHOHOITO - Iluteeninduskoolide kursused","isPartOf":{"@id":"https:\/\/iluteeninduskool.ee\/#website"},"primaryImageOfPage":{"@id":"https:\/\/iluteeninduskool.ee\/fi\/tehohoito\/#primaryimage"},"image":{"@id":"https:\/\/iluteeninduskool.ee\/fi\/tehohoito\/#primaryimage"},"thumbnailUrl":"http:\/\/www.nannic.fi\/v3\/files\/4151znp8fU\/Special+care.jpg?1448542644","datePublished":"2016-10-30T11:44:32+00:00","inLanguage":"fi","potentialAction":[{"@type":"ReadAction","target":["https:\/\/iluteeninduskool.ee\/fi\/tehohoito\/"]}]},{"@type":"ImageObject","inLanguage":"fi","@id":"https:\/\/iluteeninduskool.ee\/fi\/tehohoito\/#primaryimage","url":"http:\/\/www.nannic.fi\/v3\/files\/4151znp8fU\/Special+care.jpg?1448542644","contentUrl":"http:\/\/www.nannic.fi\/v3\/files\/4151znp8fU\/Special+care.jpg?1448542644"},{"@type":"WebSite","@id":"https:\/\/iluteeninduskool.ee\/#website","url":"https:\/\/iluteeninduskool.ee\/","name":"Iluteeninduskoolide kursused","description":"K\u00f5ik iluteenustega seotud kursused \u00fchest kohast","publisher":{"@id":"https:\/\/iluteeninduskool.ee\/#organization"},"potentialAction":[{"@type":"SearchAction","target":{"@type":"EntryPoint","urlTemplate":"https:\/\/iluteeninduskool.ee\/?s={search_term_string}"},"query-input":{"@type":"PropertyValueSpecification","valueRequired":true,"valueName":"search_term_string"}}],"inLanguage":"fi"},{"@type":"Organization","@id":"https:\/\/iluteeninduskool.ee\/#organization","name":"Iluteeninduskoolide kursused","url":"https:\/\/iluteeninduskool.ee\/","logo":{"@type":"ImageObject","inLanguage":"fi","@id":"https:\/\/iluteeninduskool.ee\/#\/schema\/logo\/image\/","url":"https:\/\/iluteeninduskool.ee\/wp-content\/uploads\/2013\/03\/logo11.png","contentUrl":"https:\/\/iluteeninduskool.ee\/wp-content\/uploads\/2013\/03\/logo11.png","width":225,"height":110,"caption":"Iluteeninduskoolide kursused"},"image":{"@id":"https:\/\/iluteeninduskool.ee\/#\/schema\/logo\/image\/"}}]}},"_links":{"self":[{"href":"https:\/\/iluteeninduskool.ee\/fi\/wp-json\/wp\/v2\/pages\/2969","targetHints":{"allow":["GET"]}}],"collection":[{"href":"https:\/\/iluteeninduskool.ee\/fi\/wp-json\/wp\/v2\/pages"}],"about":[{"href":"https:\/\/iluteeninduskool.ee\/fi\/wp-json\/wp\/v2\/types\/page"}],"author":[{"embeddable":true,"href":"https:\/\/iluteeninduskool.ee\/fi\/wp-json\/wp\/v2\/users\/4"}],"replies":[{"embeddable":true,"href":"https:\/\/iluteeninduskool.ee\/fi\/wp-json\/wp\/v2\/comments?post=2969"}],"version-history":[{"count":1,"href":"https:\/\/iluteeninduskool.ee\/fi\/wp-json\/wp\/v2\/pages\/2969\/revisions"}],"predecessor-version":[{"id":2970,"href":"https:\/\/iluteeninduskool.ee\/fi\/wp-json\/wp\/v2\/pages\/2969\/revisions\/2970"}],"wp:attachment":[{"href":"https:\/\/iluteeninduskool.ee\/fi\/wp-json\/wp\/v2\/media?parent=2969"}],"curies":[{"name":"wp","href":"https:\/\/api.w.org\/{rel}","templated":true}]}}