{"id":2984,"date":"2016-10-30T18:04:22","date_gmt":"2016-10-30T16:04:22","guid":{"rendered":"http:\/\/iluteeninduskool.ee\/fi\/?page_id=2984"},"modified":"2016-10-30T18:05:09","modified_gmt":"2016-10-30T16:05:09","slug":"deo-tuoteet","status":"publish","type":"page","link":"https:\/\/iluteeninduskool.ee\/fi\/deo-tuoteet\/","title":{"rendered":"DEO- TUOTTEET"},"content":{"rendered":"<div id=\"fb-root\" class=\" fb_reset\"><\/div>\n<div class=\"layout-position-MainNaviMobile\" data-layout-place=\"MainNaviMobile\"><\/div>\n<div class=\"layout-position-MainNavi\" data-layout-place=\"MainNavi\">\n<section class=\"site-section AKS-560ac8df3b371\">\n<div class=\"container AKC-560ac8df3b371\">\n<div class=\"row AKR-560ac8df3b371\">\n<div class=\"col-sm-12 AKP-560ac8df3b417-1\">\n<div class=\"akp-inner\">\n<nav class=\"aava-navi clearfix\">\n<div class=\"aava-navi-container\">\n<p>&nbsp;<\/p>\n<\/div>\n<\/nav>\n<\/div>\n<\/div>\n<\/div>\n<\/div>\n<\/section>\n<\/div>\n<div class=\"layout-position-Kuvituskuva\" data-layout-place=\"Kuvituskuva\">\n<section class=\"site-section AKS-560d45d72369a\">\n<div class=\"container AKC-560d45d72369a\">\n<div class=\"row AKR-560d45d72369a\">\n<div class=\"col-xs-12 col-sm-12 col-md-12 col-lg-12 AKP-560d45d72362c-1\">\n<div class=\"akp-inner\">\n<p><img decoding=\"async\" class=\"img-responsive\" src=\"http:\/\/www.nannic.fi\/v3\/files\/Zno98LaVR8\/QC+deo+kuva.jpg\" alt=\"\" \/><\/p>\n<\/div>\n<\/div>\n<\/div>\n<\/div>\n<\/section>\n<\/div>\n<div class=\"layout-position-Main\" data-layout-place=\"Main\">\n<section class=\"site-section AKS-565592be8b1c7\">\n<div class=\"container AKC-565592be8b1c7\">\n<div class=\"row AKR-565592be8b1c7\">\n<div class=\"col-sm-12 AKP-565592be8b238-1\">\n<div class=\"akp-inner\">\n<h2>QC Deo Wet Wipes 10 kpl &#8211; deodoranttipyyhkeet pit\u00e4v\u00e4t raikkaana<\/h2>\n<p>Yksitt\u00e4ispakatut QC DEO Wet Wipes deodoranttipyyhkeet on k\u00e4tevi\u00e4 pit\u00e4\u00e4 mukana mm. matkoilla tai vaikkapa k\u00e4silaukussa. Yhdess\u00e4 pakkauksessa on 10 kpl yksitt\u00e4ispakattua deodoranttipyyhett\u00e4. QC Deo pyyhkeet eliminoivat\u00a0\u00a0iholla olevia bakteereja, jotka aiheuttavat hienhajua. QC Deo Wet Wipesin vaikuttavana aineena on hopeaionit. <u><em>QC Deo Wet Wipesit eiv\u00e4t sis\u00e4ll\u00e4 s\u00e4il\u00f6nt\u00e4aineita, parabeeneja, alumiinijohdannaisia, triklosaania eik\u00e4 toksisia tai komedogeenisi\u00e4 aineita.<\/em><\/u> QC Deo Wet Wipesit sopivat herk\u00e4lle iholle. QC Deo Wet Wipesit sopivat my\u00f6s pintojen desinfiointiin.<\/p>\n<p><img decoding=\"async\" class=\"align-left\" src=\"http:\/\/www.nannic.fi\/v3\/files\/ns7642oXuF\/Deo+Wipes+ohjeet.jpg?1448556084\" alt=\"\" width=\"220\" height=\"76\" \/><\/p>\n<p>&nbsp;<\/p>\n<\/div>\n<\/div>\n<\/div>\n<\/div>\n<\/section>\n<section class=\"site-section AKS-56559584c0b30\">\n<div class=\"container AKC-56559584c0b30\">\n<div class=\"row AKR-56559584c0b30\">\n<div class=\"col-sm-12 AKP-56559584c0b9b-1\">\n<div class=\"akp-inner\">\n<h2>QC Deo Shower 150 ml &#8211; suihkuvaahto<\/h2>\n<p>QC Deo\u00a0Shower suihkuvaahto antaa 24h suojan hienhajua vastaan. QC Deo Shower on raikkaan tuoksuinen, hell\u00e4varainen vaahto koko vartalon pesuun. Se antaa deodoroivan\u00a0suojan koko p\u00e4iv\u00e4ksi ja lis\u00e4ksi est\u00e4\u00e4 liiallista talin erityst\u00e4 vartalolla. \u00a0QC Deo Shower on turvallinen k\u00e4ytt\u00e4\u00e4 my\u00f6s intiimihygieniaan. Ennen suihkuun menoa levit\u00e4 Qc Deo Shower vaahtoa hikoileville\u00a0alueille ja anna vaahdon vaikuttaa iholla 2 min ennen suihkua. Peseydy normaalisti. QC Shower suihkuvaahto\u00a0ei sis\u00e4ll\u00e4 parabeeneja, v\u00e4riaineita, s\u00e4il\u00f6nt\u00e4aineita eik\u00e4 triklosaania. Sopii herk\u00e4lle\u00a0iholle. Kokeile k\u00e4ytt\u00e4\u00e4 my\u00f6s hikoileville jaloille.<\/p>\n<\/div>\n<\/div>\n<\/div>\n<\/div>\n<\/section>\n<section class=\"site-section AKS-56559633118bf\">\n<div class=\"container AKC-56559633118bf\">\n<div class=\"row AKR-56559633118bf\">\n<div class=\"col-sm-12 AKP-565596331192c-1\">\n<div class=\"akp-inner\">\n<h2>Deo Textile 250 ml &#8211; tekstiilien raikastaja<\/h2>\n<p>Vaatteiden ep\u00e4miellytt\u00e4v\u00e4t hajut johtuvat useimmiten hikoilusta. Hienhajua aiheuttavat bakteerit j\u00e4\u00e4v\u00e4t tekstiilien pinnalle. Ep\u00e4miellytt\u00e4v\u00e4t hajut ja hajua aiheuttavat bakteerit tuhoutuvat keskim\u00e4\u00e4rin noin 80\u00b0C pesussa. Alhaisemmat l\u00e4mp\u00f6tilat kuten 30\u00b0C pest\u00e4vist\u00e4 vaatteista hienhajua aiheuttavat bakteerit eiv\u00e4t kuole. T\u00e4st\u00e4 syyst\u00e4 vaatteen pesun j\u00e4lkeen ep\u00e4miellytt\u00e4v\u00e4 tuoksu palautuu nopeasti tekstiilin pintaan. \u00a0Suihkuta vaatteen hikiset kohdat Deo Textile Sprayll\u00e4. Anna sen vaikuttaa n. 30 min. \u00c4l\u00e4 huuhtele.\u00a0\u00a0Pese vaate normaalisti. Deo Textile Sprayt\u00e4 voit suihkuttaa my\u00f6s suoraan \u00a0lenkkitossuihin ilman huuhtelua. N\u00e4in saat raikastettua keng\u00e4t.\u00a0\u00a0Deo Textile Spray sopii hyvin aroille tekstiileille kuten silkille.<\/p>\n<\/div>\n<\/div>\n<\/div>\n<\/div>\n<\/section>\n<section class=\"site-section AKS-565593ed965d2\">\n<div class=\"container AKC-565593ed965d2\">\n<div class=\"row AKR-565593ed965d2\">\n<div class=\"col-sm-12 AKP-565593ed96640-1\">\n<div class=\"akp-inner\">\n<h2>QC Crackling Gel 200 ml &amp; 50 ml<\/h2>\n<p>Poreileva k\u00e4sien desinfionti vaahto. Ihanan raikkaan vesimelonin tuoksuinen QC Crackling Gel\u00a0sis\u00e4lt\u00e4\u00e4 panthenolia, joka kosteuttaa tehokkaasti k\u00e4sien ihoa. Poreileva vaahto on my\u00f6s lapsille mieluisa tapa desinfioida k\u00e4det. QC Crackling Gel\u00a0sopii my\u00f6s kuumottaville ja hikoileville jaloille raikastamaan v\u00e4litt\u00f6m\u00e4sti. Iholle j\u00e4\u00e4 ihana tuoksu. Helppo tuote pit\u00e4\u00e4 laukussa mukana. Korvaa perinteiset k\u00e4sidesit.<\/p>\n<\/div>\n<\/div>\n<\/div>\n<\/div>\n<\/section>\n<\/div>\n<div class=\"layout-position-Footer\" data-layout-place=\"Footer\">\n<section class=\"site-section AKS-560ac8df8f21d\">\n<div class=\"container AKC-560ac8df8f21d\">\n<div class=\"row AKR-560ac8df8f21d\">\n<div class=\"col-sm-12 AKP-560ac8df8f299-1\">\n<div class=\"akp-inner\">\n<p>&nbsp;<\/p>\n<h3>Kauneuden Ammattilainen &#8211; Varaa aika Nannic koehoitoon!<\/h3>\n<\/div>\n<\/div>\n<\/div>\n<\/div>\n<\/section>\n<\/div>\n<div class=\"container powered-by\">\n<div class=\"row\">\n<div class=\"col-xs-12\">Powered by <a href=\"https:\/\/www.aava.eu\/\" target=\"_blank\">Aava 3<\/a><\/div>\n<\/div>\n<\/div>\n","protected":false},"excerpt":{"rendered":"<p>&nbsp; QC Deo Wet Wipes 10 kpl &#8211; deodoranttipyyhkeet pit\u00e4v\u00e4t raikkaana Yksitt\u00e4ispakatut QC DEO Wet Wipes deodoranttipyyhkeet on k\u00e4tevi\u00e4 pit\u00e4\u00e4 mukana mm. matkoilla tai vaikkapa k\u00e4silaukussa. Yhdess\u00e4 pakkauksessa on 10 kpl yksitt\u00e4ispakattua deodoranttipyyhett\u00e4. QC Deo pyyhkeet eliminoivat\u00a0\u00a0iholla olevia bakteereja, jotka aiheuttavat hienhajua. QC Deo Wet Wipesin vaikuttavana aineena on hopeaionit. QC Deo Wet Wipesit eiv\u00e4t [&hellip;]<\/p>\n","protected":false},"author":4,"featured_media":0,"parent":0,"menu_order":0,"comment_status":"closed","ping_status":"closed","template":"","meta":{"ocean_post_layout":"","ocean_both_sidebars_style":"","ocean_both_sidebars_content_width":0,"ocean_both_sidebars_sidebars_width":0,"ocean_sidebar":"","ocean_second_sidebar":"","ocean_disable_margins":"enable","ocean_add_body_class":"","ocean_shortcode_before_top_bar":"","ocean_shortcode_after_top_bar":"","ocean_shortcode_before_header":"","ocean_shortcode_after_header":"","ocean_has_shortcode":"","ocean_shortcode_after_title":"","ocean_shortcode_before_footer_widgets":"","ocean_shortcode_after_footer_widgets":"","ocean_shortcode_before_footer_bottom":"","ocean_shortcode_after_footer_bottom":"","ocean_display_top_bar":"default","ocean_display_header":"default","ocean_header_style":"","ocean_center_header_left_menu":"","ocean_custom_header_template":"","ocean_custom_logo":0,"ocean_custom_retina_logo":0,"ocean_custom_logo_max_width":0,"ocean_custom_logo_tablet_max_width":0,"ocean_custom_logo_mobile_max_width":0,"ocean_custom_logo_max_height":0,"ocean_custom_logo_tablet_max_height":0,"ocean_custom_logo_mobile_max_height":0,"ocean_header_custom_menu":"","ocean_menu_typo_font_family":"","ocean_menu_typo_font_subset":"","ocean_menu_typo_font_size":0,"ocean_menu_typo_font_size_tablet":0,"ocean_menu_typo_font_size_mobile":0,"ocean_menu_typo_font_size_unit":"px","ocean_menu_typo_font_weight":"","ocean_menu_typo_font_weight_tablet":"","ocean_menu_typo_font_weight_mobile":"","ocean_menu_typo_transform":"","ocean_menu_typo_transform_tablet":"","ocean_menu_typo_transform_mobile":"","ocean_menu_typo_line_height":0,"ocean_menu_typo_line_height_tablet":0,"ocean_menu_typo_line_height_mobile":0,"ocean_menu_typo_line_height_unit":"","ocean_menu_typo_spacing":0,"ocean_menu_typo_spacing_tablet":0,"ocean_menu_typo_spacing_mobile":0,"ocean_menu_typo_spacing_unit":"","ocean_menu_link_color":"","ocean_menu_link_color_hover":"","ocean_menu_link_color_active":"","ocean_menu_link_background":"","ocean_menu_link_hover_background":"","ocean_menu_link_active_background":"","ocean_menu_social_links_bg":"","ocean_menu_social_hover_links_bg":"","ocean_menu_social_links_color":"","ocean_menu_social_hover_links_color":"","ocean_disable_title":"default","ocean_disable_heading":"default","ocean_post_title":"","ocean_post_subheading":"","ocean_post_title_style":"","ocean_post_title_background_color":"","ocean_post_title_background":0,"ocean_post_title_bg_image_position":"","ocean_post_title_bg_image_attachment":"","ocean_post_title_bg_image_repeat":"","ocean_post_title_bg_image_size":"","ocean_post_title_height":0,"ocean_post_title_bg_overlay":0.5,"ocean_post_title_bg_overlay_color":"","ocean_disable_breadcrumbs":"default","ocean_breadcrumbs_color":"","ocean_breadcrumbs_separator_color":"","ocean_breadcrumbs_links_color":"","ocean_breadcrumbs_links_hover_color":"","ocean_display_footer_widgets":"default","ocean_display_footer_bottom":"default","ocean_custom_footer_template":"","osh_disable_topbar_sticky":"default","osh_disable_header_sticky":"default","osh_sticky_header_style":"default","osh_sticky_header_effect":"","osh_custom_sticky_logo":0,"osh_custom_retina_sticky_logo":0,"osh_custom_sticky_logo_height":0,"osh_background_color":"","osh_links_color":"","osh_links_hover_color":"","osh_links_active_color":"","osh_links_bg_color":"","osh_links_hover_bg_color":"","osh_links_active_bg_color":"","osh_menu_social_links_color":"","osh_menu_social_hover_links_color":"","footnotes":""},"class_list":["post-2984","page","type-page","status-publish","hentry","entry","owp-thumbs-layout-horizontal","owp-btn-normal","owp-tabs-layout-horizontal","has-no-thumbnails","circle-sale"],"yoast_head":"<!-- This site is optimized with the Yoast SEO plugin v27.2 - https:\/\/yoast.com\/product\/yoast-seo-wordpress\/ -->\n<title>DEO- TUOTTEET - Iluteeninduskoolide kursused<\/title>\n<meta name=\"robots\" content=\"index, follow, max-snippet:-1, max-image-preview:large, max-video-preview:-1\" \/>\n<link rel=\"canonical\" href=\"https:\/\/iluteeninduskool.ee\/fi\/deo-tuoteet\/\" \/>\n<meta property=\"og:locale\" content=\"fi_FI\" \/>\n<meta property=\"og:type\" content=\"article\" \/>\n<meta property=\"og:title\" content=\"DEO- TUOTTEET - Iluteeninduskoolide kursused\" \/>\n<meta property=\"og:description\" content=\"&nbsp; QC Deo Wet Wipes 10 kpl &#8211; deodoranttipyyhkeet pit\u00e4v\u00e4t raikkaana Yksitt\u00e4ispakatut QC DEO Wet Wipes deodoranttipyyhkeet on k\u00e4tevi\u00e4 pit\u00e4\u00e4 mukana mm. matkoilla tai vaikkapa k\u00e4silaukussa. Yhdess\u00e4 pakkauksessa on 10 kpl yksitt\u00e4ispakattua deodoranttipyyhett\u00e4. QC Deo pyyhkeet eliminoivat\u00a0\u00a0iholla olevia bakteereja, jotka aiheuttavat hienhajua. QC Deo Wet Wipesin vaikuttavana aineena on hopeaionit. QC Deo Wet Wipesit eiv\u00e4t [&hellip;]\" \/>\n<meta property=\"og:url\" content=\"https:\/\/iluteeninduskool.ee\/fi\/deo-tuoteet\/\" \/>\n<meta property=\"og:site_name\" content=\"Iluteeninduskoolide kursused\" \/>\n<meta property=\"article:modified_time\" content=\"2016-10-30T16:05:09+00:00\" \/>\n<meta property=\"og:image\" content=\"http:\/\/www.nannic.fi\/v3\/files\/Zno98LaVR8\/QC+deo+kuva.jpg\" \/>\n<meta name=\"twitter:label1\" content=\"Arvioitu lukuaika\" \/>\n\t<meta name=\"twitter:data1\" content=\"2 minuuttia\" \/>\n<script type=\"application\/ld+json\" class=\"yoast-schema-graph\">{\"@context\":\"https:\/\/schema.org\",\"@graph\":[{\"@type\":\"WebPage\",\"@id\":\"https:\/\/iluteeninduskool.ee\/fi\/deo-tuoteet\/\",\"url\":\"https:\/\/iluteeninduskool.ee\/fi\/deo-tuoteet\/\",\"name\":\"DEO- TUOTTEET - Iluteeninduskoolide kursused\",\"isPartOf\":{\"@id\":\"https:\/\/iluteeninduskool.ee\/#website\"},\"primaryImageOfPage\":{\"@id\":\"https:\/\/iluteeninduskool.ee\/fi\/deo-tuoteet\/#primaryimage\"},\"image\":{\"@id\":\"https:\/\/iluteeninduskool.ee\/fi\/deo-tuoteet\/#primaryimage\"},\"thumbnailUrl\":\"http:\/\/www.nannic.fi\/v3\/files\/Zno98LaVR8\/QC+deo+kuva.jpg\",\"datePublished\":\"2016-10-30T16:04:22+00:00\",\"dateModified\":\"2016-10-30T16:05:09+00:00\",\"inLanguage\":\"fi\",\"potentialAction\":[{\"@type\":\"ReadAction\",\"target\":[\"https:\/\/iluteeninduskool.ee\/fi\/deo-tuoteet\/\"]}]},{\"@type\":\"ImageObject\",\"inLanguage\":\"fi\",\"@id\":\"https:\/\/iluteeninduskool.ee\/fi\/deo-tuoteet\/#primaryimage\",\"url\":\"http:\/\/www.nannic.fi\/v3\/files\/Zno98LaVR8\/QC+deo+kuva.jpg\",\"contentUrl\":\"http:\/\/www.nannic.fi\/v3\/files\/Zno98LaVR8\/QC+deo+kuva.jpg\"},{\"@type\":\"WebSite\",\"@id\":\"https:\/\/iluteeninduskool.ee\/#website\",\"url\":\"https:\/\/iluteeninduskool.ee\/\",\"name\":\"Iluteeninduskoolide kursused\",\"description\":\"K\u00f5ik iluteenustega seotud kursused \u00fchest kohast\",\"publisher\":{\"@id\":\"https:\/\/iluteeninduskool.ee\/#organization\"},\"potentialAction\":[{\"@type\":\"SearchAction\",\"target\":{\"@type\":\"EntryPoint\",\"urlTemplate\":\"https:\/\/iluteeninduskool.ee\/?s={search_term_string}\"},\"query-input\":{\"@type\":\"PropertyValueSpecification\",\"valueRequired\":true,\"valueName\":\"search_term_string\"}}],\"inLanguage\":\"fi\"},{\"@type\":\"Organization\",\"@id\":\"https:\/\/iluteeninduskool.ee\/#organization\",\"name\":\"Iluteeninduskoolide kursused\",\"url\":\"https:\/\/iluteeninduskool.ee\/\",\"logo\":{\"@type\":\"ImageObject\",\"inLanguage\":\"fi\",\"@id\":\"https:\/\/iluteeninduskool.ee\/#\/schema\/logo\/image\/\",\"url\":\"https:\/\/iluteeninduskool.ee\/wp-content\/uploads\/2013\/03\/logo11.png\",\"contentUrl\":\"https:\/\/iluteeninduskool.ee\/wp-content\/uploads\/2013\/03\/logo11.png\",\"width\":225,\"height\":110,\"caption\":\"Iluteeninduskoolide kursused\"},\"image\":{\"@id\":\"https:\/\/iluteeninduskool.ee\/#\/schema\/logo\/image\/\"}}]}<\/script>\n<!-- \/ Yoast SEO plugin. -->","yoast_head_json":{"title":"DEO- TUOTTEET - Iluteeninduskoolide kursused","robots":{"index":"index","follow":"follow","max-snippet":"max-snippet:-1","max-image-preview":"max-image-preview:large","max-video-preview":"max-video-preview:-1"},"canonical":"https:\/\/iluteeninduskool.ee\/fi\/deo-tuoteet\/","og_locale":"fi_FI","og_type":"article","og_title":"DEO- TUOTTEET - Iluteeninduskoolide kursused","og_description":"&nbsp; QC Deo Wet Wipes 10 kpl &#8211; deodoranttipyyhkeet pit\u00e4v\u00e4t raikkaana Yksitt\u00e4ispakatut QC DEO Wet Wipes deodoranttipyyhkeet on k\u00e4tevi\u00e4 pit\u00e4\u00e4 mukana mm. matkoilla tai vaikkapa k\u00e4silaukussa. Yhdess\u00e4 pakkauksessa on 10 kpl yksitt\u00e4ispakattua deodoranttipyyhett\u00e4. QC Deo pyyhkeet eliminoivat\u00a0\u00a0iholla olevia bakteereja, jotka aiheuttavat hienhajua. QC Deo Wet Wipesin vaikuttavana aineena on hopeaionit. QC Deo Wet Wipesit eiv\u00e4t [&hellip;]","og_url":"https:\/\/iluteeninduskool.ee\/fi\/deo-tuoteet\/","og_site_name":"Iluteeninduskoolide kursused","article_modified_time":"2016-10-30T16:05:09+00:00","og_image":[{"url":"http:\/\/www.nannic.fi\/v3\/files\/Zno98LaVR8\/QC+deo+kuva.jpg","type":"","width":"","height":""}],"twitter_misc":{"Arvioitu lukuaika":"2 minuuttia"},"schema":{"@context":"https:\/\/schema.org","@graph":[{"@type":"WebPage","@id":"https:\/\/iluteeninduskool.ee\/fi\/deo-tuoteet\/","url":"https:\/\/iluteeninduskool.ee\/fi\/deo-tuoteet\/","name":"DEO- TUOTTEET - Iluteeninduskoolide kursused","isPartOf":{"@id":"https:\/\/iluteeninduskool.ee\/#website"},"primaryImageOfPage":{"@id":"https:\/\/iluteeninduskool.ee\/fi\/deo-tuoteet\/#primaryimage"},"image":{"@id":"https:\/\/iluteeninduskool.ee\/fi\/deo-tuoteet\/#primaryimage"},"thumbnailUrl":"http:\/\/www.nannic.fi\/v3\/files\/Zno98LaVR8\/QC+deo+kuva.jpg","datePublished":"2016-10-30T16:04:22+00:00","dateModified":"2016-10-30T16:05:09+00:00","inLanguage":"fi","potentialAction":[{"@type":"ReadAction","target":["https:\/\/iluteeninduskool.ee\/fi\/deo-tuoteet\/"]}]},{"@type":"ImageObject","inLanguage":"fi","@id":"https:\/\/iluteeninduskool.ee\/fi\/deo-tuoteet\/#primaryimage","url":"http:\/\/www.nannic.fi\/v3\/files\/Zno98LaVR8\/QC+deo+kuva.jpg","contentUrl":"http:\/\/www.nannic.fi\/v3\/files\/Zno98LaVR8\/QC+deo+kuva.jpg"},{"@type":"WebSite","@id":"https:\/\/iluteeninduskool.ee\/#website","url":"https:\/\/iluteeninduskool.ee\/","name":"Iluteeninduskoolide kursused","description":"K\u00f5ik iluteenustega seotud kursused \u00fchest kohast","publisher":{"@id":"https:\/\/iluteeninduskool.ee\/#organization"},"potentialAction":[{"@type":"SearchAction","target":{"@type":"EntryPoint","urlTemplate":"https:\/\/iluteeninduskool.ee\/?s={search_term_string}"},"query-input":{"@type":"PropertyValueSpecification","valueRequired":true,"valueName":"search_term_string"}}],"inLanguage":"fi"},{"@type":"Organization","@id":"https:\/\/iluteeninduskool.ee\/#organization","name":"Iluteeninduskoolide kursused","url":"https:\/\/iluteeninduskool.ee\/","logo":{"@type":"ImageObject","inLanguage":"fi","@id":"https:\/\/iluteeninduskool.ee\/#\/schema\/logo\/image\/","url":"https:\/\/iluteeninduskool.ee\/wp-content\/uploads\/2013\/03\/logo11.png","contentUrl":"https:\/\/iluteeninduskool.ee\/wp-content\/uploads\/2013\/03\/logo11.png","width":225,"height":110,"caption":"Iluteeninduskoolide kursused"},"image":{"@id":"https:\/\/iluteeninduskool.ee\/#\/schema\/logo\/image\/"}}]}},"_links":{"self":[{"href":"https:\/\/iluteeninduskool.ee\/fi\/wp-json\/wp\/v2\/pages\/2984","targetHints":{"allow":["GET"]}}],"collection":[{"href":"https:\/\/iluteeninduskool.ee\/fi\/wp-json\/wp\/v2\/pages"}],"about":[{"href":"https:\/\/iluteeninduskool.ee\/fi\/wp-json\/wp\/v2\/types\/page"}],"author":[{"embeddable":true,"href":"https:\/\/iluteeninduskool.ee\/fi\/wp-json\/wp\/v2\/users\/4"}],"replies":[{"embeddable":true,"href":"https:\/\/iluteeninduskool.ee\/fi\/wp-json\/wp\/v2\/comments?post=2984"}],"version-history":[{"count":2,"href":"https:\/\/iluteeninduskool.ee\/fi\/wp-json\/wp\/v2\/pages\/2984\/revisions"}],"predecessor-version":[{"id":2986,"href":"https:\/\/iluteeninduskool.ee\/fi\/wp-json\/wp\/v2\/pages\/2984\/revisions\/2986"}],"wp:attachment":[{"href":"https:\/\/iluteeninduskool.ee\/fi\/wp-json\/wp\/v2\/media?parent=2984"}],"curies":[{"name":"wp","href":"https:\/\/api.w.org\/{rel}","templated":true}]}}