{"id":2987,"date":"2016-10-30T18:07:05","date_gmt":"2016-10-30T16:07:05","guid":{"rendered":"http:\/\/iluteeninduskool.ee\/fi\/?page_id=2987"},"modified":"2016-10-30T18:07:05","modified_gmt":"2016-10-30T16:07:05","slug":"relax","status":"publish","type":"page","link":"https:\/\/iluteeninduskool.ee\/fi\/relax\/","title":{"rendered":"RELAX"},"content":{"rendered":"<div id=\"fb-root\" class=\" fb_reset\">\n<div><\/div>\n<div><\/div>\n<\/div>\n<div class=\"layout-position-MainNaviMobile\" data-layout-place=\"MainNaviMobile\"><\/div>\n<div class=\"layout-position-MainNavi\" data-layout-place=\"MainNavi\">\n<section class=\"site-section AKS-560ac8df3b371\">\n<div class=\"container AKC-560ac8df3b371\">\n<div class=\"row AKR-560ac8df3b371\">\n<div class=\"col-sm-12 AKP-560ac8df3b417-1\">\n<div class=\"akp-inner\">\n<nav class=\"aava-navi clearfix\">\n<div class=\"aava-navi-container\">\n<p>&nbsp;<\/p>\n<\/div>\n<\/nav>\n<\/div>\n<\/div>\n<\/div>\n<\/div>\n<\/section>\n<\/div>\n<div class=\"layout-position-Kuvituskuva\" data-layout-place=\"Kuvituskuva\"><\/div>\n<div class=\"layout-position-Main\" data-layout-place=\"Main\">\n<section class=\"site-section AKS-56559d9da1d14\">\n<div class=\"container AKC-56559d9da1d14\">\n<div class=\"row AKR-56559d9da1d14\">\n<div class=\"col-sm-12 AKP-56559d9da1d7e-1\">\n<div class=\"akp-inner\">\n<p class=\"align-center\"><img fetchpriority=\"high\" decoding=\"async\" src=\"http:\/\/www.nannic.fi\/v3\/files\/9b7g34qPp4\/Kylpytuotteet.jpg\" alt=\"\" width=\"924\" height=\"297\" \/><\/p>\n<h2><span class=\"Apple-style-span\" style=\"color: #696969;\">CREATE A ZEN RITUAL IN YOUR BATHROOM<\/span><\/h2>\n<\/div>\n<div class=\"akp-inner\">\n<h2>Nannic Hydrating Bathmilk 250 ml &#8211; ihoa hoitava kylpymaito\u00a0<b>\u00a0<\/b><\/h2>\n<p>Nannic Hydrating Bathmilk on pehme\u00e4n raikkaalle tuoksuva kylpymaito. Se sis\u00e4lt\u00e4\u00e4 luonnon riisit\u00e4rkkelyst\u00e4, joka kosteuttaa tehokkaasti ja rauhoittaa \u00e4rtynytt\u00e4 ihoa. Viimeisimm\u00e4t tutkimukset osoittavat, ett\u00e4 riisit\u00e4rkkelys on hyv\u00e4ksi atooppisen ihon hoidossa. Riisit\u00e4rkkelyksen pienet molekyylit kosteuttavat tehokkaasti ihon p\u00e4\u00e4llimm\u00e4ist\u00e4 kerrosta ja est\u00e4v\u00e4t kosteuden haihtumista iholta.\u00a0Lis\u00e4\u00e4 Nannic Hydrating Bathmilk kylpyveteen ja nauti rentouttavasta kylpyhetkest\u00e4. Nannic kylpymaito sopii parhaiten kuivalle ja herk\u00e4lle iholle. (Sopii my\u00f6s psoriaatikoille) Kylvyn j\u00e4lkeen taputtele iho kuivaksi. \u00c4l\u00e4 huuhtele.<\/p>\n<\/div>\n<\/div>\n<\/div>\n<\/div>\n<\/section>\n<section class=\"site-section AKS-56559d46e48ec\">\n<div class=\"container AKC-56559d46e48ec\">\n<div class=\"row AKR-56559d46e48ec\">\n<div class=\"col-sm-12 AKP-56559d46e49a7-1\">\n<div class=\"akp-inner\">\n<h2>Nannic Moisturizing Dry Body Oil 100 ml<\/h2>\n<p>Nannic Moisturizing Dry Body Oil on ultra kosteuttava\u00a0 kuiva\u00f6ljy vartalon ihon hoitoon. Nannic Moisturizing Dry Body Oil tuoksuu huumaavan ihanalle ja se kosteuttaa ihoa tehokkaasti. Kuiva\u00f6ljy imeytyy nopeasti eik\u00e4 j\u00e4t\u00e4 iholle \u00f6ljyist\u00e4 kalvoa. Kuiva\u00f6ljy sis\u00e4lt\u00e4\u00e4 luonnollisia kasviper\u00e4isi\u00e4 kuiva estereit\u00e4. Se kosteuttaa, pehment\u00e4\u00e4 ja rauhoittaa \u00e4rtynytt\u00e4 ihoa. Nannic Moisturizing Dry Body Oilin tuoksu on hypoallergeeninen ja se j\u00e4tt\u00e4\u00e4 iholle l\u00e4mpim\u00e4n puuterimaisen tuoksun. Levit\u00e4 iholle kevyesti hieromalla.<\/p>\n<\/div>\n<\/div>\n<\/div>\n<\/div>\n<\/section>\n<section class=\"site-section AKS-562fa55570396\">\n<div class=\"container AKC-562fa55570396\"><\/div>\n<\/section>\n<\/div>\n<div class=\"layout-position-Footer\" data-layout-place=\"Footer\">\n<section class=\"site-section AKS-560ac8df8f21d\">\n<div class=\"container AKC-560ac8df8f21d\">\n<div class=\"row AKR-560ac8df8f21d\">\n<div class=\"col-sm-12 AKP-560ac8df8f299-1\">\n<div class=\"akp-inner\">\n<p>&nbsp;<\/p>\n<h3>Kauneuden Ammattilainen &#8211; Varaa aika Nannic koehoitoon!<\/h3>\n<\/div>\n<\/div>\n<\/div>\n<\/div>\n<\/section>\n<\/div>\n<div class=\"container powered-by\">\n<div class=\"row\">\n<div class=\"col-xs-12\"><\/div>\n<\/div>\n<\/div>\n","protected":false},"excerpt":{"rendered":"<p>&nbsp; CREATE A ZEN RITUAL IN YOUR BATHROOM Nannic Hydrating Bathmilk 250 ml &#8211; ihoa hoitava kylpymaito\u00a0\u00a0 Nannic Hydrating Bathmilk on pehme\u00e4n raikkaalle tuoksuva kylpymaito. Se sis\u00e4lt\u00e4\u00e4 luonnon riisit\u00e4rkkelyst\u00e4, joka kosteuttaa tehokkaasti ja rauhoittaa \u00e4rtynytt\u00e4 ihoa. Viimeisimm\u00e4t tutkimukset osoittavat, ett\u00e4 riisit\u00e4rkkelys on hyv\u00e4ksi atooppisen ihon hoidossa. Riisit\u00e4rkkelyksen pienet molekyylit kosteuttavat tehokkaasti ihon p\u00e4\u00e4llimm\u00e4ist\u00e4 kerrosta ja [&hellip;]<\/p>\n","protected":false},"author":4,"featured_media":0,"parent":0,"menu_order":0,"comment_status":"closed","ping_status":"closed","template":"","meta":{"ocean_post_layout":"","ocean_both_sidebars_style":"","ocean_both_sidebars_content_width":0,"ocean_both_sidebars_sidebars_width":0,"ocean_sidebar":"","ocean_second_sidebar":"","ocean_disable_margins":"enable","ocean_add_body_class":"","ocean_shortcode_before_top_bar":"","ocean_shortcode_after_top_bar":"","ocean_shortcode_before_header":"","ocean_shortcode_after_header":"","ocean_has_shortcode":"","ocean_shortcode_after_title":"","ocean_shortcode_before_footer_widgets":"","ocean_shortcode_after_footer_widgets":"","ocean_shortcode_before_footer_bottom":"","ocean_shortcode_after_footer_bottom":"","ocean_display_top_bar":"default","ocean_display_header":"default","ocean_header_style":"","ocean_center_header_left_menu":"","ocean_custom_header_template":"","ocean_custom_logo":0,"ocean_custom_retina_logo":0,"ocean_custom_logo_max_width":0,"ocean_custom_logo_tablet_max_width":0,"ocean_custom_logo_mobile_max_width":0,"ocean_custom_logo_max_height":0,"ocean_custom_logo_tablet_max_height":0,"ocean_custom_logo_mobile_max_height":0,"ocean_header_custom_menu":"","ocean_menu_typo_font_family":"","ocean_menu_typo_font_subset":"","ocean_menu_typo_font_size":0,"ocean_menu_typo_font_size_tablet":0,"ocean_menu_typo_font_size_mobile":0,"ocean_menu_typo_font_size_unit":"px","ocean_menu_typo_font_weight":"","ocean_menu_typo_font_weight_tablet":"","ocean_menu_typo_font_weight_mobile":"","ocean_menu_typo_transform":"","ocean_menu_typo_transform_tablet":"","ocean_menu_typo_transform_mobile":"","ocean_menu_typo_line_height":0,"ocean_menu_typo_line_height_tablet":0,"ocean_menu_typo_line_height_mobile":0,"ocean_menu_typo_line_height_unit":"","ocean_menu_typo_spacing":0,"ocean_menu_typo_spacing_tablet":0,"ocean_menu_typo_spacing_mobile":0,"ocean_menu_typo_spacing_unit":"","ocean_menu_link_color":"","ocean_menu_link_color_hover":"","ocean_menu_link_color_active":"","ocean_menu_link_background":"","ocean_menu_link_hover_background":"","ocean_menu_link_active_background":"","ocean_menu_social_links_bg":"","ocean_menu_social_hover_links_bg":"","ocean_menu_social_links_color":"","ocean_menu_social_hover_links_color":"","ocean_disable_title":"default","ocean_disable_heading":"default","ocean_post_title":"","ocean_post_subheading":"","ocean_post_title_style":"","ocean_post_title_background_color":"","ocean_post_title_background":0,"ocean_post_title_bg_image_position":"","ocean_post_title_bg_image_attachment":"","ocean_post_title_bg_image_repeat":"","ocean_post_title_bg_image_size":"","ocean_post_title_height":0,"ocean_post_title_bg_overlay":0.5,"ocean_post_title_bg_overlay_color":"","ocean_disable_breadcrumbs":"default","ocean_breadcrumbs_color":"","ocean_breadcrumbs_separator_color":"","ocean_breadcrumbs_links_color":"","ocean_breadcrumbs_links_hover_color":"","ocean_display_footer_widgets":"default","ocean_display_footer_bottom":"default","ocean_custom_footer_template":"","osh_disable_topbar_sticky":"default","osh_disable_header_sticky":"default","osh_sticky_header_style":"default","osh_sticky_header_effect":"","osh_custom_sticky_logo":0,"osh_custom_retina_sticky_logo":0,"osh_custom_sticky_logo_height":0,"osh_background_color":"","osh_links_color":"","osh_links_hover_color":"","osh_links_active_color":"","osh_links_bg_color":"","osh_links_hover_bg_color":"","osh_links_active_bg_color":"","osh_menu_social_links_color":"","osh_menu_social_hover_links_color":"","footnotes":""},"class_list":["post-2987","page","type-page","status-publish","hentry","entry","owp-thumbs-layout-horizontal","owp-btn-normal","owp-tabs-layout-horizontal","has-no-thumbnails","circle-sale"],"yoast_head":"<!-- This site is optimized with the Yoast SEO plugin v27.2 - https:\/\/yoast.com\/product\/yoast-seo-wordpress\/ -->\n<title>RELAX - Iluteeninduskoolide kursused<\/title>\n<meta name=\"robots\" content=\"index, follow, max-snippet:-1, max-image-preview:large, max-video-preview:-1\" \/>\n<link rel=\"canonical\" href=\"https:\/\/iluteeninduskool.ee\/fi\/relax\/\" \/>\n<meta property=\"og:locale\" content=\"fi_FI\" \/>\n<meta property=\"og:type\" content=\"article\" \/>\n<meta property=\"og:title\" content=\"RELAX - Iluteeninduskoolide kursused\" \/>\n<meta property=\"og:description\" content=\"&nbsp; CREATE A ZEN RITUAL IN YOUR BATHROOM Nannic Hydrating Bathmilk 250 ml &#8211; ihoa hoitava kylpymaito\u00a0\u00a0 Nannic Hydrating Bathmilk on pehme\u00e4n raikkaalle tuoksuva kylpymaito. Se sis\u00e4lt\u00e4\u00e4 luonnon riisit\u00e4rkkelyst\u00e4, joka kosteuttaa tehokkaasti ja rauhoittaa \u00e4rtynytt\u00e4 ihoa. Viimeisimm\u00e4t tutkimukset osoittavat, ett\u00e4 riisit\u00e4rkkelys on hyv\u00e4ksi atooppisen ihon hoidossa. Riisit\u00e4rkkelyksen pienet molekyylit kosteuttavat tehokkaasti ihon p\u00e4\u00e4llimm\u00e4ist\u00e4 kerrosta ja [&hellip;]\" \/>\n<meta property=\"og:url\" content=\"https:\/\/iluteeninduskool.ee\/fi\/relax\/\" \/>\n<meta property=\"og:site_name\" content=\"Iluteeninduskoolide kursused\" \/>\n<meta property=\"og:image\" content=\"http:\/\/www.nannic.fi\/v3\/files\/9b7g34qPp4\/Kylpytuotteet.jpg\" \/>\n<meta name=\"twitter:label1\" content=\"Arvioitu lukuaika\" \/>\n\t<meta name=\"twitter:data1\" content=\"1 minuutti\" \/>\n<script type=\"application\/ld+json\" class=\"yoast-schema-graph\">{\"@context\":\"https:\/\/schema.org\",\"@graph\":[{\"@type\":\"WebPage\",\"@id\":\"https:\/\/iluteeninduskool.ee\/fi\/relax\/\",\"url\":\"https:\/\/iluteeninduskool.ee\/fi\/relax\/\",\"name\":\"RELAX - Iluteeninduskoolide kursused\",\"isPartOf\":{\"@id\":\"https:\/\/iluteeninduskool.ee\/#website\"},\"primaryImageOfPage\":{\"@id\":\"https:\/\/iluteeninduskool.ee\/fi\/relax\/#primaryimage\"},\"image\":{\"@id\":\"https:\/\/iluteeninduskool.ee\/fi\/relax\/#primaryimage\"},\"thumbnailUrl\":\"http:\/\/www.nannic.fi\/v3\/files\/9b7g34qPp4\/Kylpytuotteet.jpg\",\"datePublished\":\"2016-10-30T16:07:05+00:00\",\"inLanguage\":\"fi\",\"potentialAction\":[{\"@type\":\"ReadAction\",\"target\":[\"https:\/\/iluteeninduskool.ee\/fi\/relax\/\"]}]},{\"@type\":\"ImageObject\",\"inLanguage\":\"fi\",\"@id\":\"https:\/\/iluteeninduskool.ee\/fi\/relax\/#primaryimage\",\"url\":\"http:\/\/www.nannic.fi\/v3\/files\/9b7g34qPp4\/Kylpytuotteet.jpg\",\"contentUrl\":\"http:\/\/www.nannic.fi\/v3\/files\/9b7g34qPp4\/Kylpytuotteet.jpg\"},{\"@type\":\"WebSite\",\"@id\":\"https:\/\/iluteeninduskool.ee\/#website\",\"url\":\"https:\/\/iluteeninduskool.ee\/\",\"name\":\"Iluteeninduskoolide kursused\",\"description\":\"K\u00f5ik iluteenustega seotud kursused \u00fchest kohast\",\"publisher\":{\"@id\":\"https:\/\/iluteeninduskool.ee\/#organization\"},\"potentialAction\":[{\"@type\":\"SearchAction\",\"target\":{\"@type\":\"EntryPoint\",\"urlTemplate\":\"https:\/\/iluteeninduskool.ee\/?s={search_term_string}\"},\"query-input\":{\"@type\":\"PropertyValueSpecification\",\"valueRequired\":true,\"valueName\":\"search_term_string\"}}],\"inLanguage\":\"fi\"},{\"@type\":\"Organization\",\"@id\":\"https:\/\/iluteeninduskool.ee\/#organization\",\"name\":\"Iluteeninduskoolide kursused\",\"url\":\"https:\/\/iluteeninduskool.ee\/\",\"logo\":{\"@type\":\"ImageObject\",\"inLanguage\":\"fi\",\"@id\":\"https:\/\/iluteeninduskool.ee\/#\/schema\/logo\/image\/\",\"url\":\"https:\/\/iluteeninduskool.ee\/wp-content\/uploads\/2013\/03\/logo11.png\",\"contentUrl\":\"https:\/\/iluteeninduskool.ee\/wp-content\/uploads\/2013\/03\/logo11.png\",\"width\":225,\"height\":110,\"caption\":\"Iluteeninduskoolide kursused\"},\"image\":{\"@id\":\"https:\/\/iluteeninduskool.ee\/#\/schema\/logo\/image\/\"}}]}<\/script>\n<!-- \/ Yoast SEO plugin. -->","yoast_head_json":{"title":"RELAX - Iluteeninduskoolide kursused","robots":{"index":"index","follow":"follow","max-snippet":"max-snippet:-1","max-image-preview":"max-image-preview:large","max-video-preview":"max-video-preview:-1"},"canonical":"https:\/\/iluteeninduskool.ee\/fi\/relax\/","og_locale":"fi_FI","og_type":"article","og_title":"RELAX - Iluteeninduskoolide kursused","og_description":"&nbsp; CREATE A ZEN RITUAL IN YOUR BATHROOM Nannic Hydrating Bathmilk 250 ml &#8211; ihoa hoitava kylpymaito\u00a0\u00a0 Nannic Hydrating Bathmilk on pehme\u00e4n raikkaalle tuoksuva kylpymaito. Se sis\u00e4lt\u00e4\u00e4 luonnon riisit\u00e4rkkelyst\u00e4, joka kosteuttaa tehokkaasti ja rauhoittaa \u00e4rtynytt\u00e4 ihoa. Viimeisimm\u00e4t tutkimukset osoittavat, ett\u00e4 riisit\u00e4rkkelys on hyv\u00e4ksi atooppisen ihon hoidossa. Riisit\u00e4rkkelyksen pienet molekyylit kosteuttavat tehokkaasti ihon p\u00e4\u00e4llimm\u00e4ist\u00e4 kerrosta ja [&hellip;]","og_url":"https:\/\/iluteeninduskool.ee\/fi\/relax\/","og_site_name":"Iluteeninduskoolide kursused","og_image":[{"url":"http:\/\/www.nannic.fi\/v3\/files\/9b7g34qPp4\/Kylpytuotteet.jpg","type":"","width":"","height":""}],"twitter_misc":{"Arvioitu lukuaika":"1 minuutti"},"schema":{"@context":"https:\/\/schema.org","@graph":[{"@type":"WebPage","@id":"https:\/\/iluteeninduskool.ee\/fi\/relax\/","url":"https:\/\/iluteeninduskool.ee\/fi\/relax\/","name":"RELAX - Iluteeninduskoolide kursused","isPartOf":{"@id":"https:\/\/iluteeninduskool.ee\/#website"},"primaryImageOfPage":{"@id":"https:\/\/iluteeninduskool.ee\/fi\/relax\/#primaryimage"},"image":{"@id":"https:\/\/iluteeninduskool.ee\/fi\/relax\/#primaryimage"},"thumbnailUrl":"http:\/\/www.nannic.fi\/v3\/files\/9b7g34qPp4\/Kylpytuotteet.jpg","datePublished":"2016-10-30T16:07:05+00:00","inLanguage":"fi","potentialAction":[{"@type":"ReadAction","target":["https:\/\/iluteeninduskool.ee\/fi\/relax\/"]}]},{"@type":"ImageObject","inLanguage":"fi","@id":"https:\/\/iluteeninduskool.ee\/fi\/relax\/#primaryimage","url":"http:\/\/www.nannic.fi\/v3\/files\/9b7g34qPp4\/Kylpytuotteet.jpg","contentUrl":"http:\/\/www.nannic.fi\/v3\/files\/9b7g34qPp4\/Kylpytuotteet.jpg"},{"@type":"WebSite","@id":"https:\/\/iluteeninduskool.ee\/#website","url":"https:\/\/iluteeninduskool.ee\/","name":"Iluteeninduskoolide kursused","description":"K\u00f5ik iluteenustega seotud kursused \u00fchest kohast","publisher":{"@id":"https:\/\/iluteeninduskool.ee\/#organization"},"potentialAction":[{"@type":"SearchAction","target":{"@type":"EntryPoint","urlTemplate":"https:\/\/iluteeninduskool.ee\/?s={search_term_string}"},"query-input":{"@type":"PropertyValueSpecification","valueRequired":true,"valueName":"search_term_string"}}],"inLanguage":"fi"},{"@type":"Organization","@id":"https:\/\/iluteeninduskool.ee\/#organization","name":"Iluteeninduskoolide kursused","url":"https:\/\/iluteeninduskool.ee\/","logo":{"@type":"ImageObject","inLanguage":"fi","@id":"https:\/\/iluteeninduskool.ee\/#\/schema\/logo\/image\/","url":"https:\/\/iluteeninduskool.ee\/wp-content\/uploads\/2013\/03\/logo11.png","contentUrl":"https:\/\/iluteeninduskool.ee\/wp-content\/uploads\/2013\/03\/logo11.png","width":225,"height":110,"caption":"Iluteeninduskoolide kursused"},"image":{"@id":"https:\/\/iluteeninduskool.ee\/#\/schema\/logo\/image\/"}}]}},"_links":{"self":[{"href":"https:\/\/iluteeninduskool.ee\/fi\/wp-json\/wp\/v2\/pages\/2987","targetHints":{"allow":["GET"]}}],"collection":[{"href":"https:\/\/iluteeninduskool.ee\/fi\/wp-json\/wp\/v2\/pages"}],"about":[{"href":"https:\/\/iluteeninduskool.ee\/fi\/wp-json\/wp\/v2\/types\/page"}],"author":[{"embeddable":true,"href":"https:\/\/iluteeninduskool.ee\/fi\/wp-json\/wp\/v2\/users\/4"}],"replies":[{"embeddable":true,"href":"https:\/\/iluteeninduskool.ee\/fi\/wp-json\/wp\/v2\/comments?post=2987"}],"version-history":[{"count":1,"href":"https:\/\/iluteeninduskool.ee\/fi\/wp-json\/wp\/v2\/pages\/2987\/revisions"}],"predecessor-version":[{"id":2988,"href":"https:\/\/iluteeninduskool.ee\/fi\/wp-json\/wp\/v2\/pages\/2987\/revisions\/2988"}],"wp:attachment":[{"href":"https:\/\/iluteeninduskool.ee\/fi\/wp-json\/wp\/v2\/media?parent=2987"}],"curies":[{"name":"wp","href":"https:\/\/api.w.org\/{rel}","templated":true}]}}