{"id":442,"date":"2013-03-21T12:47:15","date_gmt":"2013-03-21T12:47:15","guid":{"rendered":"http:\/\/www.aimar.dev\/?page_id=442"},"modified":"2020-08-31T08:59:49","modified_gmt":"2020-08-31T06:59:49","slug":"yhteystiedot","status":"publish","type":"page","link":"https:\/\/iluteeninduskool.ee\/fi\/yhteystiedot\/","title":{"rendered":"Yhteystiedot"},"content":{"rendered":"\t\t<div data-elementor-type=\"wp-post\" data-elementor-id=\"442\" class=\"elementor elementor-442 elementor-290\">\n\t\t\t\t\t\t<section class=\"elementor-section elementor-top-section elementor-element elementor-element-pxniulc elementor-section-stretched elementor-section-full_width elementor-section-height-default elementor-section-height-default\" data-id=\"pxniulc\" data-element_type=\"section\" data-e-type=\"section\" data-settings=\"{&quot;stretch_section&quot;:&quot;section-stretched&quot;}\">\n\t\t\t\t\t\t<div class=\"elementor-container elementor-column-gap-no\">\n\t\t\t\t\t<div class=\"elementor-column elementor-col-100 elementor-top-column elementor-element elementor-element-awwwqtx\" data-id=\"awwwqtx\" data-element_type=\"column\" data-e-type=\"column\">\n\t\t\t<div class=\"elementor-widget-wrap elementor-element-populated\">\n\t\t\t\t\t\t<div class=\"elementor-element elementor-element-ctgxywd elementor-widget elementor-widget-google_maps\" data-id=\"ctgxywd\" data-element_type=\"widget\" data-e-type=\"widget\" data-widget_type=\"google_maps.default\">\n\t\t\t\t<div class=\"elementor-widget-container\">\n\t\t\t\t\t\t\t<div class=\"elementor-custom-embed\">\n\t\t\t<iframe loading=\"lazy\"\n\t\t\t\t\tsrc=\"https:\/\/maps.google.com\/maps?q=Lootsi%2010%2C%20Tallinn&#038;t=m&#038;z=16&#038;output=embed&#038;iwloc=near\"\n\t\t\t\t\ttitle=\"Lootsi 10, Tallinn\"\n\t\t\t\t\taria-label=\"Lootsi 10, Tallinn\"\n\t\t\t><\/iframe>\n\t\t<\/div>\n\t\t\t\t\t\t<\/div>\n\t\t\t\t<\/div>\n\t\t\t\t\t<\/div>\n\t\t<\/div>\n\t\t\t\t\t<\/div>\n\t\t<\/section>\n\t\t\t\t<section class=\"elementor-section elementor-top-section elementor-element elementor-element-nlgipvp elementor-section-boxed elementor-section-height-default elementor-section-height-default\" data-id=\"nlgipvp\" data-element_type=\"section\" data-e-type=\"section\">\n\t\t\t\t\t\t<div class=\"elementor-container elementor-column-gap-default\">\n\t\t\t\t\t<div class=\"elementor-column elementor-col-66 elementor-top-column elementor-element elementor-element-kkvikyd\" data-id=\"kkvikyd\" data-element_type=\"column\" data-e-type=\"column\">\n\t\t\t<div class=\"elementor-widget-wrap elementor-element-populated\">\n\t\t\t\t\t\t<div class=\"elementor-element elementor-element-cifsiqr elementor-widget elementor-widget-heading\" data-id=\"cifsiqr\" data-element_type=\"widget\" data-e-type=\"widget\" data-widget_type=\"heading.default\">\n\t\t\t\t<div class=\"elementor-widget-container\">\n\t\t\t\t\t<h2 class=\"elementor-heading-title elementor-size-default\">Eesti Iluteeninduse Erakool<\/h2>\t\t\t\t<\/div>\n\t\t\t\t<\/div>\n\t\t\t\t<div class=\"elementor-element elementor-element-fcoiuhk elementor-widget-divider--view-line elementor-widget elementor-widget-divider\" data-id=\"fcoiuhk\" data-element_type=\"widget\" data-e-type=\"widget\" data-widget_type=\"divider.default\">\n\t\t\t\t<div class=\"elementor-widget-container\">\n\t\t\t\t\t\t\t<div class=\"elementor-divider\">\n\t\t\t<span class=\"elementor-divider-separator\">\n\t\t\t\t\t\t<\/span>\n\t\t<\/div>\n\t\t\t\t\t\t<\/div>\n\t\t\t\t<\/div>\n\t\t\t\t<section class=\"elementor-section elementor-inner-section elementor-element elementor-element-kaelygz elementor-section-boxed elementor-section-height-default elementor-section-height-default\" data-id=\"kaelygz\" data-element_type=\"section\" data-e-type=\"section\">\n\t\t\t\t\t\t<div class=\"elementor-container elementor-column-gap-no\">\n\t\t\t\t\t<div class=\"elementor-column elementor-col-50 elementor-inner-column elementor-element elementor-element-yodlxmb\" data-id=\"yodlxmb\" data-element_type=\"column\" data-e-type=\"column\">\n\t\t\t<div class=\"elementor-widget-wrap elementor-element-populated\">\n\t\t\t\t\t\t<div class=\"elementor-element elementor-element-znqzfqu elementor-widget elementor-widget-text-editor\" data-id=\"znqzfqu\" data-element_type=\"widget\" data-e-type=\"widget\" data-widget_type=\"text-editor.default\">\n\t\t\t\t<div class=\"elementor-widget-container\">\n\t\t\t\t\t\t\t\t\t<h4>Osoite:<\/h4><p>Salonki avoina maantaista-perjantain klo 10.00-16.00, Lootsi 10, Tallinn, Superalkon II kerros<\/p>\t\t\t\t\t\t\t\t<\/div>\n\t\t\t\t<\/div>\n\t\t\t\t\t<\/div>\n\t\t<\/div>\n\t\t\t\t<div class=\"elementor-column elementor-col-50 elementor-inner-column elementor-element elementor-element-hkwuahm\" data-id=\"hkwuahm\" data-element_type=\"column\" data-e-type=\"column\">\n\t\t\t<div class=\"elementor-widget-wrap elementor-element-populated\">\n\t\t\t\t\t\t<div class=\"elementor-element elementor-element-qpsknnl elementor-widget elementor-widget-text-editor\" data-id=\"qpsknnl\" data-element_type=\"widget\" data-e-type=\"widget\" data-widget_type=\"text-editor.default\">\n\t\t\t\t<div class=\"elementor-widget-container\">\n\t\t\t\t\t\t\t\t\t<h4>Yhteystiedot:<\/h4><p>Puhelin: +372 641 2214<\/p><p>Puhelin: +372 506 6520<\/p>\t\t\t\t\t\t\t\t<\/div>\n\t\t\t\t<\/div>\n\t\t\t\t\t<\/div>\n\t\t<\/div>\n\t\t\t\t\t<\/div>\n\t\t<\/section>\n\t\t\t\t<section class=\"elementor-section elementor-inner-section elementor-element elementor-element-fyieuit elementor-section-boxed elementor-section-height-default elementor-section-height-default\" data-id=\"fyieuit\" data-element_type=\"section\" data-e-type=\"section\">\n\t\t\t\t\t\t<div class=\"elementor-container elementor-column-gap-no\">\n\t\t\t\t\t<div class=\"elementor-column elementor-col-100 elementor-inner-column elementor-element elementor-element-ouohfek\" data-id=\"ouohfek\" data-element_type=\"column\" data-e-type=\"column\">\n\t\t\t<div class=\"elementor-widget-wrap elementor-element-populated\">\n\t\t\t\t\t\t<div class=\"elementor-element elementor-element-5af520d elementor-widget elementor-widget-shortcode\" data-id=\"5af520d\" data-element_type=\"widget\" data-e-type=\"widget\" data-widget_type=\"shortcode.default\">\n\t\t\t\t<div class=\"elementor-widget-container\">\n\t\t\t\t\t\t\t<div class=\"elementor-shortcode\"><div class='fluentform ff-default fluentform_wrapper_5 ffs_default_wrap'><form data-form_id=\"5\" id=\"fluentform_5\" class=\"frm-fluent-form fluent_form_5 ff-el-form-top ff_form_instance_5_1 ff-form-loading ffs_default\" data-form_instance=\"ff_form_instance_5_1\" method=\"POST\" ><fieldset  style=\"border: none!important;margin: 0!important;padding: 0!important;background-color: transparent!important;box-shadow: none!important;outline: none!important; min-inline-size: 100%;\">\n                    <legend class=\"ff_screen_reader_title\" style=\"display: block; margin: 0!important;padding: 0!important;height: 0!important;text-indent: -999999px;width: 0!important;overflow:hidden;\">Kontakt FIN<\/legend>        <div\n                style=\"display: none!important; position: absolute!important; transform: translateX(1000%)!important;\"\n                class=\"ff-el-group ff-hpsf-container\"\n        >\n            <div class=\"ff-el-input--label asterisk-right\">\n                <label for=\"ff_5_item_sf\" aria-label=\"Notify\">\n                    Notify                <\/label>\n            <\/div>\n            <div class=\"ff-el-input--content\">\n                <input type=\"text\"\n                       name=\"item_5__fluent_sf\"\n                       class=\"ff-el-form-control\"\n                       id=\"ff_5_item_sf\"\n                \/>\n            <\/div>\n        <\/div>\n        <input type='hidden' name='__fluent_form_embded_post_id' value='442' \/><input type=\"hidden\" id=\"_fluentform_5_fluentformnonce\" name=\"_fluentform_5_fluentformnonce\" value=\"5258a18b96\" \/><input type=\"hidden\" name=\"_wp_http_referer\" value=\"\/fi\/wp-json\/wp\/v2\/pages\/442\" \/><div data-name=\"ff_cn_id_1\"  class='ff-t-container ff-column-container ff_columns_total_2 '><div class='ff-t-cell ff-t-column-1' style='flex-basis: 50%;'><div class='ff-el-group ff-el-form-hide_label'><div class=\"ff-el-input--label ff-el-is-required asterisk-right\"><label for='ff_5_input_text' id='label_ff_5_input_text' aria-label=\"Nimi\">Nimi<\/label><\/div><div class='ff-el-input--content'><input type=\"text\" name=\"input_text\" class=\"ff-el-form-control\" placeholder=\"Sisesta oma nimi *\" data-name=\"input_text\" id=\"ff_5_input_text\"  aria-invalid=\"false\" aria-required=true><\/div><\/div><\/div><div class='ff-t-cell ff-t-column-2' style='flex-basis: 50%;'><div class='ff-el-group ff-el-form-hide_label'><div class=\"ff-el-input--label ff-el-is-required asterisk-right\"><label for='ff_5_email' id='label_ff_5_email' aria-label=\"E-mail\">E-mail<\/label><\/div><div class='ff-el-input--content'><input type=\"email\" name=\"email\" id=\"ff_5_email\" class=\"ff-el-form-control\" placeholder=\"Sisesta e-posti aadress *\" data-name=\"email\"  aria-invalid=\"false\" aria-required=true><\/div><\/div><\/div><\/div><div class='ff-el-group ff-el-form-hide_label'><div class=\"ff-el-input--label ff-el-is-required asterisk-right\"><label for='ff_5_description' id='label_ff_5_description' aria-label=\"S\u00f5num\">S\u00f5num<\/label><\/div><div class='ff-el-input--content'><textarea aria-required=\"true\" aria-labelledby=\"label_ff_5_description\" name=\"description\" id=\"ff_5_description\" class=\"ff-el-form-control\" placeholder=\"Viesti *\" rows=\"4\" cols=\"2\" data-name=\"description\" ><\/textarea><\/div><\/div><div class='ff-el-group ff-text-left ff_submit_btn_wrapper'><button type=\"submit\" class=\"ff-btn ff-btn-submit ff-btn-md ff_btn_style wpf_has_custom_css\"  aria-label=\"L\u00e4het\u00e4\">L\u00e4het\u00e4<\/button><\/div><\/fieldset><\/form><div id='fluentform_5_errors' class='ff-errors-in-stack ff_form_instance_5_1 ff-form-loading_errors ff_form_instance_5_1_errors'><\/div><\/div>            <script type=\"text\/javascript\">\n                window.fluent_form_ff_form_instance_5_1 = {\"id\":\"5\",\"settings\":{\"layout\":{\"labelPlacement\":\"top\",\"helpMessagePlacement\":\"with_label\",\"errorMessagePlacement\":\"inline\",\"asteriskPlacement\":\"asterisk-right\"},\"restrictions\":{\"denyEmptySubmission\":{\"enabled\":false}}},\"form_instance\":\"ff_form_instance_5_1\",\"form_id_selector\":\"fluentform_5\",\"rules\":{\"input_text\":{\"required\":{\"value\":true,\"message\":\"See v\\u00e4li on kohustuslik\"}},\"email\":{\"required\":{\"value\":true,\"message\":\"See v\\u00e4li on kohustuslik\"},\"email\":{\"value\":true,\"message\":\"This field must contain a valid email\"}},\"description\":{\"required\":{\"value\":true,\"message\":\"See v\\u00e4li on kohustuslik\"}}},\"debounce_time\":300};\n                            <\/script>\n            <\/div>\n\t\t\t\t\t\t<\/div>\n\t\t\t\t<\/div>\n\t\t\t\t\t<\/div>\n\t\t<\/div>\n\t\t\t\t\t<\/div>\n\t\t<\/section>\n\t\t\t\t\t<\/div>\n\t\t<\/div>\n\t\t\t\t<div class=\"elementor-column elementor-col-33 elementor-top-column elementor-element elementor-element-ekbtfba\" data-id=\"ekbtfba\" data-element_type=\"column\" data-e-type=\"column\">\n\t\t\t<div class=\"elementor-widget-wrap elementor-element-populated\">\n\t\t\t\t\t\t<div class=\"elementor-element elementor-element-jknaxjc elementor-widget elementor-widget-text-editor\" data-id=\"jknaxjc\" data-element_type=\"widget\" data-e-type=\"widget\" data-widget_type=\"text-editor.default\">\n\t\t\t\t<div class=\"elementor-widget-container\">\n\t\t\t\t\t\t\t\t\t<p style=\"text-align: center;\"><a class=\"button big\" href=\"http:\/\/iluteeninduskool.ee\/fi\/varaa-aika\/\">VARAA AIKA \u00bb<\/a><\/p><p style=\"text-align: center;\"><a class=\"button big\" href=\"http:\/\/iluteeninduskool.ee\/fi\/ilmoittaudu-kurssile\/\">ILMOITTAUDU KOULUTUKSEEN \u00bb<\/a><\/p>\t\t\t\t\t\t\t\t<\/div>\n\t\t\t\t<\/div>\n\t\t\t\t<div class=\"elementor-element elementor-element-8aed03f elementor-align-justify elementor-widget elementor-widget-button\" data-id=\"8aed03f\" data-element_type=\"widget\" data-e-type=\"widget\" data-widget_type=\"button.default\">\n\t\t\t\t<div class=\"elementor-widget-container\">\n\t\t\t\t\t\t\t\t\t<div class=\"elementor-button-wrapper\">\n\t\t\t\t\t<a class=\"elementor-button elementor-button-link elementor-size-md\" href=\"https:\/\/www.facebook.com\/EestiIluteeninduseErakool\/\" target=\"_blank\">\n\t\t\t\t\t\t<span class=\"elementor-button-content-wrapper\">\n\t\t\t\t\t\t<span class=\"elementor-button-icon\">\n\t\t\t\t<i aria-hidden=\"true\" class=\"fab fa-facebook-f\"><\/i>\t\t\t<\/span>\n\t\t\t\t\t\t\t\t\t<span class=\"elementor-button-text\">L\u00f6yd\u00e4 meid\u00e4t Facebookista &raquo;<\/span>\n\t\t\t\t\t<\/span>\n\t\t\t\t\t<\/a>\n\t\t\t\t<\/div>\n\t\t\t\t\t\t\t\t<\/div>\n\t\t\t\t<\/div>\n\t\t\t\t\t<\/div>\n\t\t<\/div>\n\t\t\t\t\t<\/div>\n\t\t<\/section>\n\t\t\t\t<\/div>\n\t\t","protected":false},"excerpt":{"rendered":"<p>Eesti Iluteeninduse Erakool Osoite: Salonki avoina maantaista-perjantain klo 10.00-16.00, Lootsi 10, Tallinn, Superalkon II kerros Yhteystiedot: Puhelin: +372 641 2214 Puhelin: +372 506 6520 VARAA AIKA \u00bb ILMOITTAUDU KOULUTUKSEEN \u00bb L\u00f6yd\u00e4 meid\u00e4t Facebookista &raquo;<\/p>\n","protected":false},"author":10,"featured_media":0,"parent":0,"menu_order":0,"comment_status":"closed","ping_status":"closed","template":"","meta":{"ocean_post_layout":"full-width","ocean_both_sidebars_style":"","ocean_both_sidebars_content_width":0,"ocean_both_sidebars_sidebars_width":0,"ocean_sidebar":"0","ocean_second_sidebar":"0","ocean_disable_margins":"on","ocean_add_body_class":"","ocean_shortcode_before_top_bar":"","ocean_shortcode_after_top_bar":"","ocean_shortcode_before_header":"","ocean_shortcode_after_header":"","ocean_has_shortcode":"","ocean_shortcode_after_title":"","ocean_shortcode_before_footer_widgets":"","ocean_shortcode_after_footer_widgets":"","ocean_shortcode_before_footer_bottom":"","ocean_shortcode_after_footer_bottom":"","ocean_display_top_bar":"default","ocean_display_header":"default","ocean_header_style":"","ocean_center_header_left_menu":"0","ocean_custom_header_template":"0","ocean_custom_logo":0,"ocean_custom_retina_logo":0,"ocean_custom_logo_max_width":0,"ocean_custom_logo_tablet_max_width":0,"ocean_custom_logo_mobile_max_width":0,"ocean_custom_logo_max_height":0,"ocean_custom_logo_tablet_max_height":0,"ocean_custom_logo_mobile_max_height":0,"ocean_header_custom_menu":"0","ocean_menu_typo_font_family":"0","ocean_menu_typo_font_subset":"","ocean_menu_typo_font_size":0,"ocean_menu_typo_font_size_tablet":0,"ocean_menu_typo_font_size_mobile":0,"ocean_menu_typo_font_size_unit":"px","ocean_menu_typo_font_weight":"","ocean_menu_typo_font_weight_tablet":"","ocean_menu_typo_font_weight_mobile":"","ocean_menu_typo_transform":"","ocean_menu_typo_transform_tablet":"","ocean_menu_typo_transform_mobile":"","ocean_menu_typo_line_height":0,"ocean_menu_typo_line_height_tablet":0,"ocean_menu_typo_line_height_mobile":0,"ocean_menu_typo_line_height_unit":"","ocean_menu_typo_spacing":0,"ocean_menu_typo_spacing_tablet":0,"ocean_menu_typo_spacing_mobile":0,"ocean_menu_typo_spacing_unit":"","ocean_menu_link_color":"","ocean_menu_link_color_hover":"","ocean_menu_link_color_active":"","ocean_menu_link_background":"","ocean_menu_link_hover_background":"","ocean_menu_link_active_background":"","ocean_menu_social_links_bg":"","ocean_menu_social_hover_links_bg":"","ocean_menu_social_links_color":"","ocean_menu_social_hover_links_color":"","ocean_disable_title":"on","ocean_disable_heading":"default","ocean_post_title":"","ocean_post_subheading":"","ocean_post_title_style":"","ocean_post_title_background_color":"","ocean_post_title_background":0,"ocean_post_title_bg_image_position":"","ocean_post_title_bg_image_attachment":"","ocean_post_title_bg_image_repeat":"","ocean_post_title_bg_image_size":"","ocean_post_title_height":0,"ocean_post_title_bg_overlay":0.5,"ocean_post_title_bg_overlay_color":"","ocean_disable_breadcrumbs":"default","ocean_breadcrumbs_color":"","ocean_breadcrumbs_separator_color":"","ocean_breadcrumbs_links_color":"","ocean_breadcrumbs_links_hover_color":"","ocean_display_footer_widgets":"default","ocean_display_footer_bottom":"default","ocean_custom_footer_template":"0","osh_disable_topbar_sticky":"default","osh_disable_header_sticky":"default","osh_sticky_header_style":"default","osh_sticky_header_effect":"","osh_custom_sticky_logo":0,"osh_custom_retina_sticky_logo":0,"osh_custom_sticky_logo_height":0,"osh_background_color":"","osh_links_color":"","osh_links_hover_color":"","osh_links_active_color":"","osh_links_bg_color":"","osh_links_hover_bg_color":"","osh_links_active_bg_color":"","osh_menu_social_links_color":"","osh_menu_social_hover_links_color":"","footnotes":""},"class_list":["post-442","page","type-page","status-publish","hentry","entry","owp-thumbs-layout-horizontal","owp-btn-normal","owp-tabs-layout-horizontal","has-no-thumbnails","circle-sale"],"yoast_head":"<!-- This site is optimized with the Yoast SEO plugin v27.2 - https:\/\/yoast.com\/product\/yoast-seo-wordpress\/ -->\n<title>Yhteystiedot - Iluteeninduskoolide kursused<\/title>\n<meta name=\"robots\" content=\"index, follow, max-snippet:-1, max-image-preview:large, max-video-preview:-1\" \/>\n<link rel=\"canonical\" href=\"https:\/\/iluteeninduskool.ee\/fi\/yhteystiedot\/\" \/>\n<meta property=\"og:locale\" content=\"fi_FI\" \/>\n<meta property=\"og:type\" content=\"article\" \/>\n<meta property=\"og:title\" content=\"Yhteystiedot - Iluteeninduskoolide kursused\" \/>\n<meta property=\"og:description\" content=\"Eesti Iluteeninduse Erakool Osoite: Salonki avoina maantaista-perjantain klo 10.00-16.00, Lootsi 10, Tallinn, Superalkon II kerros Yhteystiedot: Puhelin: +372 641 2214 Puhelin: +372 506 6520 VARAA AIKA \u00bb ILMOITTAUDU KOULUTUKSEEN \u00bb L\u00f6yd\u00e4 meid\u00e4t Facebookista &raquo;\" \/>\n<meta property=\"og:url\" content=\"https:\/\/iluteeninduskool.ee\/fi\/yhteystiedot\/\" \/>\n<meta property=\"og:site_name\" content=\"Iluteeninduskoolide kursused\" \/>\n<meta property=\"article:modified_time\" content=\"2020-08-31T06:59:49+00:00\" \/>\n<script type=\"application\/ld+json\" class=\"yoast-schema-graph\">{\"@context\":\"https:\/\/schema.org\",\"@graph\":[{\"@type\":\"WebPage\",\"@id\":\"https:\/\/iluteeninduskool.ee\/fi\/yhteystiedot\/\",\"url\":\"https:\/\/iluteeninduskool.ee\/fi\/yhteystiedot\/\",\"name\":\"Yhteystiedot - Iluteeninduskoolide kursused\",\"isPartOf\":{\"@id\":\"https:\/\/iluteeninduskool.ee\/#website\"},\"datePublished\":\"2013-03-21T12:47:15+00:00\",\"dateModified\":\"2020-08-31T06:59:49+00:00\",\"inLanguage\":\"fi\",\"potentialAction\":[{\"@type\":\"ReadAction\",\"target\":[\"https:\/\/iluteeninduskool.ee\/fi\/yhteystiedot\/\"]}]},{\"@type\":\"WebSite\",\"@id\":\"https:\/\/iluteeninduskool.ee\/#website\",\"url\":\"https:\/\/iluteeninduskool.ee\/\",\"name\":\"Iluteeninduskoolide kursused\",\"description\":\"K\u00f5ik iluteenustega seotud kursused \u00fchest kohast\",\"publisher\":{\"@id\":\"https:\/\/iluteeninduskool.ee\/#organization\"},\"potentialAction\":[{\"@type\":\"SearchAction\",\"target\":{\"@type\":\"EntryPoint\",\"urlTemplate\":\"https:\/\/iluteeninduskool.ee\/?s={search_term_string}\"},\"query-input\":{\"@type\":\"PropertyValueSpecification\",\"valueRequired\":true,\"valueName\":\"search_term_string\"}}],\"inLanguage\":\"fi\"},{\"@type\":\"Organization\",\"@id\":\"https:\/\/iluteeninduskool.ee\/#organization\",\"name\":\"Iluteeninduskoolide kursused\",\"url\":\"https:\/\/iluteeninduskool.ee\/\",\"logo\":{\"@type\":\"ImageObject\",\"inLanguage\":\"fi\",\"@id\":\"https:\/\/iluteeninduskool.ee\/#\/schema\/logo\/image\/\",\"url\":\"https:\/\/iluteeninduskool.ee\/wp-content\/uploads\/2013\/03\/logo11.png\",\"contentUrl\":\"https:\/\/iluteeninduskool.ee\/wp-content\/uploads\/2013\/03\/logo11.png\",\"width\":225,\"height\":110,\"caption\":\"Iluteeninduskoolide kursused\"},\"image\":{\"@id\":\"https:\/\/iluteeninduskool.ee\/#\/schema\/logo\/image\/\"}}]}<\/script>\n<!-- \/ Yoast SEO plugin. -->","yoast_head_json":{"title":"Yhteystiedot - Iluteeninduskoolide kursused","robots":{"index":"index","follow":"follow","max-snippet":"max-snippet:-1","max-image-preview":"max-image-preview:large","max-video-preview":"max-video-preview:-1"},"canonical":"https:\/\/iluteeninduskool.ee\/fi\/yhteystiedot\/","og_locale":"fi_FI","og_type":"article","og_title":"Yhteystiedot - Iluteeninduskoolide kursused","og_description":"Eesti Iluteeninduse Erakool Osoite: Salonki avoina maantaista-perjantain klo 10.00-16.00, Lootsi 10, Tallinn, Superalkon II kerros Yhteystiedot: Puhelin: +372 641 2214 Puhelin: +372 506 6520 VARAA AIKA \u00bb ILMOITTAUDU KOULUTUKSEEN \u00bb L\u00f6yd\u00e4 meid\u00e4t Facebookista &raquo;","og_url":"https:\/\/iluteeninduskool.ee\/fi\/yhteystiedot\/","og_site_name":"Iluteeninduskoolide kursused","article_modified_time":"2020-08-31T06:59:49+00:00","schema":{"@context":"https:\/\/schema.org","@graph":[{"@type":"WebPage","@id":"https:\/\/iluteeninduskool.ee\/fi\/yhteystiedot\/","url":"https:\/\/iluteeninduskool.ee\/fi\/yhteystiedot\/","name":"Yhteystiedot - Iluteeninduskoolide kursused","isPartOf":{"@id":"https:\/\/iluteeninduskool.ee\/#website"},"datePublished":"2013-03-21T12:47:15+00:00","dateModified":"2020-08-31T06:59:49+00:00","inLanguage":"fi","potentialAction":[{"@type":"ReadAction","target":["https:\/\/iluteeninduskool.ee\/fi\/yhteystiedot\/"]}]},{"@type":"WebSite","@id":"https:\/\/iluteeninduskool.ee\/#website","url":"https:\/\/iluteeninduskool.ee\/","name":"Iluteeninduskoolide kursused","description":"K\u00f5ik iluteenustega seotud kursused \u00fchest kohast","publisher":{"@id":"https:\/\/iluteeninduskool.ee\/#organization"},"potentialAction":[{"@type":"SearchAction","target":{"@type":"EntryPoint","urlTemplate":"https:\/\/iluteeninduskool.ee\/?s={search_term_string}"},"query-input":{"@type":"PropertyValueSpecification","valueRequired":true,"valueName":"search_term_string"}}],"inLanguage":"fi"},{"@type":"Organization","@id":"https:\/\/iluteeninduskool.ee\/#organization","name":"Iluteeninduskoolide kursused","url":"https:\/\/iluteeninduskool.ee\/","logo":{"@type":"ImageObject","inLanguage":"fi","@id":"https:\/\/iluteeninduskool.ee\/#\/schema\/logo\/image\/","url":"https:\/\/iluteeninduskool.ee\/wp-content\/uploads\/2013\/03\/logo11.png","contentUrl":"https:\/\/iluteeninduskool.ee\/wp-content\/uploads\/2013\/03\/logo11.png","width":225,"height":110,"caption":"Iluteeninduskoolide kursused"},"image":{"@id":"https:\/\/iluteeninduskool.ee\/#\/schema\/logo\/image\/"}}]}},"_links":{"self":[{"href":"https:\/\/iluteeninduskool.ee\/fi\/wp-json\/wp\/v2\/pages\/442","targetHints":{"allow":["GET"]}}],"collection":[{"href":"https:\/\/iluteeninduskool.ee\/fi\/wp-json\/wp\/v2\/pages"}],"about":[{"href":"https:\/\/iluteeninduskool.ee\/fi\/wp-json\/wp\/v2\/types\/page"}],"author":[{"embeddable":true,"href":"https:\/\/iluteeninduskool.ee\/fi\/wp-json\/wp\/v2\/users\/10"}],"replies":[{"embeddable":true,"href":"https:\/\/iluteeninduskool.ee\/fi\/wp-json\/wp\/v2\/comments?post=442"}],"version-history":[{"count":5,"href":"https:\/\/iluteeninduskool.ee\/fi\/wp-json\/wp\/v2\/pages\/442\/revisions"}],"predecessor-version":[{"id":6744,"href":"https:\/\/iluteeninduskool.ee\/fi\/wp-json\/wp\/v2\/pages\/442\/revisions\/6744"}],"wp:attachment":[{"href":"https:\/\/iluteeninduskool.ee\/fi\/wp-json\/wp\/v2\/media?parent=442"}],"curies":[{"name":"wp","href":"https:\/\/api.w.org\/{rel}","templated":true}]}}