{"id":572,"date":"2013-03-27T17:24:05","date_gmt":"2013-03-27T15:24:05","guid":{"rendered":"http:\/\/www.iluteeninduskoolid.ee\/?page_id=572"},"modified":"2013-03-27T17:50:28","modified_gmt":"2013-03-27T15:50:28","slug":"mestarin-hinnat","status":"publish","type":"page","link":"https:\/\/iluteeninduskool.ee\/fi\/mestarin-hinnat\/","title":{"rendered":"Mestarin hinnasto"},"content":{"rendered":"<h3>\u00a0Mestarin hinnasto<\/h3>\n<table border=\"1\" cellspacing=\"0\" cellpadding=\"0\">\n<tbody>\n<tr>\n<td valign=\"top\" width=\"431\">Naiset<\/td>\n<td valign=\"top\" width=\"106\"><strong>Hind(Eur)<\/strong><\/td>\n<\/tr>\n<tr>\n<td valign=\"top\" width=\"431\">Naisten hiusten leikkaus (ilman pesua)<\/td>\n<td valign=\"top\" width=\"106\"><strong>10.00<\/strong><\/td>\n<\/tr>\n<tr>\n<td valign=\"top\" width=\"431\">Naisten hiusten leikkaus (pesu + leikkaus)<\/td>\n<td valign=\"top\" width=\"106\"><strong>15.00<\/strong><\/td>\n<\/tr>\n<tr>\n<td valign=\"top\" width=\"431\">Naisten hiusten leikkaus (pesu + leikkaus + f\u00f6\u00f6naus)<\/td>\n<td valign=\"top\" width=\"106\"><strong>20.00<\/strong><\/td>\n<\/tr>\n<tr>\n<td valign=\"top\" width=\"431\">Otsatukanleikkaus<\/td>\n<td valign=\"top\" width=\"106\"><strong>5.00<\/strong><\/td>\n<\/tr>\n<tr>\n<td valign=\"top\" width=\"431\">Hiusten tasoitus (ilman pesua)<\/td>\n<td valign=\"top\" width=\"106\"><strong>5.00<\/strong><\/td>\n<\/tr>\n<tr>\n<td valign=\"top\" width=\"431\">Hiusten pesu ja kuivaus<\/td>\n<td valign=\"top\" width=\"106\"><strong>6.00<\/strong><\/td>\n<\/tr>\n<tr>\n<td valign=\"top\" width=\"431\">Hiusten pesu ja f\u00f6\u00f6nikampaus (lyhyet hiukset)<\/td>\n<td valign=\"top\" width=\"106\"><strong>8.00<\/strong><\/td>\n<\/tr>\n<tr>\n<td valign=\"top\" width=\"431\">Hiusten pesu ja f\u00f6\u00f6nikampaus (pitk\u00e4t hiukset)<\/td>\n<td valign=\"top\" width=\"106\"><strong>13.00<\/strong><\/td>\n<\/tr>\n<tr>\n<td valign=\"top\" width=\"431\">Rullaus lyhyet\/puoli\/ pitkat hiuksed<\/td>\n<td valign=\"top\" width=\"106\"><strong>13\/16\/20<\/strong><\/td>\n<\/tr>\n<tr>\n<td valign=\"top\" width=\"431\">Juhlakampaus lyhyet \/ pitkat hiuksed<\/td>\n<td valign=\"top\" width=\"106\"><strong>15\/25<\/strong><\/td>\n<\/tr>\n<tr>\n<td valign=\"top\" width=\"431\">Pihdeill\u00e4 kampauksen tekeminen \/ Silitys\/ keski pitkat\/ pitkat hiuksed<\/td>\n<td valign=\"top\" width=\"106\"><strong>13\/16<\/strong><\/td>\n<\/tr>\n<tr>\n<td valign=\"top\" width=\"431\">Yhden letti letitys<\/td>\n<td valign=\"top\" width=\"106\"><strong>2.00<\/strong><\/td>\n<\/tr>\n<tr>\n<td valign=\"top\" width=\"431\">Letit letitys (osittain)<\/td>\n<td valign=\"top\" width=\"106\"><strong>6.00<\/strong><\/td>\n<\/tr>\n<tr>\n<td valign=\"top\" width=\"431\">Letit letitys (koko p\u00e4\u00e4)<\/td>\n<td valign=\"top\" width=\"106\"><strong>10.00<\/strong><\/td>\n<\/tr>\n<tr>\n<td valign=\"top\" width=\"431\">Miesten hiusten leikkaus (vain koneeseen)<\/td>\n<td valign=\"top\" width=\"106\"><strong>8.00<\/strong><\/td>\n<\/tr>\n<tr>\n<td valign=\"top\" width=\"431\">Miesten hiusten leikkaus (koneen ja saksilla)<\/td>\n<td valign=\"top\" width=\"106\"><strong>10.00<\/strong><\/td>\n<\/tr>\n<tr>\n<td valign=\"top\" width=\"431\">Parran rajoittaminen<\/td>\n<td valign=\"top\" width=\"106\"><strong>3\/8<\/strong><\/td>\n<\/tr>\n<tr>\n<td valign=\"top\" width=\"431\">Lasten hiusten leikkaus<\/td>\n<td valign=\"top\" width=\"106\"><strong>7.00<\/strong><\/td>\n<\/tr>\n<tr>\n<td valign=\"top\" width=\"431\">Hiusten hoito aktiivmaskiga (lyhyet hiukset)<\/td>\n<td valign=\"top\" width=\"106\"><strong>5.00<\/strong><\/td>\n<\/tr>\n<tr>\n<td valign=\"top\" width=\"431\">Hiusten hoito aktiivmaskiga (pitk\u00e4t hiukset)<\/td>\n<td valign=\"top\" width=\"106\"><strong>7.00<\/strong><\/td>\n<\/tr>\n<tr>\n<td valign=\"top\" width=\"431\">Permanentti Osittainen<\/td>\n<td valign=\"top\" width=\"106\"><strong>20.00<\/strong><\/td>\n<\/tr>\n<tr>\n<td valign=\"top\" width=\"431\">Lyhyet hiukset<\/td>\n<td valign=\"top\" width=\"106\"><strong>23.00<\/strong><\/td>\n<\/tr>\n<tr>\n<td valign=\"top\" width=\"431\">Puolipitk\u00e4t hiukset (alasp\u00e4in harteille)<\/td>\n<td valign=\"top\" width=\"106\"><strong>26.00<\/strong><\/td>\n<\/tr>\n<tr>\n<td valign=\"top\" width=\"431\">Pitk\u00e4t hiukset<\/td>\n<td valign=\"top\" width=\"106\"><strong>32.00<\/strong><\/td>\n<\/tr>\n<tr>\n<td valign=\"top\" width=\"431\">Eritt\u00e4in pitk\u00e4t hiukset<\/td>\n<td valign=\"top\" width=\"106\"><strong>38.00<\/strong><\/td>\n<\/tr>\n<tr>\n<td valign=\"top\" width=\"431\">V\u00e4rj\u00e4yksen\u00a0palvelun hinta Lyhyet ja keskipitk\u00e4t<\/td>\n<td valign=\"top\" width=\"106\"><strong>15.00<\/strong><\/td>\n<\/tr>\n<tr>\n<td valign=\"top\" width=\"431\">Pitk\u00e4t ja eritt\u00e4in pitk\u00e4t hiukset<\/td>\n<td valign=\"top\" width=\"106\"><strong>20.00<\/strong><\/td>\n<\/tr>\n<tr>\n<td valign=\"top\" width=\"431\">Raidat \/ raidat (osittain)<\/td>\n<td valign=\"top\" width=\"106\"><strong>15.00<\/strong><\/td>\n<\/tr>\n<tr>\n<td valign=\"top\" width=\"431\">Raidat \/ raidat (koko p\u00e4\u00e4)<\/td>\n<td valign=\"top\" width=\"106\"><strong>20.00<\/strong><\/td>\n<\/tr>\n<tr>\n<td valign=\"top\" width=\"431\">\u00a0Kasvun v\u00e4rjaus +leikaus+ f\u00f6\u00f6naus<\/td>\n<td valign=\"top\" width=\"106\"><span style=\"color: #000000;\">\u00a0<strong>35.00<\/strong><\/span><\/td>\n<\/tr>\n<\/tbody>\n<\/table>\n<p>&nbsp;<\/p>\n<table border=\"1\" cellspacing=\"0\" cellpadding=\"0\">\n<tbody>\n<tr>\n<td valign=\"top\" width=\"100%\">Hiusten v\u00e4ri hinnat grammoina (lis\u00e4\u00e4ntyy palvelun hinta)<\/td>\n<\/tr>\n<\/tbody>\n<\/table>\n<p>&nbsp;<\/p>\n<table border=\"1\" cellspacing=\"0\" cellpadding=\"0\">\n<tbody>\n<tr>\n<td valign=\"top\" width=\"16%\"><em>5g<\/em><\/td>\n<td valign=\"top\" width=\"16%\"><strong>3.00 Eur<\/strong><\/td>\n<td valign=\"top\" width=\"16%\"><em>40g<\/em><\/td>\n<td valign=\"top\" width=\"16%\"><strong>7.00<\/strong><\/td>\n<td valign=\"top\" width=\"16%\"><em>80g<\/em><\/td>\n<td valign=\"top\" width=\"16%\"><strong>13.00<\/strong><\/td>\n<\/tr>\n<tr>\n<td valign=\"top\" width=\"16%\"><em>10g<\/em><\/td>\n<td valign=\"top\" width=\"16%\"><strong>4.00<\/strong><\/td>\n<td valign=\"top\" width=\"16%\"><em>50g<\/em><\/td>\n<td valign=\"top\" width=\"16%\"><strong>8.00<\/strong><\/td>\n<td valign=\"top\" width=\"16%\"><em>90g<\/em><\/td>\n<td valign=\"top\" width=\"16%\"><strong>16.00<\/strong><\/td>\n<\/tr>\n<tr>\n<td valign=\"top\" width=\"16%\"><em>20g<\/em><\/td>\n<td valign=\"top\" width=\"16%\"><strong>5.00<\/strong><\/td>\n<td valign=\"top\" width=\"16%\"><em>60g<\/em><\/td>\n<td valign=\"top\" width=\"16%\"><strong>9.00<\/strong><\/td>\n<td valign=\"top\" width=\"16%\"><em>100g<\/em><\/td>\n<td valign=\"top\" width=\"16%\"><strong>18.00<\/strong><\/td>\n<\/tr>\n<tr>\n<td valign=\"top\" width=\"16%\"><em>30g<\/em><\/td>\n<td valign=\"top\" width=\"16%\"><strong>6.00<\/strong><\/td>\n<td valign=\"top\" width=\"16%\"><em>70g<\/em><\/td>\n<td valign=\"top\" width=\"16%\"><strong>11.00<\/strong><\/td>\n<td valign=\"top\" width=\"16%\"><em>110g<\/em><\/td>\n<td valign=\"top\" width=\"16%\"><strong>20.00<\/strong><\/td>\n<\/tr>\n<tr>\n<td valign=\"top\" width=\"16%\">\u00a0<\/td>\n<td valign=\"top\" width=\"16%\">\u00a0<\/td>\n<td valign=\"top\" width=\"16%\">\u00a0<\/td>\n<td valign=\"top\" width=\"16%\">\u00a0<\/td>\n<td valign=\"top\" width=\"16%\"><em>120g<\/em><\/td>\n<td valign=\"top\" width=\"16%\"><strong>21.00<\/strong><\/td>\n<\/tr>\n<\/tbody>\n<\/table>\n<p>&nbsp;<\/p>\n<table border=\"1\" cellspacing=\"0\" cellpadding=\"0\">\n<tbody>\n<tr>\n<td valign=\"top\" width=\"50%\">\u00a0Maalinpoistoaineen (ei sis\u00e4ll\u00e4 pesu<br \/>\nja kuivauksen)<\/td>\n<td valign=\"top\" width=\"50%\"><strong>20.00 eur<\/strong><\/td>\n<\/tr>\n<tr>\n<td valign=\"top\" width=\"50%\">Blond.pulber \/ pasta<\/td>\n<td valign=\"top\" width=\"50%\"><strong>10g \u2013 4.00eur\u00a0<\/strong><strong>15g \u2013 6.00 eur<\/strong><\/td>\n<\/tr>\n<\/tbody>\n<\/table>\n<p>&nbsp;<\/p>\n<p>Tarjous hinnat!<\/p>\n<p>Lootsi 10, Tallinn<br \/>\nTelefon: +372 6 801665<br \/>\nGSM: +372 55 253 38<br \/>\ne-mail:\u00a0<a href=\"mailto:info@iluteeninduskool.ee\">info@iluteeninduskool.ee<\/a><\/p>\n","protected":false},"excerpt":{"rendered":"<p>\u00a0Mestarin hinnasto Naiset Hind(Eur) Naisten hiusten leikkaus (ilman pesua) 10.00 Naisten hiusten leikkaus (pesu + leikkaus) 15.00 Naisten hiusten leikkaus (pesu + leikkaus + f\u00f6\u00f6naus) 20.00 Otsatukanleikkaus 5.00 Hiusten tasoitus (ilman pesua) 5.00 Hiusten pesu ja kuivaus 6.00 Hiusten pesu ja f\u00f6\u00f6nikampaus (lyhyet hiukset) 8.00 Hiusten pesu ja f\u00f6\u00f6nikampaus (pitk\u00e4t hiukset) 13.00 Rullaus lyhyet\/puoli\/ pitkat [&hellip;]<\/p>\n","protected":false},"author":4,"featured_media":0,"parent":0,"menu_order":0,"comment_status":"closed","ping_status":"closed","template":"","meta":{"ocean_post_layout":"","ocean_both_sidebars_style":"","ocean_both_sidebars_content_width":0,"ocean_both_sidebars_sidebars_width":0,"ocean_sidebar":"","ocean_second_sidebar":"","ocean_disable_margins":"enable","ocean_add_body_class":"","ocean_shortcode_before_top_bar":"","ocean_shortcode_after_top_bar":"","ocean_shortcode_before_header":"","ocean_shortcode_after_header":"","ocean_has_shortcode":"","ocean_shortcode_after_title":"","ocean_shortcode_before_footer_widgets":"","ocean_shortcode_after_footer_widgets":"","ocean_shortcode_before_footer_bottom":"","ocean_shortcode_after_footer_bottom":"","ocean_display_top_bar":"default","ocean_display_header":"default","ocean_header_style":"","ocean_center_header_left_menu":"","ocean_custom_header_template":"","ocean_custom_logo":0,"ocean_custom_retina_logo":0,"ocean_custom_logo_max_width":0,"ocean_custom_logo_tablet_max_width":0,"ocean_custom_logo_mobile_max_width":0,"ocean_custom_logo_max_height":0,"ocean_custom_logo_tablet_max_height":0,"ocean_custom_logo_mobile_max_height":0,"ocean_header_custom_menu":"","ocean_menu_typo_font_family":"","ocean_menu_typo_font_subset":"","ocean_menu_typo_font_size":0,"ocean_menu_typo_font_size_tablet":0,"ocean_menu_typo_font_size_mobile":0,"ocean_menu_typo_font_size_unit":"px","ocean_menu_typo_font_weight":"","ocean_menu_typo_font_weight_tablet":"","ocean_menu_typo_font_weight_mobile":"","ocean_menu_typo_transform":"","ocean_menu_typo_transform_tablet":"","ocean_menu_typo_transform_mobile":"","ocean_menu_typo_line_height":0,"ocean_menu_typo_line_height_tablet":0,"ocean_menu_typo_line_height_mobile":0,"ocean_menu_typo_line_height_unit":"","ocean_menu_typo_spacing":0,"ocean_menu_typo_spacing_tablet":0,"ocean_menu_typo_spacing_mobile":0,"ocean_menu_typo_spacing_unit":"","ocean_menu_link_color":"","ocean_menu_link_color_hover":"","ocean_menu_link_color_active":"","ocean_menu_link_background":"","ocean_menu_link_hover_background":"","ocean_menu_link_active_background":"","ocean_menu_social_links_bg":"","ocean_menu_social_hover_links_bg":"","ocean_menu_social_links_color":"","ocean_menu_social_hover_links_color":"","ocean_disable_title":"default","ocean_disable_heading":"default","ocean_post_title":"","ocean_post_subheading":"","ocean_post_title_style":"","ocean_post_title_background_color":"","ocean_post_title_background":0,"ocean_post_title_bg_image_position":"","ocean_post_title_bg_image_attachment":"","ocean_post_title_bg_image_repeat":"","ocean_post_title_bg_image_size":"","ocean_post_title_height":0,"ocean_post_title_bg_overlay":0.5,"ocean_post_title_bg_overlay_color":"","ocean_disable_breadcrumbs":"default","ocean_breadcrumbs_color":"","ocean_breadcrumbs_separator_color":"","ocean_breadcrumbs_links_color":"","ocean_breadcrumbs_links_hover_color":"","ocean_display_footer_widgets":"default","ocean_display_footer_bottom":"default","ocean_custom_footer_template":"","osh_disable_topbar_sticky":"default","osh_disable_header_sticky":"default","osh_sticky_header_style":"default","osh_sticky_header_effect":"","osh_custom_sticky_logo":0,"osh_custom_retina_sticky_logo":0,"osh_custom_sticky_logo_height":0,"osh_background_color":"","osh_links_color":"","osh_links_hover_color":"","osh_links_active_color":"","osh_links_bg_color":"","osh_links_hover_bg_color":"","osh_links_active_bg_color":"","osh_menu_social_links_color":"","osh_menu_social_hover_links_color":"","footnotes":""},"class_list":["post-572","page","type-page","status-publish","hentry","entry","owp-thumbs-layout-horizontal","owp-btn-normal","owp-tabs-layout-horizontal","has-no-thumbnails","circle-sale"],"yoast_head":"<!-- This site is optimized with the Yoast SEO plugin v27.4 - https:\/\/yoast.com\/product\/yoast-seo-wordpress\/ -->\n<title>Mestarin hinnasto - Iluteeninduskoolide kursused<\/title>\n<meta name=\"robots\" content=\"index, follow, max-snippet:-1, max-image-preview:large, max-video-preview:-1\" \/>\n<link rel=\"canonical\" href=\"https:\/\/iluteeninduskool.ee\/fi\/mestarin-hinnat\/\" \/>\n<meta property=\"og:locale\" content=\"fi_FI\" \/>\n<meta property=\"og:type\" content=\"article\" \/>\n<meta property=\"og:title\" content=\"Mestarin hinnasto - Iluteeninduskoolide kursused\" \/>\n<meta property=\"og:description\" content=\"\u00a0Mestarin hinnasto Naiset Hind(Eur) Naisten hiusten leikkaus (ilman pesua) 10.00 Naisten hiusten leikkaus (pesu + leikkaus) 15.00 Naisten hiusten leikkaus (pesu + leikkaus + f\u00f6\u00f6naus) 20.00 Otsatukanleikkaus 5.00 Hiusten tasoitus (ilman pesua) 5.00 Hiusten pesu ja kuivaus 6.00 Hiusten pesu ja f\u00f6\u00f6nikampaus (lyhyet hiukset) 8.00 Hiusten pesu ja f\u00f6\u00f6nikampaus (pitk\u00e4t hiukset) 13.00 Rullaus lyhyet\/puoli\/ pitkat [&hellip;]\" \/>\n<meta property=\"og:url\" content=\"https:\/\/iluteeninduskool.ee\/fi\/mestarin-hinnat\/\" \/>\n<meta property=\"og:site_name\" content=\"Iluteeninduskoolide kursused\" \/>\n<meta property=\"article:modified_time\" content=\"2013-03-27T15:50:28+00:00\" \/>\n<meta name=\"twitter:label1\" content=\"Arvioitu lukuaika\" \/>\n\t<meta name=\"twitter:data1\" content=\"1 minuutti\" \/>\n<script type=\"application\/ld+json\" class=\"yoast-schema-graph\">{\"@context\":\"https:\\\/\\\/schema.org\",\"@graph\":[{\"@type\":\"WebPage\",\"@id\":\"https:\\\/\\\/iluteeninduskool.ee\\\/fi\\\/mestarin-hinnat\\\/\",\"url\":\"https:\\\/\\\/iluteeninduskool.ee\\\/fi\\\/mestarin-hinnat\\\/\",\"name\":\"Mestarin hinnasto - Iluteeninduskoolide kursused\",\"isPartOf\":{\"@id\":\"https:\\\/\\\/iluteeninduskool.ee\\\/#website\"},\"datePublished\":\"2013-03-27T15:24:05+00:00\",\"dateModified\":\"2013-03-27T15:50:28+00:00\",\"inLanguage\":\"fi\",\"potentialAction\":[{\"@type\":\"ReadAction\",\"target\":[\"https:\\\/\\\/iluteeninduskool.ee\\\/fi\\\/mestarin-hinnat\\\/\"]}]},{\"@type\":\"WebSite\",\"@id\":\"https:\\\/\\\/iluteeninduskool.ee\\\/#website\",\"url\":\"https:\\\/\\\/iluteeninduskool.ee\\\/\",\"name\":\"Iluteeninduskoolide kursused\",\"description\":\"K\u00f5ik iluteenustega seotud kursused \u00fchest kohast\",\"publisher\":{\"@id\":\"https:\\\/\\\/iluteeninduskool.ee\\\/#organization\"},\"potentialAction\":[{\"@type\":\"SearchAction\",\"target\":{\"@type\":\"EntryPoint\",\"urlTemplate\":\"https:\\\/\\\/iluteeninduskool.ee\\\/?s={search_term_string}\"},\"query-input\":{\"@type\":\"PropertyValueSpecification\",\"valueRequired\":true,\"valueName\":\"search_term_string\"}}],\"inLanguage\":\"fi\"},{\"@type\":\"Organization\",\"@id\":\"https:\\\/\\\/iluteeninduskool.ee\\\/#organization\",\"name\":\"Iluteeninduskoolide kursused\",\"url\":\"https:\\\/\\\/iluteeninduskool.ee\\\/\",\"logo\":{\"@type\":\"ImageObject\",\"inLanguage\":\"fi\",\"@id\":\"https:\\\/\\\/iluteeninduskool.ee\\\/#\\\/schema\\\/logo\\\/image\\\/\",\"url\":\"https:\\\/\\\/iluteeninduskool.ee\\\/wp-content\\\/uploads\\\/2013\\\/03\\\/logo11.png\",\"contentUrl\":\"https:\\\/\\\/iluteeninduskool.ee\\\/wp-content\\\/uploads\\\/2013\\\/03\\\/logo11.png\",\"width\":225,\"height\":110,\"caption\":\"Iluteeninduskoolide kursused\"},\"image\":{\"@id\":\"https:\\\/\\\/iluteeninduskool.ee\\\/#\\\/schema\\\/logo\\\/image\\\/\"}}]}<\/script>\n<!-- \/ Yoast SEO plugin. -->","yoast_head_json":{"title":"Mestarin hinnasto - Iluteeninduskoolide kursused","robots":{"index":"index","follow":"follow","max-snippet":"max-snippet:-1","max-image-preview":"max-image-preview:large","max-video-preview":"max-video-preview:-1"},"canonical":"https:\/\/iluteeninduskool.ee\/fi\/mestarin-hinnat\/","og_locale":"fi_FI","og_type":"article","og_title":"Mestarin hinnasto - Iluteeninduskoolide kursused","og_description":"\u00a0Mestarin hinnasto Naiset Hind(Eur) Naisten hiusten leikkaus (ilman pesua) 10.00 Naisten hiusten leikkaus (pesu + leikkaus) 15.00 Naisten hiusten leikkaus (pesu + leikkaus + f\u00f6\u00f6naus) 20.00 Otsatukanleikkaus 5.00 Hiusten tasoitus (ilman pesua) 5.00 Hiusten pesu ja kuivaus 6.00 Hiusten pesu ja f\u00f6\u00f6nikampaus (lyhyet hiukset) 8.00 Hiusten pesu ja f\u00f6\u00f6nikampaus (pitk\u00e4t hiukset) 13.00 Rullaus lyhyet\/puoli\/ pitkat [&hellip;]","og_url":"https:\/\/iluteeninduskool.ee\/fi\/mestarin-hinnat\/","og_site_name":"Iluteeninduskoolide kursused","article_modified_time":"2013-03-27T15:50:28+00:00","twitter_misc":{"Arvioitu lukuaika":"1 minuutti"},"schema":{"@context":"https:\/\/schema.org","@graph":[{"@type":"WebPage","@id":"https:\/\/iluteeninduskool.ee\/fi\/mestarin-hinnat\/","url":"https:\/\/iluteeninduskool.ee\/fi\/mestarin-hinnat\/","name":"Mestarin hinnasto - Iluteeninduskoolide kursused","isPartOf":{"@id":"https:\/\/iluteeninduskool.ee\/#website"},"datePublished":"2013-03-27T15:24:05+00:00","dateModified":"2013-03-27T15:50:28+00:00","inLanguage":"fi","potentialAction":[{"@type":"ReadAction","target":["https:\/\/iluteeninduskool.ee\/fi\/mestarin-hinnat\/"]}]},{"@type":"WebSite","@id":"https:\/\/iluteeninduskool.ee\/#website","url":"https:\/\/iluteeninduskool.ee\/","name":"Iluteeninduskoolide kursused","description":"K\u00f5ik iluteenustega seotud kursused \u00fchest kohast","publisher":{"@id":"https:\/\/iluteeninduskool.ee\/#organization"},"potentialAction":[{"@type":"SearchAction","target":{"@type":"EntryPoint","urlTemplate":"https:\/\/iluteeninduskool.ee\/?s={search_term_string}"},"query-input":{"@type":"PropertyValueSpecification","valueRequired":true,"valueName":"search_term_string"}}],"inLanguage":"fi"},{"@type":"Organization","@id":"https:\/\/iluteeninduskool.ee\/#organization","name":"Iluteeninduskoolide kursused","url":"https:\/\/iluteeninduskool.ee\/","logo":{"@type":"ImageObject","inLanguage":"fi","@id":"https:\/\/iluteeninduskool.ee\/#\/schema\/logo\/image\/","url":"https:\/\/iluteeninduskool.ee\/wp-content\/uploads\/2013\/03\/logo11.png","contentUrl":"https:\/\/iluteeninduskool.ee\/wp-content\/uploads\/2013\/03\/logo11.png","width":225,"height":110,"caption":"Iluteeninduskoolide kursused"},"image":{"@id":"https:\/\/iluteeninduskool.ee\/#\/schema\/logo\/image\/"}}]}},"_links":{"self":[{"href":"https:\/\/iluteeninduskool.ee\/fi\/wp-json\/wp\/v2\/pages\/572","targetHints":{"allow":["GET"]}}],"collection":[{"href":"https:\/\/iluteeninduskool.ee\/fi\/wp-json\/wp\/v2\/pages"}],"about":[{"href":"https:\/\/iluteeninduskool.ee\/fi\/wp-json\/wp\/v2\/types\/page"}],"author":[{"embeddable":true,"href":"https:\/\/iluteeninduskool.ee\/fi\/wp-json\/wp\/v2\/users\/4"}],"replies":[{"embeddable":true,"href":"https:\/\/iluteeninduskool.ee\/fi\/wp-json\/wp\/v2\/comments?post=572"}],"version-history":[{"count":5,"href":"https:\/\/iluteeninduskool.ee\/fi\/wp-json\/wp\/v2\/pages\/572\/revisions"}],"predecessor-version":[{"id":578,"href":"https:\/\/iluteeninduskool.ee\/fi\/wp-json\/wp\/v2\/pages\/572\/revisions\/578"}],"wp:attachment":[{"href":"https:\/\/iluteeninduskool.ee\/fi\/wp-json\/wp\/v2\/media?parent=572"}],"curies":[{"name":"wp","href":"https:\/\/api.w.org\/{rel}","templated":true}]}}