{"id":920,"date":"2013-09-18T08:10:01","date_gmt":"2013-09-18T06:10:01","guid":{"rendered":"http:\/\/www.iluteeninduskoolid.ee\/?page_id=920"},"modified":"2016-10-30T18:22:07","modified_gmt":"2016-10-30T16:22:07","slug":"920-2","status":"publish","type":"page","link":"https:\/\/iluteeninduskool.ee\/fi\/920-2\/","title":{"rendered":"TARJOUS!"},"content":{"rendered":"<p style=\"text-align: center;\" align=\"center\"><span style=\"background-color: #ffff99; color: #ff0000; font-size: xx-large;\"><b><br \/>\n<span style=\"color: #3366ff;\">TARJOUS!<\/span><\/b><\/span><\/p>\n<h3><span style=\"color: #00ffff;\"><span style=\"color: #3366ff;\">Nannic Beautifying Energy = NBE radiofrekvenssihoito<\/span><\/span><\/h3>\n<h3><span style=\"color: #3366ff;\">Nannic radiofrekvenssihoito on menetelm\u00e4 jolla saadaa aikaan n\u00e4kyvi\u00e4 hoitotuloksia. Nannic radiofrekvenssihoitolaitteella pystyy hoitamaan sek\u00e4\u00a0kasvojen ett\u00e4 vartalon ihoa. Hoitokokemus on miellytt\u00e4v\u00e4\u00a0ja rentouttava.\u00a0 Nannic radiofrekvenssill\u00e4 voidaan hoitaa mm. velttoa ihoa, arpia, ruusufinni\u00e4, ryppyj\u00e4 ja selluliittia. \u00a0Nannic radiofrekvenssihoito on vaihtoehto t\u00e4yteainehoidoille sek\u00e4 plastiikkakirurgisille toimenpiteille.<\/span><\/h3>\n<h3><span style=\"color: #3366ff;\">Tarjous hinta 50\u20ac ( norm 85\u20ac). \u00a0\u00a0<\/span><\/h3>\n<p style=\"text-align: center;\" align=\"center\"><img decoding=\"async\" src=\"http:\/\/www.nannic.fi\/v3\/files\/t5Ja1Ucr68\/RF+yleiskuva.jpg\" \/><\/p>\n<p><span style=\"background-color: #ffff99; color: #ff0000; font-size: medium;\"><b><span style=\"color: #3366ff;\">PAKET<\/span><\/b><span style=\"color: #3366ff;\"><b>T<\/b><b>I 1\u00a0\u00a0\u00a0\u00a0\u00a0\u00a0\u00a0\u00a0\u00a0\u00a0\u00a0\u00a0\u00a0\u00a0\u00a0\u00a0\u00a0\u00a0\u00a0\u00a0\u00a0\u00a0\u00a0 <\/b><\/span><\/span><\/p>\n<p><span style=\"background-color: #ffff99; color: #3366ff; font-size: medium;\"><b>MANIKYYRI<\/b> <i>(<\/i><i>kynsien viilaus<\/i><i>, kynsinauhojen k\u00e4sittely, hieronta, <\/i><i>kynsien <\/i><i>lakkaus)<\/i><\/span><\/p>\n<p><span style=\"background-color: #ffff99; color: #3366ff; font-size: medium;\"><b>PEDIKYYRI<\/b> <i>(sarve<\/i><i>i<\/i><i>stumien<\/i><i> poistamine, <\/i><i>kynsien leikkaus ja viilaus, kynsinauhojen k\u00e4sittely<\/i><i>, hieronta, <\/i><i>kynsien <\/i><i>lakkaus)<\/i><\/span><\/p>\n<p align=\"center\"><span style=\"background-color: #ffff99; color: #3366ff; font-size: medium;\">+<\/span><\/p>\n<p align=\"center\"><span style=\"background-color: #ffff99; color: #3366ff; font-size: medium;\"><b>ILMAINEN PRAFIINIHOITO K\u00c4<\/b><b>SILLE TAI JALOILLE <\/b><\/span><\/p>\n<p align=\"center\"><span style=\"background-color: #ffff99; color: #3366ff; font-size: medium;\">HINTA 40 EUR<\/span><\/p>\n<p><span style=\"background-color: #ffff99; color: #3366ff; font-size: medium;\"><b>PAKET<\/b><b>T<\/b><b>I<\/b><b> <\/b><b>2 <\/b><\/span><\/p>\n<p><span style=\"background-color: #ffff99; color: #3366ff; font-size: medium;\"><b>PEDIKYYRI <\/b><i>(sarve<\/i><i>i<\/i><i>stumien<\/i><i> poistamine, <\/i><i>kynsien leikkaus ja viilaus, kynsinauhojen k\u00e4sittely<\/i><i>, hieronta,<\/i><i> kynsien<\/i><i> lakkaus)<\/i><\/span><\/p>\n<p><span style=\"background-color: #ffff99; color: #3366ff; font-size: medium;\"><b>\u00a0<\/b><\/span><\/p>\n<p><span style=\"background-color: #ffff99; color: #3366ff; font-size: medium;\"><b>KASVOHOITO <\/b>(<i>alkupuhdistus, kuorinta,<\/i><i> (tarvittaessa mekaaninen puhdistus)<\/i><i> hieronta, naamio, voide<\/i>).<\/span><\/p>\n<p><span style=\"background-color: #ffff99; color: #3366ff; font-size: medium;\">\u00a0<\/span><\/p>\n<p align=\"center\"><span style=\"background-color: #ffff99; color: #3366ff; font-size: medium;\">+<\/span><\/p>\n<p align=\"center\"><span style=\"background-color: #ffff99; color: #3366ff; font-size: medium;\"><b>ilmaiseksi <\/b><b>\u201d<\/b><b>SILKINPEHME\u00c4T K\u00c4DET<\/b><b>\u201d<\/b><\/span><\/p>\n<p align=\"center\"><span style=\"background-color: #ffff99; color: #3366ff; font-size: medium;\">( kylm\u00e4 parafiini, kuorinta, k\u00e4sivoide)<\/span><\/p>\n<p align=\"center\"><span style=\"background-color: #ffff99; color: #3366ff; font-size: medium;\">\u00a0<\/span><\/p>\n<p align=\"center\"><span style=\"background-color: #ffff99; color: #3366ff; font-size: medium;\">HINTA 52 EUR<\/span><\/p>\n<p><span style=\"background-color: #ffff99; color: #ff0000; font-size: medium;\">\u00a0<\/span><\/p>\n","protected":false},"excerpt":{"rendered":"<p>TARJOUS! Nannic Beautifying Energy = NBE radiofrekvenssihoito Nannic radiofrekvenssihoito on menetelm\u00e4 jolla saadaa aikaan n\u00e4kyvi\u00e4 hoitotuloksia. Nannic radiofrekvenssihoitolaitteella pystyy hoitamaan sek\u00e4\u00a0kasvojen ett\u00e4 vartalon ihoa. Hoitokokemus on miellytt\u00e4v\u00e4\u00a0ja rentouttava.\u00a0 Nannic radiofrekvenssill\u00e4 voidaan hoitaa mm. velttoa ihoa, arpia, ruusufinni\u00e4, ryppyj\u00e4 ja selluliittia. \u00a0Nannic radiofrekvenssihoito on vaihtoehto t\u00e4yteainehoidoille sek\u00e4 plastiikkakirurgisille toimenpiteille. Tarjous hinta 50\u20ac ( norm 85\u20ac). \u00a0\u00a0 [&hellip;]<\/p>\n","protected":false},"author":4,"featured_media":0,"parent":0,"menu_order":0,"comment_status":"closed","ping_status":"closed","template":"","meta":{"ocean_post_layout":"","ocean_both_sidebars_style":"","ocean_both_sidebars_content_width":0,"ocean_both_sidebars_sidebars_width":0,"ocean_sidebar":"","ocean_second_sidebar":"","ocean_disable_margins":"enable","ocean_add_body_class":"","ocean_shortcode_before_top_bar":"","ocean_shortcode_after_top_bar":"","ocean_shortcode_before_header":"","ocean_shortcode_after_header":"","ocean_has_shortcode":"","ocean_shortcode_after_title":"","ocean_shortcode_before_footer_widgets":"","ocean_shortcode_after_footer_widgets":"","ocean_shortcode_before_footer_bottom":"","ocean_shortcode_after_footer_bottom":"","ocean_display_top_bar":"default","ocean_display_header":"default","ocean_header_style":"","ocean_center_header_left_menu":"","ocean_custom_header_template":"","ocean_custom_logo":0,"ocean_custom_retina_logo":0,"ocean_custom_logo_max_width":0,"ocean_custom_logo_tablet_max_width":0,"ocean_custom_logo_mobile_max_width":0,"ocean_custom_logo_max_height":0,"ocean_custom_logo_tablet_max_height":0,"ocean_custom_logo_mobile_max_height":0,"ocean_header_custom_menu":"","ocean_menu_typo_font_family":"","ocean_menu_typo_font_subset":"","ocean_menu_typo_font_size":0,"ocean_menu_typo_font_size_tablet":0,"ocean_menu_typo_font_size_mobile":0,"ocean_menu_typo_font_size_unit":"px","ocean_menu_typo_font_weight":"","ocean_menu_typo_font_weight_tablet":"","ocean_menu_typo_font_weight_mobile":"","ocean_menu_typo_transform":"","ocean_menu_typo_transform_tablet":"","ocean_menu_typo_transform_mobile":"","ocean_menu_typo_line_height":0,"ocean_menu_typo_line_height_tablet":0,"ocean_menu_typo_line_height_mobile":0,"ocean_menu_typo_line_height_unit":"","ocean_menu_typo_spacing":0,"ocean_menu_typo_spacing_tablet":0,"ocean_menu_typo_spacing_mobile":0,"ocean_menu_typo_spacing_unit":"","ocean_menu_link_color":"","ocean_menu_link_color_hover":"","ocean_menu_link_color_active":"","ocean_menu_link_background":"","ocean_menu_link_hover_background":"","ocean_menu_link_active_background":"","ocean_menu_social_links_bg":"","ocean_menu_social_hover_links_bg":"","ocean_menu_social_links_color":"","ocean_menu_social_hover_links_color":"","ocean_disable_title":"default","ocean_disable_heading":"default","ocean_post_title":"","ocean_post_subheading":"","ocean_post_title_style":"","ocean_post_title_background_color":"","ocean_post_title_background":0,"ocean_post_title_bg_image_position":"","ocean_post_title_bg_image_attachment":"","ocean_post_title_bg_image_repeat":"","ocean_post_title_bg_image_size":"","ocean_post_title_height":0,"ocean_post_title_bg_overlay":0.5,"ocean_post_title_bg_overlay_color":"","ocean_disable_breadcrumbs":"default","ocean_breadcrumbs_color":"","ocean_breadcrumbs_separator_color":"","ocean_breadcrumbs_links_color":"","ocean_breadcrumbs_links_hover_color":"","ocean_display_footer_widgets":"default","ocean_display_footer_bottom":"default","ocean_custom_footer_template":"","osh_disable_topbar_sticky":"default","osh_disable_header_sticky":"default","osh_sticky_header_style":"default","osh_sticky_header_effect":"","osh_custom_sticky_logo":0,"osh_custom_retina_sticky_logo":0,"osh_custom_sticky_logo_height":0,"osh_background_color":"","osh_links_color":"","osh_links_hover_color":"","osh_links_active_color":"","osh_links_bg_color":"","osh_links_hover_bg_color":"","osh_links_active_bg_color":"","osh_menu_social_links_color":"","osh_menu_social_hover_links_color":"","footnotes":""},"class_list":["post-920","page","type-page","status-publish","hentry","entry","owp-thumbs-layout-horizontal","owp-btn-normal","owp-tabs-layout-horizontal","has-no-thumbnails","circle-sale"],"yoast_head":"<!-- This site is optimized with the Yoast SEO plugin v27.5 - https:\/\/yoast.com\/product\/yoast-seo-wordpress\/ -->\n<title>TARJOUS! - Iluteeninduskoolide kursused<\/title>\n<meta name=\"robots\" content=\"index, follow, max-snippet:-1, max-image-preview:large, max-video-preview:-1\" \/>\n<link rel=\"canonical\" href=\"https:\/\/iluteeninduskool.ee\/fi\/920-2\/\" \/>\n<meta property=\"og:locale\" content=\"fi_FI\" \/>\n<meta property=\"og:type\" content=\"article\" \/>\n<meta property=\"og:title\" content=\"TARJOUS! - Iluteeninduskoolide kursused\" \/>\n<meta property=\"og:description\" content=\"TARJOUS! Nannic Beautifying Energy = NBE radiofrekvenssihoito Nannic radiofrekvenssihoito on menetelm\u00e4 jolla saadaa aikaan n\u00e4kyvi\u00e4 hoitotuloksia. Nannic radiofrekvenssihoitolaitteella pystyy hoitamaan sek\u00e4\u00a0kasvojen ett\u00e4 vartalon ihoa. Hoitokokemus on miellytt\u00e4v\u00e4\u00a0ja rentouttava.\u00a0 Nannic radiofrekvenssill\u00e4 voidaan hoitaa mm. velttoa ihoa, arpia, ruusufinni\u00e4, ryppyj\u00e4 ja selluliittia. \u00a0Nannic radiofrekvenssihoito on vaihtoehto t\u00e4yteainehoidoille sek\u00e4 plastiikkakirurgisille toimenpiteille. Tarjous hinta 50\u20ac ( norm 85\u20ac). \u00a0\u00a0 [&hellip;]\" \/>\n<meta property=\"og:url\" content=\"https:\/\/iluteeninduskool.ee\/fi\/920-2\/\" \/>\n<meta property=\"og:site_name\" content=\"Iluteeninduskoolide kursused\" \/>\n<meta property=\"article:modified_time\" content=\"2016-10-30T16:22:07+00:00\" \/>\n<meta property=\"og:image\" content=\"http:\/\/www.nannic.fi\/v3\/files\/t5Ja1Ucr68\/RF+yleiskuva.jpg\" \/>\n<meta name=\"twitter:label1\" content=\"Arvioitu lukuaika\" \/>\n\t<meta name=\"twitter:data1\" content=\"1 minuutti\" \/>\n<script type=\"application\/ld+json\" class=\"yoast-schema-graph\">{\"@context\":\"https:\\\/\\\/schema.org\",\"@graph\":[{\"@type\":\"WebPage\",\"@id\":\"https:\\\/\\\/iluteeninduskool.ee\\\/fi\\\/920-2\\\/\",\"url\":\"https:\\\/\\\/iluteeninduskool.ee\\\/fi\\\/920-2\\\/\",\"name\":\"TARJOUS! - Iluteeninduskoolide kursused\",\"isPartOf\":{\"@id\":\"https:\\\/\\\/iluteeninduskool.ee\\\/#website\"},\"primaryImageOfPage\":{\"@id\":\"https:\\\/\\\/iluteeninduskool.ee\\\/fi\\\/920-2\\\/#primaryimage\"},\"image\":{\"@id\":\"https:\\\/\\\/iluteeninduskool.ee\\\/fi\\\/920-2\\\/#primaryimage\"},\"thumbnailUrl\":\"http:\\\/\\\/www.nannic.fi\\\/v3\\\/files\\\/t5Ja1Ucr68\\\/RF+yleiskuva.jpg\",\"datePublished\":\"2013-09-18T06:10:01+00:00\",\"dateModified\":\"2016-10-30T16:22:07+00:00\",\"inLanguage\":\"fi\",\"potentialAction\":[{\"@type\":\"ReadAction\",\"target\":[\"https:\\\/\\\/iluteeninduskool.ee\\\/fi\\\/920-2\\\/\"]}]},{\"@type\":\"ImageObject\",\"inLanguage\":\"fi\",\"@id\":\"https:\\\/\\\/iluteeninduskool.ee\\\/fi\\\/920-2\\\/#primaryimage\",\"url\":\"http:\\\/\\\/www.nannic.fi\\\/v3\\\/files\\\/t5Ja1Ucr68\\\/RF+yleiskuva.jpg\",\"contentUrl\":\"http:\\\/\\\/www.nannic.fi\\\/v3\\\/files\\\/t5Ja1Ucr68\\\/RF+yleiskuva.jpg\"},{\"@type\":\"WebSite\",\"@id\":\"https:\\\/\\\/iluteeninduskool.ee\\\/#website\",\"url\":\"https:\\\/\\\/iluteeninduskool.ee\\\/\",\"name\":\"Iluteeninduskoolide kursused\",\"description\":\"K\u00f5ik iluteenustega seotud kursused \u00fchest kohast\",\"publisher\":{\"@id\":\"https:\\\/\\\/iluteeninduskool.ee\\\/#organization\"},\"potentialAction\":[{\"@type\":\"SearchAction\",\"target\":{\"@type\":\"EntryPoint\",\"urlTemplate\":\"https:\\\/\\\/iluteeninduskool.ee\\\/?s={search_term_string}\"},\"query-input\":{\"@type\":\"PropertyValueSpecification\",\"valueRequired\":true,\"valueName\":\"search_term_string\"}}],\"inLanguage\":\"fi\"},{\"@type\":\"Organization\",\"@id\":\"https:\\\/\\\/iluteeninduskool.ee\\\/#organization\",\"name\":\"Iluteeninduskoolide kursused\",\"url\":\"https:\\\/\\\/iluteeninduskool.ee\\\/\",\"logo\":{\"@type\":\"ImageObject\",\"inLanguage\":\"fi\",\"@id\":\"https:\\\/\\\/iluteeninduskool.ee\\\/#\\\/schema\\\/logo\\\/image\\\/\",\"url\":\"https:\\\/\\\/iluteeninduskool.ee\\\/wp-content\\\/uploads\\\/2013\\\/03\\\/logo11.png\",\"contentUrl\":\"https:\\\/\\\/iluteeninduskool.ee\\\/wp-content\\\/uploads\\\/2013\\\/03\\\/logo11.png\",\"width\":225,\"height\":110,\"caption\":\"Iluteeninduskoolide kursused\"},\"image\":{\"@id\":\"https:\\\/\\\/iluteeninduskool.ee\\\/#\\\/schema\\\/logo\\\/image\\\/\"}}]}<\/script>\n<!-- \/ Yoast SEO plugin. -->","yoast_head_json":{"title":"TARJOUS! - Iluteeninduskoolide kursused","robots":{"index":"index","follow":"follow","max-snippet":"max-snippet:-1","max-image-preview":"max-image-preview:large","max-video-preview":"max-video-preview:-1"},"canonical":"https:\/\/iluteeninduskool.ee\/fi\/920-2\/","og_locale":"fi_FI","og_type":"article","og_title":"TARJOUS! - Iluteeninduskoolide kursused","og_description":"TARJOUS! Nannic Beautifying Energy = NBE radiofrekvenssihoito Nannic radiofrekvenssihoito on menetelm\u00e4 jolla saadaa aikaan n\u00e4kyvi\u00e4 hoitotuloksia. Nannic radiofrekvenssihoitolaitteella pystyy hoitamaan sek\u00e4\u00a0kasvojen ett\u00e4 vartalon ihoa. Hoitokokemus on miellytt\u00e4v\u00e4\u00a0ja rentouttava.\u00a0 Nannic radiofrekvenssill\u00e4 voidaan hoitaa mm. velttoa ihoa, arpia, ruusufinni\u00e4, ryppyj\u00e4 ja selluliittia. \u00a0Nannic radiofrekvenssihoito on vaihtoehto t\u00e4yteainehoidoille sek\u00e4 plastiikkakirurgisille toimenpiteille. Tarjous hinta 50\u20ac ( norm 85\u20ac). \u00a0\u00a0 [&hellip;]","og_url":"https:\/\/iluteeninduskool.ee\/fi\/920-2\/","og_site_name":"Iluteeninduskoolide kursused","article_modified_time":"2016-10-30T16:22:07+00:00","og_image":[{"url":"http:\/\/www.nannic.fi\/v3\/files\/t5Ja1Ucr68\/RF+yleiskuva.jpg","type":"","width":"","height":""}],"twitter_misc":{"Arvioitu lukuaika":"1 minuutti"},"schema":{"@context":"https:\/\/schema.org","@graph":[{"@type":"WebPage","@id":"https:\/\/iluteeninduskool.ee\/fi\/920-2\/","url":"https:\/\/iluteeninduskool.ee\/fi\/920-2\/","name":"TARJOUS! - Iluteeninduskoolide kursused","isPartOf":{"@id":"https:\/\/iluteeninduskool.ee\/#website"},"primaryImageOfPage":{"@id":"https:\/\/iluteeninduskool.ee\/fi\/920-2\/#primaryimage"},"image":{"@id":"https:\/\/iluteeninduskool.ee\/fi\/920-2\/#primaryimage"},"thumbnailUrl":"http:\/\/www.nannic.fi\/v3\/files\/t5Ja1Ucr68\/RF+yleiskuva.jpg","datePublished":"2013-09-18T06:10:01+00:00","dateModified":"2016-10-30T16:22:07+00:00","inLanguage":"fi","potentialAction":[{"@type":"ReadAction","target":["https:\/\/iluteeninduskool.ee\/fi\/920-2\/"]}]},{"@type":"ImageObject","inLanguage":"fi","@id":"https:\/\/iluteeninduskool.ee\/fi\/920-2\/#primaryimage","url":"http:\/\/www.nannic.fi\/v3\/files\/t5Ja1Ucr68\/RF+yleiskuva.jpg","contentUrl":"http:\/\/www.nannic.fi\/v3\/files\/t5Ja1Ucr68\/RF+yleiskuva.jpg"},{"@type":"WebSite","@id":"https:\/\/iluteeninduskool.ee\/#website","url":"https:\/\/iluteeninduskool.ee\/","name":"Iluteeninduskoolide kursused","description":"K\u00f5ik iluteenustega seotud kursused \u00fchest kohast","publisher":{"@id":"https:\/\/iluteeninduskool.ee\/#organization"},"potentialAction":[{"@type":"SearchAction","target":{"@type":"EntryPoint","urlTemplate":"https:\/\/iluteeninduskool.ee\/?s={search_term_string}"},"query-input":{"@type":"PropertyValueSpecification","valueRequired":true,"valueName":"search_term_string"}}],"inLanguage":"fi"},{"@type":"Organization","@id":"https:\/\/iluteeninduskool.ee\/#organization","name":"Iluteeninduskoolide kursused","url":"https:\/\/iluteeninduskool.ee\/","logo":{"@type":"ImageObject","inLanguage":"fi","@id":"https:\/\/iluteeninduskool.ee\/#\/schema\/logo\/image\/","url":"https:\/\/iluteeninduskool.ee\/wp-content\/uploads\/2013\/03\/logo11.png","contentUrl":"https:\/\/iluteeninduskool.ee\/wp-content\/uploads\/2013\/03\/logo11.png","width":225,"height":110,"caption":"Iluteeninduskoolide kursused"},"image":{"@id":"https:\/\/iluteeninduskool.ee\/#\/schema\/logo\/image\/"}}]}},"_links":{"self":[{"href":"https:\/\/iluteeninduskool.ee\/fi\/wp-json\/wp\/v2\/pages\/920","targetHints":{"allow":["GET"]}}],"collection":[{"href":"https:\/\/iluteeninduskool.ee\/fi\/wp-json\/wp\/v2\/pages"}],"about":[{"href":"https:\/\/iluteeninduskool.ee\/fi\/wp-json\/wp\/v2\/types\/page"}],"author":[{"embeddable":true,"href":"https:\/\/iluteeninduskool.ee\/fi\/wp-json\/wp\/v2\/users\/4"}],"replies":[{"embeddable":true,"href":"https:\/\/iluteeninduskool.ee\/fi\/wp-json\/wp\/v2\/comments?post=920"}],"version-history":[{"count":5,"href":"https:\/\/iluteeninduskool.ee\/fi\/wp-json\/wp\/v2\/pages\/920\/revisions"}],"predecessor-version":[{"id":2994,"href":"https:\/\/iluteeninduskool.ee\/fi\/wp-json\/wp\/v2\/pages\/920\/revisions\/2994"}],"wp:attachment":[{"href":"https:\/\/iluteeninduskool.ee\/fi\/wp-json\/wp\/v2\/media?parent=920"}],"curies":[{"name":"wp","href":"https:\/\/api.w.org\/{rel}","templated":true}]}}